{"id":1586,"date":"2017-09-29T23:30:57","date_gmt":"2017-09-29T21:30:57","guid":{"rendered":"http:\/\/pksbronze.at\/informationen\/die-idee\/"},"modified":"2025-08-28T14:33:45","modified_gmt":"2025-08-28T12:33:45","slug":"lidee","status":"publish","type":"page","link":"https:\/\/kupferspuren.at\/fr\/information\/lidee\/","title":{"rendered":"L&rsquo;id\u00e9e"},"content":{"rendered":"<p>L&rsquo;id\u00e9e de fabriquer des outils de jardinage en cuivre est aussi ancienne que l&rsquo;utilisation du cuivre lui-m\u00eame. En raison de la pr\u00e9dominance du fer et de l&rsquo;acier, le cuivre ou le bronze a perdu de son importance pour le travail de la terre. Au 20e si\u00e8cle, l&rsquo;id\u00e9e a toutefois \u00e9t\u00e9 reprise et \u00e9tudi\u00e9e plus en d\u00e9tail par <a href=\"http:\/\/www.pks.or.at\" target=\"_blank\" rel=\"noopener\">Viktor Schauberger et son fils Walter Schauberger<\/a>. Dans les ann\u00e9es 1950, plusieurs essais de plantation \u00e0 grande \u00e9chelle ont \u00e9t\u00e9 men\u00e9s sous leur direction, qui ont document\u00e9 dans l&rsquo;ensemble un rendement nettement sup\u00e9rieur gr\u00e2ce \u00e0 l&rsquo;utilisation d&rsquo;outils de travail du sol en alliage de cuivre.   <\/p>\n<h2>\u00c0 propos de nous<\/h2>\n<div id=\"c858\" class=\"csc-default\">\n<div class=\"csc-textpic csc-textpic-center csc-textpic-above\">\n<div class=\"csc-textpic-imagewrap csc-textpic-single-image\"><img loading=\"lazy\" decoding=\"async\" class=\"size-full wp-image-4160 alignleft\" src=\"https:\/\/kupferspuren.at\/wp-content\/uploads\/2018\/01\/Johannes_01.jpg\" alt=\"\" width=\"500\" height=\"375\"><\/div>\n<\/div>\n<div class=\"csc-textpic-clear\">En 1995, Johannes Stadler a pris connaissance des id\u00e9es de Viktor et Walter Schauberger et, en collaboration avec l&rsquo;association PKS (syst\u00e8me Pythagoras-Kepler selon Viktor et Walter Schauberger &#8211; \u00ab\u00a0Gesellschaft zur F\u00f6rderung naturgem\u00e4\u00dfer Technik\u00a0\u00bb<a class=\"external-link-new-window\" href=\"http:\/\/www.pks.or.at\/\" target=\"_blank\" rel=\"noopener\">(www.pks.or.at)<\/a> et le ferronnier d&rsquo;art Franz H\u00f6fler, il a commenc\u00e9 \u00e0 fabriquer et \u00e0 commercialiser une petite s\u00e9rie d&rsquo;outils de jardinage faits main en alliage de cuivre massif.<\/div>\n<\/div>\n<div id=\"c114\" class=\"csc-default\">\n<p>En 2008, apr\u00e8s le d\u00e9part \u00e0 la retraite de Franz H\u00f6fler, le savoir-faire en mati\u00e8re d&rsquo;outils et de moules de production a \u00e9t\u00e9 transmis \u00e0 Johannes Stadler et \u00e0 son \u00e9quipe. Ainsi, l&rsquo;assurance qualit\u00e9 et le d\u00e9veloppement des \u00ab\u00a0outils de jardinage en cuivre PKS\u00a0\u00bb ont pu \u00eatre garantis \u00e0 long terme. Le nom de l&rsquo;entreprise PKS Bronze a \u00e9t\u00e9 introduit.  <\/p>\n<p>Nous proposons aujourd&rsquo;hui plus de 30 outils de jardin diff\u00e9rents. Leur d\u00e9veloppement a \u00e9t\u00e9 et est toujours soutenu par les suggestions et les propositions de nos clients, et par la r\u00e9flexion progressive sur la durabilit\u00e9 et la pens\u00e9e globale. Nous nous effor\u00e7ons de proposer aux jardiniers du monde entier des outils fonctionnels, durables, faciles \u00e0 utiliser et esth\u00e9tiques.  <\/p>\n<p>Si vous \u00eates satisfait, n&rsquo;h\u00e9sitez pas \u00e0 nous recommander.<br \/>\nBon jardinage,<br \/>\nvous souhaite, <em>Johannes Stadler et son \u00e9quipe<\/em><\/p>\n<\/div>\n<div id=\"c114\" class=\"csc-default\">\n<div id=\"primary\" class=\"content-area\">\n<div id=\"post-343\" class=\"post-343 page type-page status-publish hentry\">\n<header class=\"entry-header\">\n<h2>PKS<\/h2>\n<h4><strong> Syst\u00e8me de<\/strong><strong>Pythagore<\/strong><strong> Kepler<\/strong><\/h4>\n<\/header>\n<div class=\"entry-content\">\n<div id=\"c111\" class=\"csc-default\">\n<p>Le forestier, naturaliste et inventeur Viktor Schauberger a acquis des connaissances avant-gardistes dans diff\u00e9rents domaines (sylviculture, agriculture, am\u00e9nagement et revitalisation des eaux, \u00e9nergie libre, etc.) et a laiss\u00e9 une vaste collection d&rsquo;\u00e9crits. Depuis des d\u00e9cennies, le centre de recherche de Schauberger se trouve \u00e0 la Villa Rothstein, Engleithen pr\u00e8s de Bad Ischl dans le Salzkammergut en Haute-Autriche. <\/p>\n<p>A l&rsquo;origine, les archives de Viktor Schauberger \u00e9taient g\u00e9r\u00e9es par son fils, le math\u00e9maticien et physicien Walter Schauberger. Il a d\u00e9velopp\u00e9 une intense activit\u00e9 d&rsquo;enseignement et de recherche. Walter Schauberger a harmonis\u00e9 les traductions math\u00e9matiques et physiques des observations de la nature et des th\u00e9ories de son p\u00e8re avec les connaissances harmoniques de Pythagore et de Johannes Kepler.<\/p>\n<p>Par respect pour ces grands scientifiques, Walter Schauberger a donn\u00e9 \u00e0 la maison le nom de <strong>PKS<\/strong> &#8211; <strong>Pythagoras<\/strong> <strong>Kepler<\/strong> <strong>School<\/strong>. Il a r\u00e9sum\u00e9 les r\u00e9sultats de ses recherches sous le terme PKS &#8211; Pythagoras Kepler System. <\/p>\n<p><strong>De nombreuses recherches et \u00e9tudes de Viktor Schauberger sur le travail du sol ont conduit \u00e0 la fabrication des outils de jardinage PKS, propos\u00e9s depuis 1996 par la soci\u00e9t\u00e9 Johannes Stadler \/ PKS Bronze-Gartenger\u00e4te en alliage de cuivre.<\/strong><\/p>\n<h4><strong>Pour en savoir plus sur Viktor et Walter Schauberger, voir : <\/strong><a href=\"http:\/\/www.pks.or.at\/\" target=\"_blank\" rel=\"noopener\"><strong>www.pks.or.at<\/strong><\/a><\/h4>\n<\/div>\n<div id=\"c1033\" class=\"csc-default\">\n<div class=\"csc-textpic csc-textpic-intext-right\">\n<p><img loading=\"lazy\" decoding=\"async\" class=\"alignnone size-full wp-image-4170\" src=\"https:\/\/kupferspuren.at\/wp-content\/uploads\/2018\/01\/logopks1.jpg\" alt=\"\" width=\"120\" height=\"109\"><\/p>\n<\/div>\n<\/div>\n<\/div>\n<\/div>\n<\/div>\n<\/div>\n<h2>Un nouvel \u00e2ge de bronze avec les outils de jardinage PKS<\/h2>\n<div id=\"c1561\" class=\"csc-default\">\n<div class=\"csc-textpic csc-textpic-center csc-textpic-above\">\n<div class=\"csc-textpic-imagewrap\">\n<dl class=\"csc-textpic-image csc-textpic-firstcol csc-textpic-lastcol\">\n<dt><img loading=\"lazy\" decoding=\"async\" class=\"alignnone size-full wp-image-4177\" src=\"https:\/\/kupferspuren.at\/wp-content\/uploads\/2018\/01\/Ga_Ib.jpg\" alt=\"\" width=\"600\" height=\"315\" srcset=\"https:\/\/kupferspuren.at\/wp-content\/uploads\/2018\/01\/Ga_Ib.jpg 600w, https:\/\/kupferspuren.at\/wp-content\/uploads\/2018\/01\/Ga_Ib-300x158.jpg 300w, https:\/\/kupferspuren.at\/wp-content\/uploads\/2018\/01\/Ga_Ib-416x218.jpg 416w\" sizes=\"auto, (max-width: 600px) 100vw, 600px\" \/><br \/>\nGaertner sur IBIZA<\/dt>\n<\/dl>\n<\/div>\n<\/div>\n<\/div>\n<div id=\"c101\" class=\"csc-default\">\n<p>Des essais cibl\u00e9s ont permis de d\u00e9montrer d\u00e8s les ann\u00e9es 50 que l&rsquo;utilisation d&rsquo;appareils en cuivre permettait d&rsquo;am\u00e9liorer sensiblement la qualit\u00e9 et le rendement des cultures. Le bio-technicien autrichien Viktor Schauberger a attribu\u00e9 cela au fait que le fer d\u00e9ploie ses effets n\u00e9gatifs dans la terre de jardin travaill\u00e9e. Selon lui, l&rsquo;usure m\u00e9canique des outils en fer fait p\u00e9n\u00e9trer des particules de fer dans le sol. Celles-ci forment un voile de rouille qui favorise le dess\u00e8chement du sol. Contrairement au fer, le cuivre n&rsquo;affecte pas non plus les tensions magn\u00e9tiques. Schauberger n&rsquo;a pas \u00e9t\u00e9 le premier \u00e0 s&rsquo;en rendre compte. En effet, des civilisations avanc\u00e9es telles que les Chinois de l&rsquo;ancien empire avaient d\u00e9j\u00e0, pendant des si\u00e8cles, syst\u00e9matiquement renonc\u00e9 au fer pour le travail du sol.      <\/p>\n<p>C&rsquo;est pourquoi on fabrique \u00e0 nouveau des outils de jardinage orient\u00e9s vers la nature, dans lesquels le cuivre remplace le fer comme mati\u00e8re premi\u00e8re.<\/p>\n<p>Seules les mati\u00e8res premi\u00e8res de la plus haute qualit\u00e9 sont utilis\u00e9es pour les outils de jardinage PKS, transform\u00e9es par des artisans selon des traditions ancestrales. Le bois de tilleul blanc et souple sert \u00e0 fabriquer le manche, tandis que le forgeron cr\u00e9e la pelle \u00e0 partir de cuivre battu \u00e0 froid. <\/p>\n<p>La qualit\u00e9 des mati\u00e8res premi\u00e8res et leur traitement garantissent une dur\u00e9e de vie extr\u00eame. Les outils de jardin PKS accompagnent leurs propri\u00e9taires pendant des d\u00e9cennies. <\/p>\n<h3>Minerais de cuivre<\/h3>\n<p>Le cuivre est naturellement pr\u00e9sent dans un sol sain. Les particules fines de cuivre influencent favorablement l&rsquo;\u00e9quilibre hydrique du sol et cr\u00e9ent ainsi les conditions d&rsquo;une v\u00e9g\u00e9tation vigoureuse. <\/p>\n<p>Les outils de jardinage PKS utilisent ce fait pour am\u00e9liorer le sol de mani\u00e8re douce et naturelle.<\/p>\n<h3>Oligo-\u00e9l\u00e9ments<\/h3>\n<p>Les plantes ont besoin d&rsquo;une grande vari\u00e9t\u00e9 d&rsquo;oligo-\u00e9l\u00e9ments pour une croissance \u00e9quilibr\u00e9e. M\u00eame des quantit\u00e9s microscopiques d&rsquo;oligo-\u00e9l\u00e9ments exercent des fonctions vitales dans les organismes, et cela vaut \u00e9galement pour l&rsquo;homme. Les outils de jardinage PKS garantissent la pr\u00e9sence d&rsquo;oligo-\u00e9l\u00e9ments de cuivre dans la terre de votre jardin.  <\/p>\n<\/div>\n<div id=\"c612\" class=\"csc-default\">\n<div class=\"csc-textpic csc-textpic-center csc-textpic-above\">\n<div class=\"csc-textpic-imagewrap csc-textpic-single-image\"><img loading=\"lazy\" decoding=\"async\" class=\"alignnone size-full wp-image-4181\" src=\"https:\/\/kupferspuren.at\/wp-content\/uploads\/2018\/01\/pkssiriusZucc.jpg\" alt=\"\" width=\"709\" height=\"532\" srcset=\"https:\/\/kupferspuren.at\/wp-content\/uploads\/2018\/01\/pkssiriusZucc.jpg 709w, https:\/\/kupferspuren.at\/wp-content\/uploads\/2018\/01\/pkssiriusZucc-300x225.jpg 300w, https:\/\/kupferspuren.at\/wp-content\/uploads\/2018\/01\/pkssiriusZucc-600x450.jpg 600w\" sizes=\"auto, (max-width: 709px) 100vw, 709px\" \/><\/div>\n<\/div>\n<\/div>\n","protected":false},"excerpt":{"rendered":"<p>L&rsquo;id\u00e9e de fabriquer des outils de jardinage en cuivre est aussi ancienne que l&rsquo;utilisation du cuivre lui-m\u00eame. En raison de la pr\u00e9dominance du fer et de l&rsquo;acier, le cuivre ou le bronze a perdu de son importance pour le travail de la terre. Au 20e si\u00e8cle, l&rsquo;id\u00e9e a toutefois \u00e9t\u00e9 reprise et \u00e9tudi\u00e9e plus en [&hellip;]<\/p>\n","protected":false},"author":820,"featured_media":0,"parent":1420,"menu_order":0,"comment_status":"closed","ping_status":"closed","template":"","meta":{"footnotes":""},"class_list":["post-1586","page","type-page","status-publish","hentry"],"_links":{"self":[{"href":"https:\/\/kupferspuren.at\/fr\/wp-json\/wp\/v2\/pages\/1586","targetHints":{"allow":["GET"]}}],"collection":[{"href":"https:\/\/kupferspuren.at\/fr\/wp-json\/wp\/v2\/pages"}],"about":[{"href":"https:\/\/kupferspuren.at\/fr\/wp-json\/wp\/v2\/types\/page"}],"author":[{"embeddable":true,"href":"https:\/\/kupferspuren.at\/fr\/wp-json\/wp\/v2\/users\/820"}],"replies":[{"embeddable":true,"href":"https:\/\/kupferspuren.at\/fr\/wp-json\/wp\/v2\/comments?post=1586"}],"version-history":[{"count":0,"href":"https:\/\/kupferspuren.at\/fr\/wp-json\/wp\/v2\/pages\/1586\/revisions"}],"up":[{"embeddable":true,"href":"https:\/\/kupferspuren.at\/fr\/wp-json\/wp\/v2\/pages\/1420"}],"wp:attachment":[{"href":"https:\/\/kupferspuren.at\/fr\/wp-json\/wp\/v2\/media?parent=1586"}],"curies":[{"name":"wp","href":"https:\/\/api.w.org\/{rel}","templated":true}]}}