{"id":1598,"date":"2017-09-27T09:42:51","date_gmt":"2017-09-27T07:42:51","guid":{"rendered":"http:\/\/pksbronze.at\/impressum\/"},"modified":"2025-11-12T09:14:42","modified_gmt":"2025-11-12T08:14:42","slug":"impressum","status":"publish","type":"page","link":"https:\/\/kupferspuren.at\/fr\/impressum\/","title":{"rendered":"Mentions l\u00e9gales"},"content":{"rendered":"\n<style type=\"text\/css\" data-created_by=\"avia_inline_auto\" id=\"style-css-av-luwsp8y5-0605acdadb68fadbd61552e0f4525676\">\n#top .av-special-heading.av-luwsp8y5-0605acdadb68fadbd61552e0f4525676{\npadding-bottom:10px;\nfont-size:24px;\n}\nbody .av-special-heading.av-luwsp8y5-0605acdadb68fadbd61552e0f4525676 .av-special-heading-tag .heading-char{\nfont-size:25px;\n}\n#top #wrap_all .av-special-heading.av-luwsp8y5-0605acdadb68fadbd61552e0f4525676 .av-special-heading-tag{\nfont-size:24px;\n}\n.av-special-heading.av-luwsp8y5-0605acdadb68fadbd61552e0f4525676 .av-subheading{\nfont-size:15px;\n}\n\n@media only screen and (min-width: 480px) and (max-width: 767px){ \n#top #wrap_all .av-special-heading.av-luwsp8y5-0605acdadb68fadbd61552e0f4525676 .av-special-heading-tag{\nfont-size:0.8em;\n}\n}\n\n@media only screen and (max-width: 479px){ \n#top #wrap_all .av-special-heading.av-luwsp8y5-0605acdadb68fadbd61552e0f4525676 .av-special-heading-tag{\nfont-size:0.8em;\n}\n}\n<\/style>\n<div  class='av-special-heading av-luwsp8y5-0605acdadb68fadbd61552e0f4525676 av-special-heading-h1 blockquote modern-quote  avia-builder-el-0  el_before_av_hr  avia-builder-el-first  av-inherit-size'><h1 class='av-special-heading-tag '  itemprop=\"headline\"  >Production et distribution g\u00e9n\u00e9rale PKS Bronze<\/h1><div class='av-subheading av-subheading_below'><p>Outils de jardinage en alliage de cuivre<\/p>\n<\/div><div class=\"special-heading-border\"><div class=\"special-heading-inner-border\"><\/div><\/div><\/div>\n\n<style type=\"text\/css\" data-created_by=\"avia_inline_auto\" id=\"style-css-av-luwsv1dd-8873eb3495de5dcbbe7062edf61d830e\">\n#top .hr.hr-invisible.av-luwsv1dd-8873eb3495de5dcbbe7062edf61d830e{\nheight:50px;\n}\n<\/style>\n<div  class='hr av-luwsv1dd-8873eb3495de5dcbbe7062edf61d830e hr-invisible  avia-builder-el-1  el_after_av_heading  el_before_av_one_half '><span class='hr-inner '><span class=\"hr-inner-style\"><\/span><\/span><\/div>\n<div  class='flex_column av-1jbno-2255ece23e717831c7aa13eb8e994fcc av_one_half  avia-builder-el-2  el_after_av_hr  el_before_av_one_half  first flex_column_div  '     ><p>\n<style type=\"text\/css\" data-created_by=\"avia_inline_auto\" id=\"style-css-av-luwsuod4-743f2d38b3716dc37278c8918ecc4594\">\n#top .av-special-heading.av-luwsuod4-743f2d38b3716dc37278c8918ecc4594{\npadding-bottom:10px;\n}\nbody .av-special-heading.av-luwsuod4-743f2d38b3716dc37278c8918ecc4594 .av-special-heading-tag .heading-char{\nfont-size:25px;\n}\n.av-special-heading.av-luwsuod4-743f2d38b3716dc37278c8918ecc4594 .av-subheading{\nfont-size:15px;\n}\n<\/style>\n<div  class='av-special-heading av-luwsuod4-743f2d38b3716dc37278c8918ecc4594 av-special-heading-h3 blockquote modern-quote  avia-builder-el-3  el_before_av_textblock  avia-builder-el-first '><h3 class='av-special-heading-tag '  itemprop=\"headline\"  >Donn\u00e9es de la soci\u00e9t\u00e9<\/h3><div class=\"special-heading-border\"><div class=\"special-heading-inner-border\"><\/div><\/div><\/div><br \/>\n<section  class='av_textblock_section av-luwsp3s9-aa9b683b05c2378d19f76a22a548746c '   itemscope=\"itemscope\" itemtype=\"https:\/\/schema.org\/CreativeWork\" ><div class='avia_textblock'  itemprop=\"text\" ><p>Nom de l&rsquo;entreprise : PKS Bronze GmbH<\/p>\n<p>Adresse : A -4820 Bad Ischl, Schneiderwirtstra\u00dfe 4<\/p>\n<p>T\u00e9l\u00e9phone : +43 677 631 482 77<\/p>\n<p>Web <a href=\"http:\/\/www.kupferspuren.at\" target=\"_blank\" rel=\"noopener\">: https:\/\/kupferspuren.at<\/a><\/p>\n<p>UID : ATU82392849<\/p>\n<p>Num\u00e9ro d&rsquo;enregistrement de la soci\u00e9t\u00e9 : 659749w<\/p>\n<p>EORI : ATEOS1000157915<\/p>\n<p>Code du commerce : <a class=\"external-link-new-window\" href=\"http:\/\/www.ris.bka.gv.at\/\" target=\"_blank\" rel=\"noopener\">www.ris.bka.gv.at<\/a><\/p>\n<\/div><\/section><\/p><\/div><div  class='flex_column av-ry5w-d0e5150f738e61b3062528d528d95083 av_one_half  avia-builder-el-5  el_after_av_one_half  avia-builder-el-last  flex_column_div  '     ><p>\n<style type=\"text\/css\" data-created_by=\"avia_inline_auto\" id=\"style-css-av-luwssk59-f8d906dcec7be68f642d2caa0a63567a\">\n#top .av-special-heading.av-luwssk59-f8d906dcec7be68f642d2caa0a63567a{\npadding-bottom:10px;\n}\nbody .av-special-heading.av-luwssk59-f8d906dcec7be68f642d2caa0a63567a .av-special-heading-tag .heading-char{\nfont-size:25px;\n}\n.av-special-heading.av-luwssk59-f8d906dcec7be68f642d2caa0a63567a .av-subheading{\nfont-size:15px;\n}\n<\/style>\n<div  class='av-special-heading av-luwssk59-f8d906dcec7be68f642d2caa0a63567a av-special-heading-h3 blockquote modern-quote  avia-builder-el-6  el_before_av_textblock  avia-builder-el-first '><h3 class='av-special-heading-tag '  itemprop=\"headline\"  >Site web r\u00e9alis\u00e9 par<\/h3><div class=\"special-heading-border\"><div class=\"special-heading-inner-border\"><\/div><\/div><\/div><br \/>\n<section  class='av_textblock_section av-luwstxqt-19d95e7dc0849947cca8059f978815c8 '   itemscope=\"itemscope\" itemtype=\"https:\/\/schema.org\/CreativeWork\" ><div class='avia_textblock'  itemprop=\"text\" ><p><a href=\"https:\/\/www.buero36.at\">Bureau 36<\/a><\/p>\n<\/div><\/section><\/p><\/div><\/p>\n","protected":false},"excerpt":{"rendered":"","protected":false},"author":1039,"featured_media":0,"parent":0,"menu_order":10,"comment_status":"closed","ping_status":"closed","template":"","meta":{"footnotes":""},"class_list":["post-1598","page","type-page","status-publish","hentry"],"_links":{"self":[{"href":"https:\/\/kupferspuren.at\/fr\/wp-json\/wp\/v2\/pages\/1598","targetHints":{"allow":["GET"]}}],"collection":[{"href":"https:\/\/kupferspuren.at\/fr\/wp-json\/wp\/v2\/pages"}],"about":[{"href":"https:\/\/kupferspuren.at\/fr\/wp-json\/wp\/v2\/types\/page"}],"author":[{"embeddable":true,"href":"https:\/\/kupferspuren.at\/fr\/wp-json\/wp\/v2\/users\/1039"}],"replies":[{"embeddable":true,"href":"https:\/\/kupferspuren.at\/fr\/wp-json\/wp\/v2\/comments?post=1598"}],"version-history":[{"count":0,"href":"https:\/\/kupferspuren.at\/fr\/wp-json\/wp\/v2\/pages\/1598\/revisions"}],"wp:attachment":[{"href":"https:\/\/kupferspuren.at\/fr\/wp-json\/wp\/v2\/media?parent=1598"}],"curies":[{"name":"wp","href":"https:\/\/api.w.org\/{rel}","templated":true}]}}