{"id":1611,"date":"2017-09-27T09:42:51","date_gmt":"2017-09-27T07:42:51","guid":{"rendered":"http:\/\/pksbronze.at\/datenschutzbelehrung\/"},"modified":"2025-08-29T09:32:41","modified_gmt":"2025-08-29T07:32:41","slug":"datenschutzbelehrung","status":"publish","type":"page","link":"https:\/\/kupferspuren.at\/fr\/datenschutzbelehrung\/","title":{"rendered":"Information sur la protection des donn\u00e9es"},"content":{"rendered":"<p>Presque toutes les boutiques en ligne utilisent des outils tels que Google Analytics, etracker ou Piwik pour analyser le comportement des utilisateurs.<strong> Nous N&rsquo;UTILISONS PAS ces services, <\/strong>car ils permettent d&rsquo;analyser les donn\u00e9es personnelles (adresse IP, donn\u00e9es client, adresse e-mail des clients connect\u00e9s \u00e0 la boutique, etc. Par cons\u00e9quent, vous n&rsquo;\u00eates pas oblig\u00e9 d&rsquo;accepter la politique des cookies lorsque vous visitez notre site. <strong><br \/>\n<\/strong><\/p>\n<div id=\"analyse-part-8\" class=\"analyse-part-head\" title=\"\">\n<p>S\u00e9curit\u00e9 et protection des donn\u00e9es<\/p>\n<p><img loading=\"lazy\" decoding=\"async\" class=\"alignnone size-full wp-image-8434\" src=\"https:\/\/kupferspuren.at\/wp-content\/uploads\/2018\/11\/Analytics-2.jpg\" alt=\"\" width=\"542\" height=\"134\" srcset=\"https:\/\/kupferspuren.at\/wp-content\/uploads\/2018\/11\/Analytics-2.jpg 542w, https:\/\/kupferspuren.at\/wp-content\/uploads\/2018\/11\/Analytics-2-300x74.jpg 300w, https:\/\/kupferspuren.at\/wp-content\/uploads\/2018\/11\/Analytics-2-416x103.jpg 416w, https:\/\/kupferspuren.at\/wp-content\/uploads\/2018\/11\/Analytics-2-150x37.jpg 150w, https:\/\/kupferspuren.at\/wp-content\/uploads\/2018\/11\/Analytics-2-324x80.jpg 324w\" sizes=\"auto, (max-width: 542px) 100vw, 542px\" \/><\/p>\n<\/div>\n<p>2. la soci\u00e9t\u00e9 PKS Bronze GmbH s&rsquo;engage \u00e0 utiliser les donn\u00e9es et les r\u00e9sultats du traitement exclusivement dans le cadre des commandes du client et \u00e0 les restituer exclusivement au client ou \u00e0 ne les transmettre que sur demande \u00e9crite de ce dernier. <\/p>\n<p>3. la soci\u00e9t\u00e9 PKS Bronze GmbH d\u00e9clare de mani\u00e8re juridiquement contraignante qu&rsquo;elle a oblig\u00e9 toutes les personnes charg\u00e9es du traitement des donn\u00e9es \u00e0 respecter la confidentialit\u00e9 des donn\u00e9es au sens du \u00a7 15 de la DSG 2000 avant de commencer leur activit\u00e9. En particulier, l&rsquo;obligation de confidentialit\u00e9 des personnes charg\u00e9es de la circulation des donn\u00e9es est maintenue m\u00eame apr\u00e8s la fin de leur activit\u00e9 et leur d\u00e9part du prestataire de services. L&rsquo;obligation de confidentialit\u00e9 doit \u00e9galement \u00eatre respect\u00e9e pour les donn\u00e9es des personnes morales et des soci\u00e9t\u00e9s de personnes relevant du droit commercial.   <\/p>\n<p>4. la soci\u00e9t\u00e9 PKS Bronze GmbH d\u00e9clare de mani\u00e8re juridiquement contraignante qu&rsquo;elle a pris des mesures de s\u00e9curit\u00e9 suffisantes au sens de l&rsquo;article 14 de la DSG 2000 afin d&#8217;emp\u00eacher que des donn\u00e9es soient utilis\u00e9es de mani\u00e8re irr\u00e9guli\u00e8re ou qu&rsquo;elles soient accessibles \u00e0 des tiers sans autorisation. <\/p>\n<p>5. le prestataire de services veille \u00e0 ce que les conditions techniques et organisationnelles permettent au client de satisfaire \u00e0 tout moment aux dispositions des articles 26 (droit d&rsquo;acc\u00e8s) et 27 (droit de rectification ou d&rsquo;effacement) de la DSG 2000 \u00e0 l&rsquo;\u00e9gard de la personne concern\u00e9e dans les d\u00e9lais l\u00e9gaux et fournit au client toutes les informations n\u00e9cessaires \u00e0 cet effet.<\/p>\n<p>6) Le client a le droit de consulter et de contr\u00f4ler \u00e0 tout moment les installations de traitement des donn\u00e9es qu&rsquo;il a fournies. Le prestataire de services s&rsquo;engage \u00e0 mettre \u00e0 la disposition du client les informations n\u00e9cessaires au contr\u00f4le du respect des obligations mentionn\u00e9es dans le pr\u00e9sent accord. <\/p>\n<p>Si vous avez des questions, veuillez nous contacter par e-mail : <a href=\"mailto:office@kupferspuren.at\">office (a) kupferspuren.at<\/a><\/p>\n<hr>\n<h1 data-fontsize=\"32\" data-lineheight=\"44\"><\/h1>\n<p>En d\u00e9tail : cr\u00e9\u00e9 avec le g\u00e9n\u00e9rateur de confidentialit\u00e9 de <a title=\"G\u00e9n\u00e9rateur de confidentialit\u00e9 de www.adsimple.at\" href=\"https:\/\/www.adsimple.at\" target=\"_blank\" rel=\"follow noopener noreferrer\">Online Marketing AdSimple<\/a> en coop\u00e9ration avec <a class=\"external\" href=\"https:\/\/www.signalkraft.at\" target=\"_blank\" rel=\"follow noopener noreferrer\">signalkraft.at<\/a><\/p>\n<div id=\"analyse-part-8\" class=\"analyse-part-head\" title=\"\">\n<h1 class=\"adsimple-111149497\" data-fontsize=\"32\" data-lineheight=\"44\">D\u00e9claration de confidentialit\u00e9<\/h1>\n<\/div>\n<div id=\"analyse-part-8\" class=\"analyse-part-head\" title=\"\">\n<h2 class=\"adsimple-111149497\" data-fontsize=\"24\" data-lineheight=\"36\">Protection des donn\u00e9es<\/h2>\n<p>Nous avons r\u00e9dig\u00e9 la pr\u00e9sente d\u00e9claration de confidentialit\u00e9 (version 17.06.2019-111149497) afin de vous expliquer, conform\u00e9ment aux dispositions du R\u00e8glement g\u00e9n\u00e9ral sur la protection des donn\u00e9es (UE) 2016\/679 et de la <a class=\"adsimple-111149497 external\" href=\"https:\/\/www.ris.bka.gv.at\/GeltendeFassung.wxe?Abfrage=Bundesnormen&amp;Gesetzesnummer=10001597&amp;tid=111149497\" target=\"_blank\" rel=\"noopener nofollow noreferrer\">Loi sur la protection des donn\u00e9es (LPD)<\/a>, quelles informations nous collectons, comment nous utilisons les donn\u00e9es et quels choix vous pouvez faire en tant que visiteur de ce site.<\/p>\n<p>Malheureusement, de par leur nature, ces explications peuvent para\u00eetre tr\u00e8s techniques, mais nous nous sommes efforc\u00e9s, lors de leur r\u00e9daction, de d\u00e9crire les choses les plus importantes de la mani\u00e8re la plus simple et la plus claire possible.<\/p>\n<h2 class=\"adsimple-111149497\" data-fontsize=\"24\" data-lineheight=\"36\">Stockage automatique des donn\u00e9es<\/h2>\n<p>Aujourd&rsquo;hui, lorsque vous visitez des sites web, certaines informations sont automatiquement cr\u00e9\u00e9es et stock\u00e9es, y compris sur ce site web.<\/p>\n<p>Lorsque vous visitez notre site web, comme c&rsquo;est le cas actuellement, notre serveur web (ordinateur sur lequel est stock\u00e9 ce site web) enregistre automatiquement des donn\u00e9es telles que<\/p>\n<ul class=\"adsimple-111149497\">\n<li class=\"adsimple-111149497\">l&rsquo;adresse (URL) de la page web consult\u00e9e<\/li>\n<li class=\"adsimple-111149497\">Navigateur et version du navigateur<\/li>\n<li class=\"adsimple-111149497\">le syst\u00e8me d&rsquo;exploitation utilis\u00e9<\/li>\n<li class=\"adsimple-111149497\">l&rsquo;adresse (URL) de la page pr\u00e9c\u00e9demment visit\u00e9e (Referrer URL)<\/li>\n<li class=\"adsimple-111149497\">le nom d&rsquo;h\u00f4te et l&rsquo;adresse IP de l&rsquo;appareil \u00e0 partir duquel l&rsquo;acc\u00e8s est effectu\u00e9<\/li>\n<li class=\"adsimple-111149497\">Date et heure<\/li>\n<\/ul>\n<p>dans des fichiers (fichiers journaux du serveur web).<\/p>\n<p>En r\u00e8gle g\u00e9n\u00e9rale, les fichiers journaux du serveur web sont conserv\u00e9s pendant deux semaines et sont ensuite automatiquement supprim\u00e9s. Nous ne transmettons pas ces donn\u00e9es, mais nous ne pouvons pas exclure qu&rsquo;elles soient consult\u00e9es en cas de comportement ill\u00e9gal.<br \/>\nLa base juridique est <a class=\"adsimple-111149497 external\" href=\"https:\/\/eur-lex.europa.eu\/legal-content\/DE\/TXT\/HTML\/?uri=CELEX:32016R0679&amp;from=DE&amp;tid=111149497\" target=\"_blank\" rel=\"noopener nofollow noreferrer\">l&rsquo;article 6, paragraphe 1, point f), du RGPD<\/a> (l\u00e9galit\u00e9 du traitement), qui pr\u00e9voit un int\u00e9r\u00eat l\u00e9gitime \u00e0 permettre le fonctionnement sans erreur de ce site web gr\u00e2ce \u00e0 la collecte de fichiers journaux du serveur web. <\/p>\n<h2 class=\"adsimple-111149497\" data-fontsize=\"24\" data-lineheight=\"36\">Droits en vertu du RGPD<\/h2>\n<p>Conform\u00e9ment aux dispositions du RGPD et de la loi autrichienne <a class=\"adsimple-111149497 external\" href=\"https:\/\/www.ris.bka.gv.at\/GeltendeFassung.wxe?Abfrage=Bundesnormen&amp;Gesetzesnummer=10001597&amp;tid=111149497\" target=\"_blank\" rel=\"noopener nofollow noreferrer\">sur la protection des donn\u00e9es (DSG)<\/a>, vous disposez en principe des droits suivants : <\/p>\n<ul class=\"adsimple-111149497\">\n<li class=\"adsimple-111149497\">Droit de rectification (article 16 du RGPD)<\/li>\n<li class=\"adsimple-111149497\">Droit \u00e0 l&rsquo;effacement (\u00ab\u00a0droit \u00e0 l&rsquo;oubli\u00a0\u00bb) (article 17 du RGPD)<\/li>\n<li class=\"adsimple-111149497\">Droit \u00e0 la limitation du traitement (article 18 du RGPD)<\/li>\n<li class=\"adsimple-111149497\">Droit \u00e0 la notification &#8211; obligation de notification dans le cadre de la rectification ou de l&rsquo;effacement des donn\u00e9es \u00e0 caract\u00e8re personnel ou de la limitation du traitement (article 19 du RGPD)<\/li>\n<li class=\"adsimple-111149497\">Droit \u00e0 la portabilit\u00e9 des donn\u00e9es (article 20 du RGPD)<\/li>\n<li class=\"adsimple-111149497\">Droit d&rsquo;opposition (article 21 du RGPD)<\/li>\n<li class=\"adsimple-111149497\">Droit de ne pas \u00eatre soumis \u00e0 une d\u00e9cision fond\u00e9e exclusivement sur un traitement automatis\u00e9, y compris le profilage (article 22 du RGPD)<\/li>\n<\/ul>\n<p>Si vous pensez que le traitement de vos donn\u00e9es enfreint la l\u00e9gislation sur la protection des donn\u00e9es ou que vos droits en mati\u00e8re de protection des donn\u00e9es ont \u00e9t\u00e9 viol\u00e9s d&rsquo;une mani\u00e8re ou d&rsquo;une autre, vous pouvez d\u00e9poser une plainte aupr\u00e8s de l&rsquo;autorit\u00e9 de surveillance qui, en Autriche, est l&rsquo;autorit\u00e9 de protection des donn\u00e9es dont vous trouverez le site web \u00e0 l&rsquo;adresse <a class=\"adsimple-111149497 external\" href=\"https:\/\/www.dsb.gv.at\/?tid=111149497\" target=\"_blank\" rel=\"nofollow noopener noreferrer\">https:\/\/www.dsb.gv.at\/<\/a>.<\/p>\n<h2 class=\"adsimple-111149497\" data-fontsize=\"24\" data-lineheight=\"36\">Lettre d&rsquo;information D\u00e9claration de confidentialit\u00e9<\/h2>\n<p><span class=\"adsimple-111149497\">En vous inscrivant \u00e0 notre newsletter, vous nous transmettez les donn\u00e9es personnelles mentionn\u00e9es ci-dessus et vous nous donnez le droit de vous contacter par e-mail. Nous utilisons les donn\u00e9es enregistr\u00e9es dans le cadre de l&rsquo;inscription \u00e0 la newsletter uniquement pour notre newsletter et ne les transmettons pas \u00e0 des tiers. <\/span><\/p>\n<p><span class=\"adsimple-111149497\">Si vous vous d\u00e9sinscrivez de la newsletter &#8211; vous trouverez le lien tout en bas de chaque newsletter &#8211; nous supprimerons toutes les donn\u00e9es enregistr\u00e9es lors de votre inscription \u00e0 la newsletter.<\/span><\/p>\n<h2 class=\"adsimple-111149497\" data-fontsize=\"24\" data-lineheight=\"36\">D\u00e9claration de confidentialit\u00e9 de Google Maps<\/h2>\n<p>Nous utilisons Google Maps de la soci\u00e9t\u00e9 Google Inc (1600 Amphitheatre Parkway Mountain View, CA 94043, USA) sur notre site web. <\/p>\n<p>L&rsquo;utilisation des fonctions de cette carte entra\u00eene la transmission de donn\u00e9es \u00e0 Google. Pour savoir quelles donn\u00e9es sont collect\u00e9es par Google et \u00e0 quelles fins elles sont utilis\u00e9es, consultez <a class=\"adsimple-111149497 external\" href=\"https:\/\/www.google.com\/intl\/de\/policies\/privacy\/\" target=\"_blank\" rel=\"nofollow noopener noreferrer\">https:\/\/www.google.com\/intl\/de\/policies\/privacy\/<\/a>.<\/p>\n<h2 class=\"adsimple-111149497\" data-fontsize=\"24\" data-lineheight=\"36\">Politique de confidentialit\u00e9 de YouTube<\/h2>\n<p>Nous utilisons sur ce site le service vid\u00e9o YouTube, de la soci\u00e9t\u00e9 YouTube, LLC, 901 Cherry Ave, San Bruno, CA 94066, \u00c9tats-Unis.<\/p>\n<p>Lorsque vous consultez des pages de notre site web qui int\u00e8grent des vid\u00e9os YouTube, des donn\u00e9es sont transmises \u00e0 YouTube, stock\u00e9es et analys\u00e9es.<br \/>\nSi vous avez un compte YouTube et que vous \u00eates connect\u00e9, ces donn\u00e9es seront associ\u00e9es \u00e0 votre compte personnel et aux donn\u00e9es qui y sont stock\u00e9es.<\/p>\n<p>Pour savoir quelles donn\u00e9es sont collect\u00e9es par Google et \u00e0 quelles fins elles sont utilis\u00e9es, consultez <a class=\"adsimple-111149497 external\" href=\"https:\/\/www.google.com\/intl\/de\/policies\/privacy\/\" target=\"_blank\" rel=\"nofollow noopener noreferrer\">https:\/\/www.google.com\/intl\/de\/policies\/privacy\/<\/a>.<\/p>\n<h2 class=\"adsimple-111149497\" data-fontsize=\"24\" data-lineheight=\"36\">Politique de confidentialit\u00e9 de Gravatar<\/h2>\n<p>Sur ce site, nous utilisons Gravatar de la soci\u00e9t\u00e9 Automattic Inc (60 29th Street #343, San Francisco, CA 94110, USA) pour associer des images d&rsquo;utilisateurs (avatar) sur la base de l&rsquo;adresse e-mail lors de la publication de messages et de commentaires. <\/p>\n<p>Un Gravatar est un <strong class=\"adsimple-111149497\">avatar <\/strong> <strong class=\"adsimple-111149497\">globalement<\/strong> <strong class=\"adsimple-111149497\">reconnu<\/strong>&#8211; une image d&rsquo;utilisateur disponible dans le monde entier &#8211; qui peut \u00eatre associ\u00e9 \u00e0 une adresse e-mail et utilis\u00e9 sur diff\u00e9rents services en ligne.<br \/>\n\u00c9tant donn\u00e9 que seule l&rsquo;utilisation d&rsquo;une adresse e-mail enregistr\u00e9e sur Gravatar permet d&rsquo;afficher une image et donc de transf\u00e9rer des donn\u00e9es vers Gravatar, vous pouvez emp\u00eacher le transfert de vos donn\u00e9es vers Gravatar en commentant ou en publiant avec une adresse e-mail non enregistr\u00e9e sur Gravatar.<\/p>\n<p>La base juridique de cette utilisation est l&rsquo;article 6 (1) f (lic\u00e9it\u00e9 du traitement), car il existe un int\u00e9r\u00eat l\u00e9gitime \u00e0 offrir aux auteurs de contenus (articles, commentaires,..) de ce site la possibilit\u00e9 d&rsquo;associer une image que vous avez vous-m\u00eame choisie \u00e0 vos propres contenus.<\/p>\n<p>Automattic participe activement au Privacy Shield Framework de l&rsquo;UE et des \u00c9tats-Unis, qui r\u00e9git le transfert correct et s\u00e9curis\u00e9 des donn\u00e9es personnelles. Pour plus d&rsquo;informations, rendez-vous sur <a class=\"adsimple-111149497 external\" href=\"https:\/\/www.privacyshield.gov\/participant?id=a2zt0000000CbqcAAC\" target=\"_blank\" rel=\"noopener nofollow noreferrer\">https:\/\/www.privacyshield.gov\/participant?id=a2zt0000000CbqcAAC<\/a>.<br \/>\nPour plus de d\u00e9tails sur la politique de confidentialit\u00e9 et sur les donn\u00e9es collect\u00e9es par Gravatar et de quelle mani\u00e8re, rendez-vous sur <a class=\"adsimple-111149497 external\" href=\"https:\/\/automattic.com\/privacy\/\" target=\"_blank\" rel=\"noopener nofollow noreferrer\">https:\/\/automattic.com\/privacy\/, et<\/a> pour des informations g\u00e9n\u00e9rales sur Gravatar, rendez-vous sur <a class=\"adsimple-111149497 external\" href=\"http:\/\/de.gravatar.com\/\" target=\"_blank\" rel=\"noopener nofollow noreferrer\">http:\/\/de.gravatar.com\/.<\/a> <\/p>\n<div class=\"fusion-sep-clear\"><\/div>\n<div class=\"fusion-separator fusion-full-width-sep sep-single sep-dashed lefticon\"><\/div>\n<\/div>\n","protected":false},"excerpt":{"rendered":"<p>Presque toutes les boutiques en ligne utilisent des outils tels que Google Analytics, etracker ou Piwik pour analyser le comportement des utilisateurs. Nous N&rsquo;UTILISONS PAS ces services, car ils permettent d&rsquo;analyser les donn\u00e9es personnelles (adresse IP, donn\u00e9es client, adresse e-mail des clients connect\u00e9s \u00e0 la boutique, etc. Par cons\u00e9quent, vous n&rsquo;\u00eates pas oblig\u00e9 d&rsquo;accepter la [&hellip;]<\/p>\n","protected":false},"author":1039,"featured_media":0,"parent":0,"menu_order":14,"comment_status":"closed","ping_status":"closed","template":"","meta":{"footnotes":""},"class_list":["post-1611","page","type-page","status-publish","hentry"],"_links":{"self":[{"href":"https:\/\/kupferspuren.at\/fr\/wp-json\/wp\/v2\/pages\/1611","targetHints":{"allow":["GET"]}}],"collection":[{"href":"https:\/\/kupferspuren.at\/fr\/wp-json\/wp\/v2\/pages"}],"about":[{"href":"https:\/\/kupferspuren.at\/fr\/wp-json\/wp\/v2\/types\/page"}],"author":[{"embeddable":true,"href":"https:\/\/kupferspuren.at\/fr\/wp-json\/wp\/v2\/users\/1039"}],"replies":[{"embeddable":true,"href":"https:\/\/kupferspuren.at\/fr\/wp-json\/wp\/v2\/comments?post=1611"}],"version-history":[{"count":0,"href":"https:\/\/kupferspuren.at\/fr\/wp-json\/wp\/v2\/pages\/1611\/revisions"}],"wp:attachment":[{"href":"https:\/\/kupferspuren.at\/fr\/wp-json\/wp\/v2\/media?parent=1611"}],"curies":[{"name":"wp","href":"https:\/\/api.w.org\/{rel}","templated":true}]}}