{"id":1614,"date":"2017-09-27T09:42:51","date_gmt":"2017-09-27T07:42:51","guid":{"rendered":"http:\/\/pksbronze.at\/agb\/"},"modified":"2025-08-29T09:29:32","modified_gmt":"2025-08-29T07:29:32","slug":"agb","status":"publish","type":"page","link":"https:\/\/kupferspuren.at\/fr\/agb\/","title":{"rendered":"CONDITIONS G\u00c9N\u00c9RALES DE VENTE"},"content":{"rendered":"<div id=\"c16\" class=\"csc-default\">\n<p><em>Si une ou plusieurs dispositions des pr\u00e9sentes conditions g\u00e9n\u00e9rales devaient \u00eatre nulles, cela n&rsquo;entra\u00eenerait pas la nullit\u00e9 de l&rsquo;ensemble du contrat. La disposition invalide sera remplac\u00e9e par la disposition l\u00e9gale pertinente. Bad Ischl \/ Austria est le seul tribunal comp\u00e9tent.  <\/em>. <a class=\"external-link-new-window\" href=\"http:\/\/www.help.gv.at\/\" target=\"_blank\" rel=\"noopener noreferrer\"><strong>www.help.gv.at<\/strong><\/a><\/p>\n<h3>\u00a7 1 Protection des donn\u00e9es<\/h3>\n<p>Presque toutes les boutiques en ligne utilisent des \u00ab\u00a0outils\u00a0\u00bb tels que <a class=\"ilink\" title=\"Facebook, Google, Forums &amp; Co : comment supprimer votre compte\" href=\"http:\/\/www.e-recht24.de\/artikel\/datenschutz\/7460-daten-loeschen-facebook-twitter-google.html\" target=\"_blank\" rel=\"noopener noreferrer\">Google Analytics, etracker<\/a> ou Piwik pour analyser le comportement des utilisateurs. Dans certains cas, des donn\u00e9es personnelles sont analys\u00e9es (adresse IP, donn\u00e9es client, adresse e-mail des clients connect\u00e9s, etc.) <strong>  NOUS N&rsquo;UTILISONS PAS CE SERVICE. Vous n&rsquo;avez donc pas eu \u00e0 accepter de conditions lorsque vous avez visit\u00e9 notre site. <\/strong><\/p>\n<p>PKS Bronze GmbH stocke et utilise les donn\u00e9es de commande, y compris l&rsquo;adresse et l&rsquo;adresse e-mail, uniquement pour traiter vos commandes. Nous n&rsquo;utilisons votre adresse e-mail que pour vous envoyer des informations sur votre commande et, si vous le souhaitez, pour vous envoyer notre propre newsletter. <\/p>\n<p><strong> <\/strong><\/p>\n<h3>\u00a7 2 G\u00e9n\u00e9ralit\u00e9s<\/h3>\n<p>Toutes les livraisons et prestations de la soci\u00e9t\u00e9 PKS Bronze GmbH pour le client sont effectu\u00e9es exclusivement sur la base des conditions g\u00e9n\u00e9rales de vente suivantes dans leur version en vigueur au moment de la commande. Des dispositions divergentes ne sont valables que si elles ont \u00e9t\u00e9 convenues par \u00e9crit entre la soci\u00e9t\u00e9 PKS Bronze GmbH et le client. <\/p>\n<h3>\u00a7 3 Conclusion du contrat<\/h3>\n<p>Les offres de KUPFERSPUREN.at et PKSBRONZE.com sur Internet constituent une invitation non contraignante pour le client \u00e0 commander des marchandises aupr\u00e8s de KUPFERSPUREN.AT ou PKSBRONZE.com. Les informations sur les produits, telles que les dimensions et le poids, peuvent \u00eatre sujettes \u00e0 de l\u00e9g\u00e8res variations. En commandant les marchandises souhait\u00e9es sur Internet, ou par e-mail (office@kupferspuren.at), le client fait une offre ferme de conclusion d&rsquo;un contrat de vente. L&rsquo;offre est contraignante au plus tard lorsqu&rsquo;elle a pass\u00e9 l&rsquo;interface correspondante de la soci\u00e9t\u00e9 PKS Bronze GmbH. La confirmation de la commande se fait g\u00e9n\u00e9ralement imm\u00e9diatement par la transmission d&rsquo;un e-mail. En cas de force majeure ou si, par exemple, le produit n&rsquo;est pas disponible, la soci\u00e9t\u00e9 PKS Bronze GmbH peut r\u00e9silier le contrat \u00e0 tout moment.     <\/p>\n<h3>\u00a7 4 R\u00e9siliation \/<a href=\"https:\/\/kupferspuren.at\/fr\/agb\/droit-de-retractation\/\"> R\u00e9vocation<\/a><\/h3>\n<p>Si le <strong>montant du paiement anticip\u00e9<\/strong> n&rsquo;est pas enregistr\u00e9 sur le compte indiqu\u00e9 dans la confirmation de commande dans les<strong> 5 jours ouvrables<\/strong> suivant la conclusion du contrat conform\u00e9ment au \u00a7 1, la soci\u00e9t\u00e9 PKS Bronze GmbH a le droit de r\u00e9silier le contrat et d&rsquo;annuler la commande.<br \/>\n<span lang=\"de-AT\"><b>Droit de r\u00e9tractation du client : <\/b>Vous avez le droit de vous r\u00e9tracter du pr\u00e9sent contrat dans un d\u00e9lai de quatorze jours sans donner de motif. <\/span>Les frais de retour sont \u00e0 votre charge. Nous vous rembourserons la valeur des marchandises pay\u00e9es d\u00e8s r\u00e9ception des marchandises retourn\u00e9es. Un droit de r\u00e9tractation n&rsquo;existe pas dans les cas suivants : &#8211; en cas de livraison de marchandises fabriqu\u00e9es selon les sp\u00e9cifications du client ou clairement adapt\u00e9es aux besoins personnels du client ou qui, en raison de leur nature, ne peuvent pas \u00eatre renvoy\u00e9es ;<br \/>\n<span lang=\"de-AT\"><b>Droit de r\u00e9tractation de PKS Bronze GmbH : <\/b><\/span><span lang=\"de-AT\"><span id=\"result_box\" class=\"\" lang=\"de\"><span class=\"\">En cas de difficult\u00e9s de production impr\u00e9visibles, nous sommes en droit de r\u00e9silier le contrat et de vous restituer le montant de la facture. <\/span><\/span><\/span>Si les colis ne peuvent pas \u00eatre r\u00e9ceptionn\u00e9s par les clients et nous sont donc retourn\u00e9s, la soci\u00e9t\u00e9 PKS Bronze GmbH est en droit d&rsquo;annuler le  <span lang=\"de-AT\">Annuler\/r\u00e9soudre le contrat. Le montant de la facture pay\u00e9e sera rembours\u00e9 imm\u00e9diatement apr\u00e8s l&rsquo;arriv\u00e9e du colis, d\u00e9duction faite des frais d&rsquo;exp\u00e9dition. <\/span><\/p>\n<h3>\u00a7 5 Dommages dus au transport<\/h3>\n<p>Si des marchandises sont livr\u00e9es avec des dommages \u00e9vidents \u00e0 l&#8217;emballage ou au contenu, le client doit imm\u00e9diatement <strong>faire une r\u00e9clamation<\/strong> aupr\u00e8s du <strong>transporteur\/service de fret<\/strong> et refuser la r\u00e9ception. En outre, il faut imm\u00e9diatement prendre contact avec la soci\u00e9t\u00e9 Johannes Stadler par t\u00e9l\u00e9phone au 0043 677 631 482 77 ou par tout autre moyen (e-mail\/courrier). Les vices cach\u00e9s doivent \u00eatre signal\u00e9s imm\u00e9diatement apr\u00e8s leur d\u00e9couverte \u00e0 la soci\u00e9t\u00e9 PKS Bronze GmbH. Cette disposition n&rsquo;entra\u00eene pas de r\u00e9duction des d\u00e9lais de prescription l\u00e9gaux.   <\/p>\n<h3>\u00a7 6 Garantie <a href=\"https:\/\/kupferspuren.at\/fr\/information\/garantie\/\">\/ GARANTIE<\/a><\/h3>\n<p>Les droits du client \u00e0 l&rsquo;encontre de la soci\u00e9t\u00e9 PKS Bronze GmbH en cas de d\u00e9fauts sont r\u00e9gis par les dispositions l\u00e9gales dans les d\u00e9lais l\u00e9gaux, dans la mesure o\u00f9 aucune d\u00e9rogation n&rsquo;est pr\u00e9vue par les dispositions suivantes. Les dommages caus\u00e9s par des mesures inappropri\u00e9es ou contraires au contrat de la part du client, l&rsquo;utilisation ou le stockage, ne justifient aucun droit contre la soci\u00e9t\u00e9 Johannes Stadler. Si le client est un commer\u00e7ant de plein droit et si la prestation command\u00e9e est effectu\u00e9e pour son entreprise commerciale, ses droits en cas de d\u00e9fauts se prescrivent par un an \u00e0 compter de la r\u00e9ception de la marchandise.  <\/p>\n<h3>\u00a7 7 Limitation de responsabilit\u00e9<\/h3>\n<p>a) Pour les dommages autres que ceux r\u00e9sultant d&rsquo;une atteinte \u00e0 la vie, au corps et \u00e0 la sant\u00e9, la soci\u00e9t\u00e9 PKS Bronze GmbH n&rsquo;est responsable que dans la mesure o\u00f9 ils r\u00e9sultent d&rsquo;une action intentionnelle ou d&rsquo;une n\u00e9gligence grave ou d&rsquo;une violation fautive d&rsquo;une obligation contractuelle essentielle par KUPFERSPUREN.AT ou des auxiliaires d&rsquo;ex\u00e9cution (par exemple le service de livraison) de KUPFERSPUREN.AT. Toute autre responsabilit\u00e9 en mati\u00e8re de dommages et int\u00e9r\u00eats est exclue. Les dispositions de la loi sur la responsabilit\u00e9 du fait des produits restent inchang\u00e9es. b) Si une obligation contractuelle essentielle est viol\u00e9e par n\u00e9gligence, la responsabilit\u00e9 de PKS Bronze GmbH est limit\u00e9e aux dommages pr\u00e9visibles. c) En l&rsquo;\u00e9tat actuel de la technique, la communication de donn\u00e9es via Internet ne peut pas \u00eatre garantie sans erreur et\/ou disponible \u00e0 tout moment. KUPFERSPUREN.AT n&rsquo;est donc pas responsable de la disponibilit\u00e9 permanente et ininterrompue du syst\u00e8me de commerce en ligne, ni des erreurs techniques et \u00e9lectroniques survenant pendant une manifestation de vente et sur lesquelles KUPFERSPUREN.AT n&rsquo;a aucune influence, notamment en ce qui concerne le traitement ou l&rsquo;acceptation retard\u00e9s des offres.     <\/p>\n<\/div>\n","protected":false},"excerpt":{"rendered":"<p>Si une ou plusieurs dispositions des pr\u00e9sentes conditions g\u00e9n\u00e9rales devaient \u00eatre nulles, cela n&rsquo;entra\u00eenerait pas la nullit\u00e9 de l&rsquo;ensemble du contrat. La disposition invalide sera remplac\u00e9e par la disposition l\u00e9gale pertinente. Bad Ischl \/ Austria est le seul tribunal comp\u00e9tent. . www.help.gv.at \u00a7 1 Protection des donn\u00e9es Presque toutes les boutiques en ligne utilisent des [&hellip;]<\/p>\n","protected":false},"author":1039,"featured_media":0,"parent":0,"menu_order":0,"comment_status":"closed","ping_status":"closed","template":"","meta":{"footnotes":""},"class_list":["post-1614","page","type-page","status-publish","hentry"],"_links":{"self":[{"href":"https:\/\/kupferspuren.at\/fr\/wp-json\/wp\/v2\/pages\/1614","targetHints":{"allow":["GET"]}}],"collection":[{"href":"https:\/\/kupferspuren.at\/fr\/wp-json\/wp\/v2\/pages"}],"about":[{"href":"https:\/\/kupferspuren.at\/fr\/wp-json\/wp\/v2\/types\/page"}],"author":[{"embeddable":true,"href":"https:\/\/kupferspuren.at\/fr\/wp-json\/wp\/v2\/users\/1039"}],"replies":[{"embeddable":true,"href":"https:\/\/kupferspuren.at\/fr\/wp-json\/wp\/v2\/comments?post=1614"}],"version-history":[{"count":0,"href":"https:\/\/kupferspuren.at\/fr\/wp-json\/wp\/v2\/pages\/1614\/revisions"}],"wp:attachment":[{"href":"https:\/\/kupferspuren.at\/fr\/wp-json\/wp\/v2\/media?parent=1614"}],"curies":[{"name":"wp","href":"https:\/\/api.w.org\/{rel}","templated":true}]}}