{"id":25904,"date":"2025-08-28T14:43:17","date_gmt":"2025-08-28T12:43:17","guid":{"rendered":"https:\/\/kupferspuren.at\/information\/cuivre\/kupfer-und-wachstum\/les-outils-en-cuivre-favorisent-la-croissance-des-plantes\/"},"modified":"2025-08-28T14:43:17","modified_gmt":"2025-08-28T12:43:17","slug":"les-outils-en-cuivre-favorisent-la-croissance-des-plantes","status":"publish","type":"page","link":"https:\/\/kupferspuren.at\/fr\/information\/cuivre\/kupfer-und-wachstum\/les-outils-en-cuivre-favorisent-la-croissance-des-plantes\/","title":{"rendered":"Les outils en cuivre favorisent la croissance des plantes"},"content":{"rendered":"<div id=\"c88\" class=\"csc-default\">\n<div class=\"news-single-item\">\n<div class=\"news-single-rightbox\">VIVRE NATURELLEMENT \/ Remo Vetter<\/div>\n<hr class=\"cl-right\">\n<h4>Extrait de<b><span lang=\"DE-CH\"> Les outils en cuivre favorisent la croissance des plantes<\/span><\/b><\/h4>\n<p>de :<a class=\"external-link-new-window\" href=\"http:\/\/www.natuerlich-online.ch\/magazin\/artikel\/bienenwelten\/\" target=\"_blank\" rel=\"noopener\">http:\/\/www.natuerlich-online.ch\/magazin\/artikel\/bienenwelten\/<\/a><\/p>\n<p>&nbsp;<\/p>\n<p>Depuis quelques ann\u00e9es, nous utilisons syst\u00e9matiquement des outils de jardinage en cuivre dans notre jardin. D&rsquo;ann\u00e9e en ann\u00e9e, nous constatons que les plantes poussent plus abondamment, que la structure du sol s&rsquo;am\u00e9liore et que le travail est beaucoup plus facile. <\/p>\n<p><span lang=\"DE-CH\">Des essais cibl\u00e9s ont montr\u00e9 d\u00e8s les ann\u00e9es cinquante que l&rsquo;utilisation d&rsquo;outils en cuivre am\u00e9liorait consid\u00e9rablement la qualit\u00e9 et le rendement. Le bio-technicien autrichien Viktor Schauberger a attribu\u00e9 cela au fait que le fer a un effet n\u00e9gatif dans la terre de jardin travaill\u00e9e. Selon lui, l&rsquo;usure m\u00e9canique des outils en fer lib\u00e8re de fines particules de fer dans le sol. Celles-ci forment un mince voile de rouille qui peut acc\u00e9l\u00e9rer consid\u00e9rablement le dess\u00e8chement du sol.   <\/span><\/p>\n<p>Le cuivre, quant \u00e0 lui, est naturellement pr\u00e9sent dans un sol sain et, contrairement au fer, il n&rsquo;affecte pas la tension magn\u00e9tique naturelle du sol. C&rsquo;est pourquoi les outils de jardinage en cuivre apportent une nette am\u00e9lioration de la qualit\u00e9 et du rendement des plantes ornementales et utiles. Ce ph\u00e9nom\u00e8ne \u00e9tait d\u00e9j\u00e0 connu dans la haute culture de l&rsquo;ancien empire chinois et a \u00e9t\u00e9 red\u00e9couvert \u00e0 notre \u00e9poque par Schauberger. Les outils de jardinage lib\u00e8rent des particules tr\u00e8s fines de cuivre, d&rsquo;or, d&rsquo;argent et de magn\u00e9sium, influen\u00e7ant ainsi l&rsquo;\u00e9quilibre hydrique et la fertilit\u00e9 du sol, cr\u00e9ant ainsi les conditions d&rsquo;une croissance vigoureuse et saine des plantes.   <\/p>\n<p><b><img loading=\"lazy\" decoding=\"async\" class=\"alignnone size-full wp-image-10200\" src=\"https:\/\/kupferspuren.at\/wp-content\/uploads\/2019\/10\/RTEmagicC_Vetter_Portrait_n.jpg.jpg\" alt=\"\" width=\"137\" height=\"137\" srcset=\"https:\/\/kupferspuren.at\/wp-content\/uploads\/2019\/10\/RTEmagicC_Vetter_Portrait_n.jpg.jpg 137w, https:\/\/kupferspuren.at\/wp-content\/uploads\/2019\/10\/RTEmagicC_Vetter_Portrait_n.jpg-100x100.jpg 100w\" sizes=\"auto, (max-width: 137px) 100vw, 137px\" \/>L&rsquo;auteur<\/b><br \/>\nRemo Vetter est n\u00e9 \u00e0 B\u00e2le en 1956. En 1982, le pionnier des plantes m\u00e9dicinales Alfred Vogel l&rsquo;a engag\u00e9. Depuis, Vetter travaille au centre de sant\u00e9 de Teufen AR o\u00f9, avec l&rsquo;aide de sa famille, il entretient le jardin d&rsquo;herbes de d\u00e9monstration d&rsquo;A.?Vogel.<br \/>\nVetter est l&rsquo;auteur du livre \u00ab\u00a0The Lazy Gardener &#8211; How to find your happiness in the garden\u00a0\u00bb.<br \/>\n<a class=\"url\" href=\"http:\/\/www.thelazygardener.ch\/\" target=\"_blank\" rel=\"noopener\">Commander ce livre directement chez AT Verlag ici.<\/a><\/p>\n<\/div>\n<\/div>\n","protected":false},"excerpt":{"rendered":"<p>VIVRE NATURELLEMENT \/ Remo Vetter Extrait de Les outils en cuivre favorisent la croissance des plantes de :http:\/\/www.natuerlich-online.ch\/magazin\/artikel\/bienenwelten\/ &nbsp; Depuis quelques ann\u00e9es, nous utilisons syst\u00e9matiquement des outils de jardinage en cuivre dans notre jardin. D&rsquo;ann\u00e9e en ann\u00e9e, nous constatons que les plantes poussent plus abondamment, que la structure du sol s&rsquo;am\u00e9liore et que le travail [&hellip;]<\/p>\n","protected":false},"author":820,"featured_media":0,"parent":1625,"menu_order":0,"comment_status":"closed","ping_status":"closed","template":"","meta":{"footnotes":""},"class_list":["post-25904","page","type-page","status-publish","hentry"],"_links":{"self":[{"href":"https:\/\/kupferspuren.at\/fr\/wp-json\/wp\/v2\/pages\/25904","targetHints":{"allow":["GET"]}}],"collection":[{"href":"https:\/\/kupferspuren.at\/fr\/wp-json\/wp\/v2\/pages"}],"about":[{"href":"https:\/\/kupferspuren.at\/fr\/wp-json\/wp\/v2\/types\/page"}],"author":[{"embeddable":true,"href":"https:\/\/kupferspuren.at\/fr\/wp-json\/wp\/v2\/users\/820"}],"replies":[{"embeddable":true,"href":"https:\/\/kupferspuren.at\/fr\/wp-json\/wp\/v2\/comments?post=25904"}],"version-history":[{"count":0,"href":"https:\/\/kupferspuren.at\/fr\/wp-json\/wp\/v2\/pages\/25904\/revisions"}],"up":[{"embeddable":true,"href":"https:\/\/kupferspuren.at\/fr\/wp-json\/wp\/v2\/pages\/1625"}],"wp:attachment":[{"href":"https:\/\/kupferspuren.at\/fr\/wp-json\/wp\/v2\/media?parent=25904"}],"curies":[{"name":"wp","href":"https:\/\/api.w.org\/{rel}","templated":true}]}}