{"id":2602,"date":"2017-11-05T15:13:34","date_gmt":"2017-11-05T14:13:34","guid":{"rendered":"http:\/\/pksbronze.at\/informationen\/einkaufen\/anfahrt\/"},"modified":"2025-08-28T14:43:15","modified_gmt":"2025-08-28T12:43:15","slug":"anfahrt","status":"publish","type":"page","link":"https:\/\/kupferspuren.at\/fr\/schweiz-niederlande-england\/anfahrt\/","title":{"rendered":"ACC\u00c8S"},"content":{"rendered":"<div id=\"c82\" class=\"csc-default\">\n<h2>VISITE DE L&rsquo;ENTREP\u00d4T D&rsquo;EXP\u00c9DITION<\/h2>\n<ul>\n<li>\n<div id=\"c81\" class=\"csc-default\">\n<div class=\"csc-textpic csc-textpic-intext-right\">\n<div class=\"csc-textpic-imagewrap csc-textpic-single-image\"><img loading=\"lazy\" decoding=\"async\" class=\"size-full wp-image-4334 alignright\" src=\"https:\/\/kupferspuren.at\/wp-content\/uploads\/2018\/02\/Haus.jpg\" sizes=\"auto, (max-width: 259px) 100vw, 259px\" srcset=\"https:\/\/kupferspuren.at\/wp-content\/uploads\/2018\/02\/Haus.jpg 259w, https:\/\/kupferspuren.at\/wp-content\/uploads\/2018\/02\/Haus-150x112.jpg 150w, https:\/\/kupferspuren.at\/wp-content\/uploads\/2018\/02\/Haus-180x135.jpg 180w\" alt=\"\" width=\"259\" height=\"194\"><\/div>\n<div class=\"csc-textpic-text\">\n<p>Vous pouvez nous rendre visite \u00e0 notre entrep\u00f4t d&rsquo;exp\u00e9dition, de pr\u00e9f\u00e9rence le matin. L&rsquo;entrep\u00f4t d&rsquo;exp\u00e9dition se trouve dans le m\u00eame b\u00e2timent que l&rsquo;administration de la succession de <a href=\"http:\/\/www.pks.or.at\" target=\"_blank\" rel=\"noopener\">Viktor et Walter Schauberger.<br \/>\n<\/a>Veuillez appeler \u00e0 l&rsquo;avance, nous ne sommes pas toujours dans l&rsquo;entrep\u00f4t pendant les heures de bureau habituelles :<br \/>\n<strong><span style=\"color: #99cc00;\">NOUVEAU <\/span>T\u00e9l. : 0043 (0)677 631 482 77 <\/strong><br \/>\nEngleitenstr. 17, PKS \/ Villa Rothstein<br \/>\n4820 BAD ISCHL <\/p>\n<\/div>\n<\/div>\n<\/div>\n<\/li>\n<\/ul>\n<p><strong>Google -Maps <a href=\"https:\/\/goo.gl\/maps\/xarWsdtrTwQV5QhZA\" target=\"_blank\" rel=\"noopener\">: https:\/\/goo.gl\/maps\/xarWsdtrTwQV5QhZA<\/a><\/strong><\/p>\n<p><strong>Adresse Google Maps : Engleitenstra\u00dfe 17, 4821<br \/>\n<\/strong><\/p>\n<\/div>\n<div id=\"c1519\" class=\"csc-default\">\n<p><a class=\"external-link-new-window\" href=\"http:\/\/badischl.salzkammergut.at\/webcam.html\" target=\"_blank\" rel=\"noopener\">WEBCAM Bad Ischl<\/a><\/p>\n<\/div>\n<div class=\"csc-default\">\n<div class=\"divider\">\n<hr>\n<\/div>\n<\/div>\n<div id=\"c1670\" class=\"csc-default\">\n<p>Journ\u00e9es de visite PKS pour les personnes int\u00e9ress\u00e9es par Schauberger <a href=\"http:\/\/pks.or.at\/veranstaltungen\/?ec=oeffnungstage\" target=\"_blank\" rel=\"noopener\">http:\/\/pks.or.at\/veranstaltungen<\/a><\/p>\n<\/div>\n<div class=\"csc-default\">\n<div class=\"divider\">\n<hr>\n<\/div>\n<\/div>\n<div id=\"c831\" class=\"csc-default\">\n<div id=\"c84\" class=\"csc-default\">\n<h2>En venant de Bad Ischl<\/h2>\n<p>&#8230;&nbsp;suivez les panneaux verts \u00ab\u00a0Katrin Alm\u00a0\u00bb(t\u00e9l\u00e9ph\u00e9rique).&nbsp;Une fois arriv\u00e9 \u00e0 la station de t\u00e9l\u00e9ph\u00e9rique de Katrin Alm, suivez la route et ne vous laissez pas arr\u00eater par le marquage au sol (fl\u00e8ches venant en sens inverse). Il ne s&rsquo;agit pas d&rsquo;un sens unique. <\/p>\n<p>Vous passez devant le centre de saut \u00e0 ski Salzkammergut (\u00e0 droite) et la statue de l&#8217;empereur (\u00e0 droite). Apr\u00e8s environ 1 km, vous trouverez sur votre gauche une entr\u00e9e avec un panneau indiquant une impasse, ne la prenez PAS encore, mais prenez la deuxi\u00e8me entr\u00e9e \u00e0 gauche apr\u00e8s le virage en mont\u00e9e.<\/p>\n<p>Il est indiqu\u00e9 sur le pilier PKS et 162, vous tournez et vous voyez sur votre droite une grande maison avec l&rsquo;inscription PKS sur la tour. Nous vous souhaitons la bienvenue ! L&rsquo;entr\u00e9e du magasin d&rsquo;outils en cuivre se trouve \u00e0 gauche de l&rsquo;entr\u00e9e principale.  <\/p>\n<h2>En venant de Bad Goisern<\/h2>\n<p>&#8230;&nbsp;tournez \u00e0 Lauffen. Par pr\u00e9caution, prenez la 1\u00e8re sortie \u00e0 droite, de pr\u00e9f\u00e9rence la 2\u00e8me sortie \u00e0 gauche. Vous devez passer le pont de la gare de Lauffner et monter la rue Engleitenstra\u00dfe. Apr\u00e8s environ 2 km, vous passez devant la Villa Blumenthal (\u00e0 droite). Apr\u00e8s deux virages serr\u00e9s, entre une ancienne \u00ab\u00a0Pf\u00f6rtnerh\u00e4usl\u00a0\u00bb et une boule bleu clair), tournez brusquement \u00e0 droite.     <\/p>\n<p>Vous verrez sur votre droite une grande maison avec l&rsquo;inscription PKS sur la tour. Soyez les bienvenus ! <\/p>\n<p><a class=\"external-link-new-window\" href=\"http:\/\/badischl.salzkammergut.at\/oesterreich\/poi\/430002131\/pks-villa-rothstein.html?h=1491\" target=\"_blank\" rel=\"noopener\">salzkammergut.at\/pks-villa-rothstein<\/a><\/p>\n<\/div>\n<\/div>\n<div class=\"brlbs-cmpnt-container brlbs-cmpnt-content-blocker brlbs-cmpnt-with-individual-styles\" data-borlabs-cookie-content-blocker-id=\"default\" data-borlabs-cookie-content=\"PGlmcmFtZSBzdHlsZT0iYm9yZGVyOiAwOyIgc3JjPSJodHRwczovL3d3dy5nb29nbGUuY29tL21hcHMvZW1iZWQ\/cGI9ITFtMTghMW0xMiExbTMhMWQyNjg1LjkzNTkyNjUxODAzNSEyZDEzLjYxOTE0MzIxNTY3NTA1MiEzZDQ3LjY4NTY2NDI5MDUwNTkxITJtMyExZjAhMmYwITNmMCEzbTIhMWkxMDI0ITJpNzY4ITRmMTMuMSEzbTMhMW0yITFzMHg0NzcxNGM5MzUwNDcyYzdkJTNBMHg1NTZmZmYzOWY1YmM4YjNkITJzUEtTK0JST05aRSstK0ZhLitKb2hhbm5lcytTdGFkbGVyITVlMCEzbTIhMXNkZSEyc2F0ITR2MTU2MDQxNDYwODYxNyE1bTIhMXNkZSEyc2F0IiBhbGxvd2Z1bGxzY3JlZW49ImFsbG93ZnVsbHNjcmVlbiIgd2lkdGg9IjYwMCIgaGVpZ2h0PSI0NTAiIGZyYW1lYm9yZGVyPSIwIj48L2lmcmFtZT4=\">\n<div class=\"brlbs-cmpnt-cb-preset-a\">\n<p class=\"brlbs-cmpnt-cb-description\">Sie sehen gerade einen Platzhalterinhalt von <strong>Standard<\/strong>. Um auf den eigentlichen Inhalt zuzugreifen, klicken Sie auf den Button unten. Bitte beachten Sie, dass dabei Daten an Drittanbieter weitergegeben werden.<\/p>\n<div class=\"brlbs-cmpnt-cb-buttons\"> <a class=\"brlbs-cmpnt-cb-btn\" href=\"#\" data-borlabs-cookie-unblock role=\"button\">Inhalt entsperren<\/a> <a class=\"brlbs-cmpnt-cb-btn\" href=\"#\" data-borlabs-cookie-accept-service role=\"button\" style=\"display: none\">Erforderlichen Service akzeptieren und Inhalte entsperren<\/a> <\/div>\n<p> <a class=\"brlbs-cmpnt-cb-provider-toggle\" href=\"#\" data-borlabs-cookie-show-provider-information role=\"button\">Weitere Informationen<\/a> <\/div>\n<\/div>\n","protected":false},"excerpt":{"rendered":"<p>VISITE DE L&rsquo;ENTREP\u00d4T D&rsquo;EXP\u00c9DITION Vous pouvez nous rendre visite \u00e0 notre entrep\u00f4t d&rsquo;exp\u00e9dition, de pr\u00e9f\u00e9rence le matin. L&rsquo;entrep\u00f4t d&rsquo;exp\u00e9dition se trouve dans le m\u00eame b\u00e2timent que l&rsquo;administration de la succession de Viktor et Walter Schauberger. Veuillez appeler \u00e0 l&rsquo;avance, nous ne sommes pas toujours dans l&rsquo;entrep\u00f4t pendant les heures de bureau habituelles : NOUVEAU T\u00e9l. [&hellip;]<\/p>\n","protected":false},"author":820,"featured_media":0,"parent":3080,"menu_order":0,"comment_status":"closed","ping_status":"closed","template":"","meta":{"footnotes":""},"class_list":["post-2602","page","type-page","status-publish","hentry"],"_links":{"self":[{"href":"https:\/\/kupferspuren.at\/fr\/wp-json\/wp\/v2\/pages\/2602","targetHints":{"allow":["GET"]}}],"collection":[{"href":"https:\/\/kupferspuren.at\/fr\/wp-json\/wp\/v2\/pages"}],"about":[{"href":"https:\/\/kupferspuren.at\/fr\/wp-json\/wp\/v2\/types\/page"}],"author":[{"embeddable":true,"href":"https:\/\/kupferspuren.at\/fr\/wp-json\/wp\/v2\/users\/820"}],"replies":[{"embeddable":true,"href":"https:\/\/kupferspuren.at\/fr\/wp-json\/wp\/v2\/comments?post=2602"}],"version-history":[{"count":0,"href":"https:\/\/kupferspuren.at\/fr\/wp-json\/wp\/v2\/pages\/2602\/revisions"}],"up":[{"embeddable":true,"href":"https:\/\/kupferspuren.at\/fr\/wp-json\/wp\/v2\/pages\/3080"}],"wp:attachment":[{"href":"https:\/\/kupferspuren.at\/fr\/wp-json\/wp\/v2\/media?parent=2602"}],"curies":[{"name":"wp","href":"https:\/\/api.w.org\/{rel}","templated":true}]}}