{"id":2713,"date":"2017-11-15T18:50:58","date_gmt":"2017-11-15T17:50:58","guid":{"rendered":"http:\/\/pksbronze.at\/informationen\/kontakt\/"},"modified":"2025-08-29T09:33:34","modified_gmt":"2025-08-29T07:33:34","slug":"kontakt","status":"publish","type":"page","link":"https:\/\/kupferspuren.at\/fr\/kontakt\/","title":{"rendered":"Contact"},"content":{"rendered":"<p>Production et vente g\u00e9n\u00e9rale PKS BRONZE Outils de jardin en alliage de cuivre massif<\/p>\n<p>Soci\u00e9t\u00e9 : PKS Bronze GmbH<\/p>\n<ul>\n<li>Adresse :<br \/>\nPKS Bronze GmbH<br \/>\nSchneiderwirtstra\u00dfe 4<br \/>\nA 4820 Bad Ischl<\/li>\n<li>T\u00e9l\u00e9phone : 0043 677 631 482 77<\/li>\n<li>Courrier \u00e9lectronique : <a href=\"mailto:office@kupferspuren.at\">office@kupferspuren.at<\/a><\/li>\n<\/ul>\n","protected":false},"excerpt":{"rendered":"<p>Production et vente g\u00e9n\u00e9rale PKS BRONZE Outils de jardin en alliage de cuivre massif Soci\u00e9t\u00e9 : PKS Bronze GmbH Adresse : PKS Bronze GmbH Schneiderwirtstra\u00dfe 4 A 4820 Bad Ischl T\u00e9l\u00e9phone : 0043 677 631 482 77 Courrier \u00e9lectronique : office@kupferspuren.at<\/p>\n","protected":false},"author":820,"featured_media":0,"parent":0,"menu_order":0,"comment_status":"closed","ping_status":"closed","template":"","meta":{"footnotes":""},"class_list":["post-2713","page","type-page","status-publish","hentry"],"_links":{"self":[{"href":"https:\/\/kupferspuren.at\/fr\/wp-json\/wp\/v2\/pages\/2713","targetHints":{"allow":["GET"]}}],"collection":[{"href":"https:\/\/kupferspuren.at\/fr\/wp-json\/wp\/v2\/pages"}],"about":[{"href":"https:\/\/kupferspuren.at\/fr\/wp-json\/wp\/v2\/types\/page"}],"author":[{"embeddable":true,"href":"https:\/\/kupferspuren.at\/fr\/wp-json\/wp\/v2\/users\/820"}],"replies":[{"embeddable":true,"href":"https:\/\/kupferspuren.at\/fr\/wp-json\/wp\/v2\/comments?post=2713"}],"version-history":[{"count":0,"href":"https:\/\/kupferspuren.at\/fr\/wp-json\/wp\/v2\/pages\/2713\/revisions"}],"wp:attachment":[{"href":"https:\/\/kupferspuren.at\/fr\/wp-json\/wp\/v2\/media?parent=2713"}],"curies":[{"name":"wp","href":"https:\/\/api.w.org\/{rel}","templated":true}]}}