{"id":3080,"date":"2017-11-23T10:23:19","date_gmt":"2017-11-23T09:23:19","guid":{"rendered":"http:\/\/pksbronze.at\/schweiz-niederlande-england\/"},"modified":"2025-08-28T14:35:13","modified_gmt":"2025-08-28T12:35:13","slug":"schweiz-niederlande-england","status":"publish","type":"page","link":"https:\/\/kupferspuren.at\/fr\/schweiz-niederlande-england\/","title":{"rendered":"Informations sur la boutique"},"content":{"rendered":"<ul>\n<li><strong>Tous les produits<\/strong> que vous pouvez commander chez nous <strong>sont en stock<\/strong> et peuvent \u00eatre exp\u00e9di\u00e9s <strong>IMM\u00c9DIATEMENT<\/strong><strong> apr\u00e8s le d\u00e9p\u00f4t<\/strong>.<br \/>\nTous les outils <img loading=\"lazy\" decoding=\"async\" class=\"size-full wp-image-21370 alignnone\" src=\"https:\/\/kupferspuren.at\/wp-content\/uploads\/2023\/08\/nicht-vorraetig.jpg\" alt=\"\" width=\"120\" height=\"29\">ne peuvent pas non plus \u00eatre command\u00e9s. Le d\u00e9lai d&rsquo;attente est g\u00e9n\u00e9ralement d&rsquo;environ 14 jours. <\/li>\n<li><strong>D\u00c9LAI DE LIVRAISON<\/strong> entre 1 et 3 jours ouvrables. Vous recevrez une notification par e-mail sur le statut de l&rsquo;exp\u00e9dition.<br \/>\n<strong>LIVRAISON<\/strong> via DPD et UPS. Une r\u00e9ception est n\u00e9cessaire, veuillez en tenir compte lors de l&rsquo;adresse de livraison. <\/li>\n<\/ul>\n<ul>\n<li><strong>Probl\u00e8mes dans la boutique en ligne ?<\/strong><br \/>\nVeuillez simplement nous envoyer un e-mail avec vos souhaits : <a href=\"mailto:office@kupferspuren.at\">office(a)kupferspuren.at<\/a><br \/>\nIndiquez l&rsquo;adresse de facturation, ou l&rsquo;adresse de livraison et le num\u00e9ro de t\u00e9l\u00e9phone. Nous vous enverrons une confirmation de commande par e-mail, avec la facture et les d\u00e9tails du paiement. <\/li>\n<\/ul>\n<ul>\n<li><strong>Vous pr\u00e9f\u00e9rez acheter directement ?<\/strong><br \/>\nCe lien vous permet de trouver tous nos <strong><strong>&gt;<a href=\"https:\/\/kupferspuren.at\/fr\/distributeurs\/autriche\/\">distributeurs en Autriche<\/a><\/strong><\/strong><\/li>\n<li><strong><strong>ENLEVEMENT <\/strong><\/strong>\u00e0 notre entrep\u00f4t n&rsquo;est possible que si les outils ont \u00e9t\u00e9 command\u00e9s et pay\u00e9s dans la boutique. Les frais d&rsquo;exp\u00e9dition ne sont pas factur\u00e9s si vous indiquez : \u00ab\u00a0Enl\u00e8vement\u00a0\u00bb<br \/>\nNous sommes g\u00e9n\u00e9ralement, du lundi au vendredi, de 8h \u00e0 14h \u00e0 l&rsquo;entrep\u00f4t d&rsquo;exp\u00e9dition. Appel demand\u00e9 : 0043 677 6314 8277<br \/>\nNotre site est depuis 2022 dans la Schneiderwirtsstra\u00dfe 4 !  <\/li>\n<\/ul>\n<ul>\n<li><strong>Vous souhaitez acheter depuis la Suisse ?<br \/>\n<\/strong>Avec une adresse de facturation <strong>ou<\/strong> de livraison en <strong>Suisse<\/strong>, vous ne pouvez acheter qu&rsquo;aupr\u00e8s de nos <strong>&gt;<a href=\"https:\/\/kupferspuren.at\/fr\/distributeurs\/schweiz\/\">distributeurs suisses<\/a><\/strong> faire des achats.<\/li>\n<li><strong>Vous souhaitez acheter depuis les Pays-Bas ou le Royaume-Uni ?<br \/>\n<\/strong>Veuillez contacter nos partenaires de distribution :<br \/>\n<a href=\"https:\/\/kupferspuren.at\/fr\/distributeurs\/pays-bas\/\" target=\"_blank\" rel=\"noopener noreferrer\">Distributeurs PAYS-BAS\/Hollande<br \/>\n<\/a><a href=\"https:\/\/kupferspuren.at\/fr\/distributeurs\/angleterre\/\">Distributeurs ANGLETERRE<\/a><a href=\"http:\/\/pksbronze.at\/vertriebspartner\/niederlande\/\"><br \/>\n<\/a><a href=\"https:\/\/kupferspuren.at\/fr\/distributeurs\/irlande\/\" target=\"_blank\" rel=\"noopener\">Distributeur IRLANDE<\/a><\/li>\n<\/ul>\n<ul>\n<li><strong>LIVRAISON GRATUITE \u00e0 partir de 300,- \u20ac d&rsquo;achat (en Allemagne et en Autriche)<\/strong><\/li>\n<\/ul>\n<h1><\/h1>\n<p>Nous pouvons \u00e9galement vous envoyer notre brochure gratuite.  <a href=\"https:\/\/kupferspuren.at\/fr\/kontakt\/\">Contact<\/a><\/p>\n<hr>\n<h2><a href=\"https:\/\/kupferspuren.at\/fr\/information\/garantie\/\">GARANTIE<\/a><\/h2>\n<p><strong>Nous accordons une garantie de 10 ans sur toutes les pi\u00e8ces m\u00e9talliques.<\/strong>  Cela ne s&rsquo;applique pas \u00e0 l&rsquo;usure et \u00e0 la d\u00e9t\u00e9rioration.<\/p>\n<hr>\n","protected":false},"excerpt":{"rendered":"<p>Tous les produits que vous pouvez commander chez nous sont en stock et peuvent \u00eatre exp\u00e9di\u00e9s IMM\u00c9DIATEMENT apr\u00e8s le d\u00e9p\u00f4t. Tous les outils ne peuvent pas non plus \u00eatre command\u00e9s. Le d\u00e9lai d&rsquo;attente est g\u00e9n\u00e9ralement d&rsquo;environ 14 jours. D\u00c9LAI DE LIVRAISON entre 1 et 3 jours ouvrables. Vous recevrez une notification par e-mail sur le [&hellip;]<\/p>\n","protected":false},"author":820,"featured_media":0,"parent":0,"menu_order":0,"comment_status":"closed","ping_status":"closed","template":"","meta":{"footnotes":""},"class_list":["post-3080","page","type-page","status-publish","hentry"],"_links":{"self":[{"href":"https:\/\/kupferspuren.at\/fr\/wp-json\/wp\/v2\/pages\/3080","targetHints":{"allow":["GET"]}}],"collection":[{"href":"https:\/\/kupferspuren.at\/fr\/wp-json\/wp\/v2\/pages"}],"about":[{"href":"https:\/\/kupferspuren.at\/fr\/wp-json\/wp\/v2\/types\/page"}],"author":[{"embeddable":true,"href":"https:\/\/kupferspuren.at\/fr\/wp-json\/wp\/v2\/users\/820"}],"replies":[{"embeddable":true,"href":"https:\/\/kupferspuren.at\/fr\/wp-json\/wp\/v2\/comments?post=3080"}],"version-history":[{"count":0,"href":"https:\/\/kupferspuren.at\/fr\/wp-json\/wp\/v2\/pages\/3080\/revisions"}],"wp:attachment":[{"href":"https:\/\/kupferspuren.at\/fr\/wp-json\/wp\/v2\/media?parent=3080"}],"curies":[{"name":"wp","href":"https:\/\/api.w.org\/{rel}","templated":true}]}}