{"id":3623,"date":"2018-01-16T11:32:40","date_gmt":"2018-01-16T10:32:40","guid":{"rendered":"http:\/\/pksbronze.at\/?page_id=3623"},"modified":"2025-08-29T09:30:30","modified_gmt":"2025-08-29T07:30:30","slug":"droit-de-retractation","status":"publish","type":"page","link":"https:\/\/kupferspuren.at\/fr\/agb\/droit-de-retractation\/","title":{"rendered":"Information sur le droit de r\u00e9tractation"},"content":{"rendered":"<p><span lang=\"de-AT\"><b>Droit de r\u00e9tractation du client<br \/>\n<\/b><\/span><\/p>\n<p><span lang=\"de-AT\">Vous avez le droit de vous r\u00e9tracter du pr\u00e9sent contrat sans donner de motif dans un d\u00e9lai de quatorze jours.<\/span><\/p>\n<p>Les frais de retour sont \u00e0 votre charge. Nous vous rembourserons le montant de la facture pay\u00e9e d\u00e8s r\u00e9ception de la marchandise retourn\u00e9e. <\/p>\n<p>Le droit de r\u00e9tractation ne s&rsquo;applique pas dans les cas suivants : &#8211; en cas de livraison de marchandises fabriqu\u00e9es selon les sp\u00e9cifications du client ou clairement adapt\u00e9es aux besoins personnels du client ou qui, en raison de leur nature, ne peuvent pas \u00eatre renvoy\u00e9es ;<\/p>\n<p><span lang=\"de-AT\"><b>Droit de r\u00e9tractation de la soci\u00e9t\u00e9 PKS Bronze GmbH<br \/>\n<\/b><\/span><\/p>\n<p><span lang=\"de-AT\"><span id=\"result_box\" class=\"\" lang=\"de\"><span class=\"\">En cas de difficult\u00e9s de production impr\u00e9visibles, nous sommes en droit de r\u00e9silier le contrat et de vous restituer le montant de la facture.<\/span><\/span><\/span><\/p>\n<p>Si des colis ne peuvent pas \u00eatre r\u00e9ceptionn\u00e9s par des clients et nous sont donc retourn\u00e9s, la soci\u00e9t\u00e9 Johannes Stadler peut  <span lang=\"de-AT\">Annuler\/r\u00e9soudre le contrat. Le montant de la facture pay\u00e9e sera rembours\u00e9 imm\u00e9diatement apr\u00e8s l&rsquo;arriv\u00e9e du colis, d\u00e9duction faite des frais d&rsquo;exp\u00e9dition. <\/span><\/p>\n","protected":false},"excerpt":{"rendered":"<p>Droit de r\u00e9tractation du client Vous avez le droit de vous r\u00e9tracter du pr\u00e9sent contrat sans donner de motif dans un d\u00e9lai de quatorze jours. Les frais de retour sont \u00e0 votre charge. Nous vous rembourserons le montant de la facture pay\u00e9e d\u00e8s r\u00e9ception de la marchandise retourn\u00e9e. Le droit de r\u00e9tractation ne s&rsquo;applique pas [&hellip;]<\/p>\n","protected":false},"author":820,"featured_media":0,"parent":1614,"menu_order":0,"comment_status":"closed","ping_status":"closed","template":"","meta":{"footnotes":""},"class_list":["post-3623","page","type-page","status-publish","hentry"],"_links":{"self":[{"href":"https:\/\/kupferspuren.at\/fr\/wp-json\/wp\/v2\/pages\/3623","targetHints":{"allow":["GET"]}}],"collection":[{"href":"https:\/\/kupferspuren.at\/fr\/wp-json\/wp\/v2\/pages"}],"about":[{"href":"https:\/\/kupferspuren.at\/fr\/wp-json\/wp\/v2\/types\/page"}],"author":[{"embeddable":true,"href":"https:\/\/kupferspuren.at\/fr\/wp-json\/wp\/v2\/users\/820"}],"replies":[{"embeddable":true,"href":"https:\/\/kupferspuren.at\/fr\/wp-json\/wp\/v2\/comments?post=3623"}],"version-history":[{"count":0,"href":"https:\/\/kupferspuren.at\/fr\/wp-json\/wp\/v2\/pages\/3623\/revisions"}],"up":[{"embeddable":true,"href":"https:\/\/kupferspuren.at\/fr\/wp-json\/wp\/v2\/pages\/1614"}],"wp:attachment":[{"href":"https:\/\/kupferspuren.at\/fr\/wp-json\/wp\/v2\/media?parent=3623"}],"curies":[{"name":"wp","href":"https:\/\/api.w.org\/{rel}","templated":true}]}}