{"id":14170,"date":"2021-03-30T09:42:19","date_gmt":"2021-03-30T07:42:19","guid":{"rendered":"https:\/\/kupferspuren.at\/?post_type=product&#038;p=14170"},"modified":"2025-08-28T14:46:40","modified_gmt":"2025-08-28T12:46:40","slug":"manche-merak","status":"publish","type":"product","link":"https:\/\/kupferspuren.at\/fr\/produkt\/manche-merak\/","title":{"rendered":"Manche pour MERAK"},"content":{"rendered":"<div id=\"c1574\" class=\"csc-default\">\n<h3><\/h3>\n<\/div>\n<p><code><iframe loading=\"lazy\" src=\"https:\/\/www.youtube.com\/embed\/SmUzy9jnh2E?rel=0\" width=\"560\" height=\"315\" frameborder=\"0\" allowfullscreen=\"allowfullscreen\" data-mce-fragment=\"1\"\/><\/code><\/p>\n","protected":false},"excerpt":{"rendered":"<p>BOIS DE FEN\u00caTRE Manche non trait\u00e9, avec coin \u00e0 enfoncer.<\/p>\n<p><strong>Manche pour n\u00b0 185 Krail <a href=\"https:\/\/kupferspuren.at\/fr\/produkt\/la-fourche-merak\/\">\u00ab\u00a0MERAK\u00a0\u00bb<\/a><br \/>\nconvient \u00e9galement pour n\u00b0 010 Roue de champ <a href=\"https:\/\/kupferspuren.at\/fr\/produkt\/houe-sirius\/\">\u00ab\u00a0SIRIUS <\/a><\/strong>\u00ab\u00a0.<strong><br \/>\n<\/strong> <\/p>\n","protected":false},"featured_media":1902,"comment_status":"closed","ping_status":"closed","template":"","meta":[],"product_brand":[],"product_cat":[163],"product_tag":[],"class_list":{"0":"post-14170","1":"product","2":"type-product","3":"status-publish","4":"has-post-thumbnail","6":"product_cat-poignees-de-rechange-et-divers-fr","8":"first","9":"instock","10":"taxable","11":"shipping-taxable","12":"purchasable","13":"product-type-simple"},"_links":{"self":[{"href":"https:\/\/kupferspuren.at\/fr\/wp-json\/wp\/v2\/product\/14170","targetHints":{"allow":["GET"]}}],"collection":[{"href":"https:\/\/kupferspuren.at\/fr\/wp-json\/wp\/v2\/product"}],"about":[{"href":"https:\/\/kupferspuren.at\/fr\/wp-json\/wp\/v2\/types\/product"}],"replies":[{"embeddable":true,"href":"https:\/\/kupferspuren.at\/fr\/wp-json\/wp\/v2\/comments?post=14170"}],"wp:featuredmedia":[{"embeddable":true,"href":"https:\/\/kupferspuren.at\/fr\/wp-json\/wp\/v2\/media\/1902"}],"wp:attachment":[{"href":"https:\/\/kupferspuren.at\/fr\/wp-json\/wp\/v2\/media?parent=14170"}],"wp:term":[{"taxonomy":"product_brand","embeddable":true,"href":"https:\/\/kupferspuren.at\/fr\/wp-json\/wp\/v2\/product_brand?post=14170"},{"taxonomy":"product_cat","embeddable":true,"href":"https:\/\/kupferspuren.at\/fr\/wp-json\/wp\/v2\/product_cat?post=14170"},{"taxonomy":"product_tag","embeddable":true,"href":"https:\/\/kupferspuren.at\/fr\/wp-json\/wp\/v2\/product_tag?post=14170"}],"curies":[{"name":"wp","href":"https:\/\/api.w.org\/{rel}","templated":true}]}}