{"id":1778,"date":"2017-09-29T14:53:47","date_gmt":"2017-09-29T12:53:47","guid":{"rendered":"http:\/\/pksbronze.at\/produkt\/buchenholz-griff-geoelt\/"},"modified":"2025-08-28T14:46:49","modified_gmt":"2025-08-28T12:46:49","slug":"buchenholz-griff-geoelt","status":"publish","type":"product","link":"https:\/\/kupferspuren.at\/fr\/produkt\/buchenholz-griff-geoelt\/","title":{"rendered":"Poign\u00e9e de rechange Pelle \u00e0 main"},"content":{"rendered":"<p><strong> Bois de h\u00eatre <\/strong>tourn\u00e9<strong>, <\/strong>huil\u00e9<strong><br \/>\n<\/strong>13 cm de long, environ 3 cm de \u00d8 au milieu, 60 g de poids<code><iframe loading=\"lazy\" src=\"https:\/\/www.youtube.com\/embed\/jpAxUMTC4kE?rel=0\" width=\"560\" height=\"315\" frameborder=\"0\" allowfullscreen=\"allowfullscreen\" data-mce-fragment=\"1\"\/><\/code><\/p>\n","protected":false},"excerpt":{"rendered":"<p><strong>Poign\u00e9e de rechange pour <\/strong><strong>pelle \u00e0 main <a href=\"https:\/\/kupferspuren.at\/fr\/produkt\/truelle-de-jardin-en-cuivre-castor\/\">\u00ab\u00a0CASTOR\u00a0\u00bb<\/a>, <a href=\"https:\/\/kupferspuren.at\/fr\/produkt\/truelle-de-jardin-musca\/\">\u00ab\u00a0MUSCA\u00a0\u00bb<\/a>, <a href=\"https:\/\/kupferspuren.at\/produkt\/handschaufel-mira\/\">\u00ab\u00a0MIRA\u00a0\u00bb<\/a> et<br \/>\n<\/strong><strong>pour n\u00b0 120 Fourche \u00e0 fleurs <a href=\"https:\/\/kupferspuren.at\/fr\/produkt\/fourchette-a-fleurs-vega\/\">\u00ab\u00a0VEGA <\/a><\/strong> <\/p>\n","protected":false},"featured_media":1779,"comment_status":"closed","ping_status":"closed","template":"","meta":[],"product_brand":[],"product_cat":[163],"product_tag":[],"class_list":{"0":"post-1778","1":"product","2":"type-product","3":"status-publish","4":"has-post-thumbnail","6":"product_cat-poignees-de-rechange-et-divers-fr","8":"first","9":"instock","10":"taxable","11":"shipping-taxable","12":"purchasable","13":"product-type-simple"},"_links":{"self":[{"href":"https:\/\/kupferspuren.at\/fr\/wp-json\/wp\/v2\/product\/1778","targetHints":{"allow":["GET"]}}],"collection":[{"href":"https:\/\/kupferspuren.at\/fr\/wp-json\/wp\/v2\/product"}],"about":[{"href":"https:\/\/kupferspuren.at\/fr\/wp-json\/wp\/v2\/types\/product"}],"replies":[{"embeddable":true,"href":"https:\/\/kupferspuren.at\/fr\/wp-json\/wp\/v2\/comments?post=1778"}],"wp:featuredmedia":[{"embeddable":true,"href":"https:\/\/kupferspuren.at\/fr\/wp-json\/wp\/v2\/media\/1779"}],"wp:attachment":[{"href":"https:\/\/kupferspuren.at\/fr\/wp-json\/wp\/v2\/media?parent=1778"}],"wp:term":[{"taxonomy":"product_brand","embeddable":true,"href":"https:\/\/kupferspuren.at\/fr\/wp-json\/wp\/v2\/product_brand?post=1778"},{"taxonomy":"product_cat","embeddable":true,"href":"https:\/\/kupferspuren.at\/fr\/wp-json\/wp\/v2\/product_cat?post=1778"},{"taxonomy":"product_tag","embeddable":true,"href":"https:\/\/kupferspuren.at\/fr\/wp-json\/wp\/v2\/product_tag?post=1778"}],"curies":[{"name":"wp","href":"https:\/\/api.w.org\/{rel}","templated":true}]}}