{"id":1817,"date":"2017-09-26T12:25:51","date_gmt":"2017-09-26T10:25:51","guid":{"rendered":"http:\/\/pksbronze.at\/produkt\/handschaufel-mira\/"},"modified":"2026-03-21T20:18:17","modified_gmt":"2026-03-21T19:18:17","slug":"truelle-de-jardin-mira","status":"publish","type":"product","link":"https:\/\/kupferspuren.at\/fr\/produkt\/truelle-de-jardin-mira\/","title":{"rendered":"Pelle \u00e0 main MIRA"},"content":{"rendered":"<p>Pelletage et d\u00e9coupage faciles gr\u00e2ce aux excellentes propri\u00e9t\u00e9s du mat\u00e9riau. Peut \u00e9galement \u00eatre utilis\u00e9e comme pelle de pose. <\/p>\n<p><img loading=\"lazy\" decoding=\"async\" class=\"alignnone wp-image-3120 size-full\" src=\"https:\/\/kupferspuren.at\/wp-content\/uploads\/2017\/09\/Pflanzschaufel_coppertrowel_pks_schauberger_gaia-1.jpg\" alt=\"Pelle \u00e0 main en cuivre Mira\" width=\"700\" height=\"249\" srcset=\"https:\/\/kupferspuren.at\/wp-content\/uploads\/2017\/09\/Pflanzschaufel_coppertrowel_pks_schauberger_gaia-1.jpg 700w, https:\/\/kupferspuren.at\/wp-content\/uploads\/2017\/09\/Pflanzschaufel_coppertrowel_pks_schauberger_gaia-1-300x107.jpg 300w, https:\/\/kupferspuren.at\/wp-content\/uploads\/2017\/09\/Pflanzschaufel_coppertrowel_pks_schauberger_gaia-1-600x213.jpg 600w, https:\/\/kupferspuren.at\/wp-content\/uploads\/2017\/09\/Pflanzschaufel_coppertrowel_pks_schauberger_gaia-1-150x53.jpg 150w, https:\/\/kupferspuren.at\/wp-content\/uploads\/2017\/09\/Pflanzschaufel_coppertrowel_pks_schauberger_gaia-1-324x115.jpg 324w, https:\/\/kupferspuren.at\/wp-content\/uploads\/2017\/09\/Pflanzschaufel_coppertrowel_pks_schauberger_gaia-1-416x148.jpg 416w\" sizes=\"auto, (max-width: 700px) 100vw, 700px\" \/><\/p>\n<h1>Avantages<\/h1>\n<ul>\n<li><b>Aucun entretien<\/b> n\u00e9cessaire.<\/li>\n<li><b>Pas de formation de rouille <\/b>(pas de vert-de-gris non plus ! voir <a href=\"https:\/\/kupferspuren.at\/fr\/information\/cuivre\/verdigris-et-patine\/\">Vert-de-gris ou patine<\/a>? ).<\/li>\n<li>Ils peuvent \u00eatre r\u00e9aff\u00fbt\u00e9s ou \u00e9barb\u00e9s.<\/li>\n<li>Ils ont une <b>dur\u00e9e de vie<\/b> incomparablement <b>plus longue<\/b> que les appareils en fer.<\/li>\n<li>Le travail avec des outils de jardinage en cuivre <b>n\u00e9cessite moins d&rsquo;efforts en<\/b> raison des propri\u00e9t\u00e9s du mat\u00e9riau <b>.<\/b><\/li>\n<li>Ne peut <b>pas<\/b> \u00eatre charg\u00e9 <b>magn\u00e9tiquement<\/b>. Le champ de tension naturel dans notre milieu de culture est \u00e0 peine perturb\u00e9 par l&rsquo;intervention d&rsquo;outils de jardinage en cuivre. Cela am\u00e9liore l&rsquo;\u00e9quilibre hydrique du sol et le comportement des escargots (voir : <a href=\"https:\/\/kupferspuren.at\/fr\/information\/cuivre\/effets\/jane-cobbald-wie-ich-schnecken-schaetzen-lernte\/\">Jane Cobbald<\/a>).  <\/li>\n<li>Gr\u00e2ce aux exp\u00e9riences du naturaliste <a href=\"http:\/\/www.pks.or.at\" target=\"_blank\" rel=\"noopener noreferrer\"><b>Viktor Schauberger<\/b><\/a> dans les ann\u00e9es 50, a permis de d\u00e9montrer l&rsquo;am\u00e9lioration du sol et la stimulation de la croissance qui en d\u00e9coule.<\/li>\n<li>L&rsquo;abrasion apporte <b>des oligo-\u00e9l\u00e9ments de cuivre<\/b>dans le sol, qui jouent un r\u00f4le essentiel dans les processus enzymatiques : voir <a href=\"https:\/\/kupferspuren.at\/fr\/information\/cuivre\/kupfer-und-wachstum\/\">\u00ab\u00a0Cuivre et croissance\u00a0\u00bb.<\/a><\/li>\n<li><b>Plus de 20 ans d&rsquo;exp\u00e9rience<\/b> dans la production.<br \/>\nDes jardiniers et jardini\u00e8res enthousiastes <b>confirment notre qualit\u00e9<\/b>.<\/li>\n<\/ul>\n","protected":false},"excerpt":{"rendered":"<p>\u00c9l\u00e9gant et efficace pour couper les longues racines<strong>.<br \/>\n<\/strong> Alliage de cuivre massif, manche en bois de h\u00eatre. L 31 cm \/ l 5,5 cm \/ G 200 g <\/p>\n","protected":false},"featured_media":26251,"comment_status":"open","ping_status":"closed","template":"","meta":[],"product_brand":[],"product_cat":[173],"product_tag":[216,288,406,456],"class_list":{"0":"post-1817","1":"product","2":"type-product","3":"status-publish","4":"has-post-thumbnail","6":"product_cat-petits-outils-en-cuivre-fr","7":"product_tag-cuivre-pelle-a-main-fr","8":"product_tag-pelle-fr","9":"product_tag-planter","10":"product_tag-truelle-de-jardin","12":"first","13":"instock","14":"taxable","15":"shipping-taxable","16":"purchasable","17":"product-type-simple"},"_links":{"self":[{"href":"https:\/\/kupferspuren.at\/fr\/wp-json\/wp\/v2\/product\/1817","targetHints":{"allow":["GET"]}}],"collection":[{"href":"https:\/\/kupferspuren.at\/fr\/wp-json\/wp\/v2\/product"}],"about":[{"href":"https:\/\/kupferspuren.at\/fr\/wp-json\/wp\/v2\/types\/product"}],"replies":[{"embeddable":true,"href":"https:\/\/kupferspuren.at\/fr\/wp-json\/wp\/v2\/comments?post=1817"}],"wp:featuredmedia":[{"embeddable":true,"href":"https:\/\/kupferspuren.at\/fr\/wp-json\/wp\/v2\/media\/26251"}],"wp:attachment":[{"href":"https:\/\/kupferspuren.at\/fr\/wp-json\/wp\/v2\/media?parent=1817"}],"wp:term":[{"taxonomy":"product_brand","embeddable":true,"href":"https:\/\/kupferspuren.at\/fr\/wp-json\/wp\/v2\/product_brand?post=1817"},{"taxonomy":"product_cat","embeddable":true,"href":"https:\/\/kupferspuren.at\/fr\/wp-json\/wp\/v2\/product_cat?post=1817"},{"taxonomy":"product_tag","embeddable":true,"href":"https:\/\/kupferspuren.at\/fr\/wp-json\/wp\/v2\/product_tag?post=1817"}],"curies":[{"name":"wp","href":"https:\/\/api.w.org\/{rel}","templated":true}]}}