{"id":1823,"date":"2017-09-28T12:27:19","date_gmt":"2017-09-28T10:27:19","guid":{"rendered":"http:\/\/pksbronze.at\/produkt\/handkralle-lyra\/"},"modified":"2026-04-15T11:38:36","modified_gmt":"2026-04-15T09:38:36","slug":"griffe-sarcleuse-lyra","status":"publish","type":"product","link":"https:\/\/kupferspuren.at\/fr\/produkt\/griffe-sarcleuse-lyra\/","title":{"rendered":"Griffe \u00e0 main LYRA"},"content":{"rendered":"<div id=\"c318\" class=\"csc-default\">\n<div id=\"c296\" class=\"csc-default\">\n<p><img loading=\"lazy\" decoding=\"async\" class=\"alignnone size-medium wp-image-5754\" src=\"https:\/\/kupferspuren.at\/wp-content\/uploads\/2017\/09\/PKSbronze_Kupferhandkralle_Copperclaw_gaia-Kopie-300x172.jpg\" alt=\"Griffe \u00e0 main en cuivre\" width=\"300\" height=\"172\" srcset=\"https:\/\/kupferspuren.at\/wp-content\/uploads\/2017\/09\/PKSbronze_Kupferhandkralle_Copperclaw_gaia-Kopie-300x172.jpg 300w, https:\/\/kupferspuren.at\/wp-content\/uploads\/2017\/09\/PKSbronze_Kupferhandkralle_Copperclaw_gaia-Kopie-416x239.jpg 416w, https:\/\/kupferspuren.at\/wp-content\/uploads\/2017\/09\/PKSbronze_Kupferhandkralle_Copperclaw_gaia-Kopie-150x86.jpg 150w, https:\/\/kupferspuren.at\/wp-content\/uploads\/2017\/09\/PKSbronze_Kupferhandkralle_Copperclaw_gaia-Kopie-324x186.jpg 324w, https:\/\/kupferspuren.at\/wp-content\/uploads\/2017\/09\/PKSbronze_Kupferhandkralle_Copperclaw_gaia-Kopie.jpg 600w\" sizes=\"auto, (max-width: 300px) 100vw, 300px\" \/><\/p>\n<ul>\n<li><b>Aucun entretien<\/b> n\u00e9cessaire.<\/li>\n<li><b>Pas de formation de rouille.<\/b><\/li>\n<li>Ils peuvent \u00eatre r\u00e9aff\u00fbt\u00e9s ou \u00e9barb\u00e9s.<\/li>\n<li>Ils ont une <b>dur\u00e9e de vie<\/b> incomparablement <b>plus longue<\/b> que les appareils en fer.<\/li>\n<li>Le travail avec des outils de jardinage en cuivre <b>n\u00e9cessite moins d&rsquo;efforts en<\/b> raison des propri\u00e9t\u00e9s du mat\u00e9riau <b>.<\/b><\/li>\n<li>Ne peut <b>pas<\/b> \u00eatre charg\u00e9 <b>magn\u00e9tiquement<\/b>. Le champ de tension naturel dans notre milieu de culture est \u00e0 peine perturb\u00e9 par l&rsquo;intervention d&rsquo;outils de jardinage en cuivre. <\/li>\n<li>Les exp\u00e9riences men\u00e9es par le naturaliste <b>Viktor Schauberger<\/b> dans les ann\u00e9es 50 ont permis de d\u00e9montrer l&rsquo;am\u00e9lioration du sol et la stimulation de la croissance qui en r\u00e9sulte.<\/li>\n<li>L&rsquo;abrasion introduit <b>des oligo-\u00e9l\u00e9ments de cuivre<\/b>dans le sol, qui jouent un r\u00f4le essentiel dans les processus enzymatiques.<\/li>\n<li><b>20 ans d&rsquo;exp\u00e9rience<\/b> dans la production. Des jardiniers et jardini\u00e8res enthousiastes <b>confirment la qualit\u00e9<\/b>. <\/li>\n<\/ul>\n<\/div>\n<\/div>\n","protected":false},"excerpt":{"rendered":"<p>Pour un sarclage en douceur<strong>.<br \/>\n<\/strong> Alliage cuivre massif, manche en bois de h\u00eatre. L 31 cm \/ l 7 cm \/ G 200 g <\/p>\n","protected":false},"featured_media":27262,"comment_status":"open","ping_status":"closed","template":"","meta":[],"product_brand":[],"product_cat":[173],"product_tag":[278,259],"class_list":{"0":"post-1823","1":"product","2":"type-product","3":"status-publish","4":"has-post-thumbnail","6":"product_cat-petits-outils-en-cuivre-fr","7":"product_tag-desherber-fr","8":"product_tag-desserrer-fr","10":"first","11":"instock","12":"taxable","13":"shipping-taxable","14":"purchasable","15":"product-type-simple"},"_links":{"self":[{"href":"https:\/\/kupferspuren.at\/fr\/wp-json\/wp\/v2\/product\/1823","targetHints":{"allow":["GET"]}}],"collection":[{"href":"https:\/\/kupferspuren.at\/fr\/wp-json\/wp\/v2\/product"}],"about":[{"href":"https:\/\/kupferspuren.at\/fr\/wp-json\/wp\/v2\/types\/product"}],"replies":[{"embeddable":true,"href":"https:\/\/kupferspuren.at\/fr\/wp-json\/wp\/v2\/comments?post=1823"}],"wp:featuredmedia":[{"embeddable":true,"href":"https:\/\/kupferspuren.at\/fr\/wp-json\/wp\/v2\/media\/27262"}],"wp:attachment":[{"href":"https:\/\/kupferspuren.at\/fr\/wp-json\/wp\/v2\/media?parent=1823"}],"wp:term":[{"taxonomy":"product_brand","embeddable":true,"href":"https:\/\/kupferspuren.at\/fr\/wp-json\/wp\/v2\/product_brand?post=1823"},{"taxonomy":"product_cat","embeddable":true,"href":"https:\/\/kupferspuren.at\/fr\/wp-json\/wp\/v2\/product_cat?post=1823"},{"taxonomy":"product_tag","embeddable":true,"href":"https:\/\/kupferspuren.at\/fr\/wp-json\/wp\/v2\/product_tag?post=1823"}],"curies":[{"name":"wp","href":"https:\/\/api.w.org\/{rel}","templated":true}]}}