{"id":1829,"date":"2017-09-28T09:58:57","date_gmt":"2017-09-28T07:58:57","guid":{"rendered":"http:\/\/pksbronze.at\/produkt\/kupfersetzdorn-maia\/"},"modified":"2026-03-26T20:48:44","modified_gmt":"2026-03-26T19:48:44","slug":"plantoir-maia","status":"publish","type":"product","link":"https:\/\/kupferspuren.at\/fr\/produkt\/plantoir-maia\/","title":{"rendered":"Mandrin de cuivre MAIA"},"content":{"rendered":"<p>La terre ne reste pas coll\u00e9e dessus. Tient bien dans la main. Avec un trou dans la poign\u00e9e pour une suspension.  <\/p>\n<p><img loading=\"lazy\" decoding=\"async\" class=\"alignnone wp-image-158 size-full\" src=\"https:\/\/kupferspuren.at\/wp-content\/uploads\/2017\/09\/Kupfersetzdorn.jpg\" alt=\"mandrin de pose\" width=\"600\" height=\"330\" srcset=\"https:\/\/kupferspuren.at\/wp-content\/uploads\/2017\/09\/Kupfersetzdorn.jpg 600w, https:\/\/kupferspuren.at\/wp-content\/uploads\/2017\/09\/Kupfersetzdorn-300x165.jpg 300w, https:\/\/kupferspuren.at\/wp-content\/uploads\/2017\/09\/Kupfersetzdorn-416x229.jpg 416w, https:\/\/kupferspuren.at\/wp-content\/uploads\/2017\/09\/Kupfersetzdorn-150x83.jpg 150w, https:\/\/kupferspuren.at\/wp-content\/uploads\/2017\/09\/Kupfersetzdorn-324x178.jpg 324w\" sizes=\"auto, (max-width: 600px) 100vw, 600px\" \/><\/p>\n","protected":false},"excerpt":{"rendered":"<div id=\"c146\" class=\"csc-default\">\n<p>Traces de cuivre d\u00e9j\u00e0 dans le trou de plantation<strong>.<br \/>\nCuivre pur<\/strong> &#8211; la pointe est ferm\u00e9e par une soudure en cuivre argent\u00e9, manche en fr\u00eane tourn\u00e9 et huil\u00e9. 30 cm \/ 230 g <\/p>\n<\/div>\n<div id=\"c147\" class=\"csc-default\"><\/div>\n","protected":false},"featured_media":26855,"comment_status":"open","ping_status":"closed","template":"","meta":[],"product_brand":[],"product_cat":[173],"product_tag":[415,406,414],"class_list":{"0":"post-1829","1":"product","2":"type-product","3":"status-publish","4":"has-post-thumbnail","6":"product_cat-petits-outils-en-cuivre-fr","7":"product_tag-placement-fr","8":"product_tag-planter","9":"product_tag-plantoir","11":"first","12":"instock","13":"taxable","14":"shipping-taxable","15":"purchasable","16":"product-type-simple"},"_links":{"self":[{"href":"https:\/\/kupferspuren.at\/fr\/wp-json\/wp\/v2\/product\/1829","targetHints":{"allow":["GET"]}}],"collection":[{"href":"https:\/\/kupferspuren.at\/fr\/wp-json\/wp\/v2\/product"}],"about":[{"href":"https:\/\/kupferspuren.at\/fr\/wp-json\/wp\/v2\/types\/product"}],"replies":[{"embeddable":true,"href":"https:\/\/kupferspuren.at\/fr\/wp-json\/wp\/v2\/comments?post=1829"}],"wp:featuredmedia":[{"embeddable":true,"href":"https:\/\/kupferspuren.at\/fr\/wp-json\/wp\/v2\/media\/26855"}],"wp:attachment":[{"href":"https:\/\/kupferspuren.at\/fr\/wp-json\/wp\/v2\/media?parent=1829"}],"wp:term":[{"taxonomy":"product_brand","embeddable":true,"href":"https:\/\/kupferspuren.at\/fr\/wp-json\/wp\/v2\/product_brand?post=1829"},{"taxonomy":"product_cat","embeddable":true,"href":"https:\/\/kupferspuren.at\/fr\/wp-json\/wp\/v2\/product_cat?post=1829"},{"taxonomy":"product_tag","embeddable":true,"href":"https:\/\/kupferspuren.at\/fr\/wp-json\/wp\/v2\/product_tag?post=1829"}],"curies":[{"name":"wp","href":"https:\/\/api.w.org\/{rel}","templated":true}]}}