{"id":1835,"date":"2017-09-29T07:29:20","date_gmt":"2017-09-29T05:29:20","guid":{"rendered":"http:\/\/pksbronze.at\/produkt\/setzdorn-maia-lang\/"},"modified":"2026-03-07T19:47:11","modified_gmt":"2026-03-07T18:47:11","slug":"plantoir-maia-longue","status":"publish","type":"product","link":"https:\/\/kupferspuren.at\/fr\/produkt\/plantoir-maia-longue\/","title":{"rendered":"Mandrin de pose MAIA long"},"content":{"rendered":"<p>Pr\u00e9paration du trou de plantation sans effort et sans avoir \u00e0 plier les genoux.<\/p>\n<h1>Avantages<\/h1>\n<ul>\n<li style=\"list-style-type: none;\">\n<ul>\n<li><b>Aucun entretien<\/b> n\u00e9cessaire.<\/li>\n<li><b>Pas de formation de rouille <\/b>(pas de vert-de-gris non plus ! voir <a href=\"https:\/\/kupferspuren.at\/fr\/information\/cuivre\/verdigris-et-patine\/\">Vert-de-gris ou patine<\/a>? ).<\/li>\n<li>Ils peuvent \u00eatre r\u00e9aff\u00fbt\u00e9s ou \u00e9barb\u00e9s.<\/li>\n<li>Ils ont une <b>dur\u00e9e de vie<\/b> incomparablement <b>plus longue<\/b> que les appareils en fer.<\/li>\n<li>Le travail avec des outils de jardinage en cuivre <b>n\u00e9cessite moins d&rsquo;efforts en<\/b> raison des propri\u00e9t\u00e9s du mat\u00e9riau <b>.<\/b><\/li>\n<li>Ne peut <b>pas<\/b> \u00eatre charg\u00e9 <b>magn\u00e9tiquement<\/b>. Le champ de tension naturel dans notre milieu de culture est \u00e0 peine perturb\u00e9 par l&rsquo;intervention d&rsquo;outils de jardinage en cuivre. Cela am\u00e9liore l&rsquo;\u00e9quilibre hydrique du sol et le comportement des escargots (voir : <a href=\"https:\/\/kupferspuren.at\/fr\/information\/cuivre\/effets\/jane-cobbald-wie-ich-schnecken-schaetzen-lernte\/\">Jane Cobbald<\/a>).  <\/li>\n<li>Gr\u00e2ce aux exp\u00e9riences du naturaliste <a href=\"http:\/\/www.pks.or.at\" target=\"_blank\" rel=\"noopener noreferrer\"><b>Viktor Schauberger<\/b><\/a> dans les ann\u00e9es 50, a permis de d\u00e9montrer l&rsquo;am\u00e9lioration du sol et la stimulation de la croissance qui en d\u00e9coule.<\/li>\n<li>L&rsquo;abrasion apporte <b>des oligo-\u00e9l\u00e9ments de cuivre<\/b>dans le sol, qui jouent un r\u00f4le essentiel dans les processus enzymatiques : voir <a href=\"https:\/\/kupferspuren.at\/fr\/information\/cuivre\/kupfer-und-wachstum\/\">\u00ab\u00a0Cuivre et croissance\u00a0\u00bb.<\/a><\/li>\n<li><b>Plus de 20 ans d&rsquo;exp\u00e9rience<\/b> dans la production.<br \/>\nDes jardiniers et jardini\u00e8res enthousiastes <b>confirment notre qualit\u00e9<\/b>.<\/li>\n<\/ul>\n<\/li>\n<\/ul>\n","protected":false},"excerpt":{"rendered":"<p><img loading=\"lazy\" decoding=\"async\" class=\"wp-image-185 size-medium alignleft\" src=\"https:\/\/kupferspuren.at\/wp-content\/uploads\/2017\/09\/Maia-lang-und-kurz-300x129.jpg\" alt=\"Comparaison des mandrins de cuivre courts et longs\" width=\"300\" height=\"129\" srcset=\"https:\/\/kupferspuren.at\/wp-content\/uploads\/2017\/09\/Maia-lang-und-kurz-300x129.jpg 300w, https:\/\/kupferspuren.at\/wp-content\/uploads\/2017\/09\/Maia-lang-und-kurz-416x179.jpg 416w, https:\/\/kupferspuren.at\/wp-content\/uploads\/2017\/09\/Maia-lang-und-kurz-150x65.jpg 150w, https:\/\/kupferspuren.at\/wp-content\/uploads\/2017\/09\/Maia-lang-und-kurz-324x139.jpg 324w, https:\/\/kupferspuren.at\/wp-content\/uploads\/2017\/09\/Maia-lang-und-kurz.jpg 600w\" sizes=\"auto, (max-width: 300px) 100vw, 300px\" \/><\/p>\n<p>&nbsp;<\/p>\n<p>&nbsp;<\/p>\n<p>&nbsp;<\/p>\n<p>&nbsp;<\/p>\n<p>Utile si vous avez beaucoup de trous de fixation.<br \/>\n<strong>Cuivre pur<\/strong>, la pointe est ferm\u00e9e par une soudure en cuivre argent\u00e9, manche en fr\u00eane tourn\u00e9. 52 cm\/ 380 g<br \/>\nVoir aussi \u00ab\u00a0<a href=\"http:\/\/kupferspuren.at\/produkt\/kupfersetzdorn-maia\/\"> Maia court\u00a0\u00bb.<\/a> <\/p>\n","protected":false},"featured_media":26859,"comment_status":"open","ping_status":"closed","template":"","meta":[],"product_brand":[],"product_cat":[173],"product_tag":[],"class_list":{"0":"post-1835","1":"product","2":"type-product","3":"status-publish","4":"has-post-thumbnail","6":"product_cat-petits-outils-en-cuivre-fr","8":"first","9":"instock","10":"taxable","11":"shipping-taxable","12":"purchasable","13":"product-type-simple"},"_links":{"self":[{"href":"https:\/\/kupferspuren.at\/fr\/wp-json\/wp\/v2\/product\/1835","targetHints":{"allow":["GET"]}}],"collection":[{"href":"https:\/\/kupferspuren.at\/fr\/wp-json\/wp\/v2\/product"}],"about":[{"href":"https:\/\/kupferspuren.at\/fr\/wp-json\/wp\/v2\/types\/product"}],"replies":[{"embeddable":true,"href":"https:\/\/kupferspuren.at\/fr\/wp-json\/wp\/v2\/comments?post=1835"}],"wp:featuredmedia":[{"embeddable":true,"href":"https:\/\/kupferspuren.at\/fr\/wp-json\/wp\/v2\/media\/26859"}],"wp:attachment":[{"href":"https:\/\/kupferspuren.at\/fr\/wp-json\/wp\/v2\/media?parent=1835"}],"wp:term":[{"taxonomy":"product_brand","embeddable":true,"href":"https:\/\/kupferspuren.at\/fr\/wp-json\/wp\/v2\/product_brand?post=1835"},{"taxonomy":"product_cat","embeddable":true,"href":"https:\/\/kupferspuren.at\/fr\/wp-json\/wp\/v2\/product_cat?post=1835"},{"taxonomy":"product_tag","embeddable":true,"href":"https:\/\/kupferspuren.at\/fr\/wp-json\/wp\/v2\/product_tag?post=1835"}],"curies":[{"name":"wp","href":"https:\/\/api.w.org\/{rel}","templated":true}]}}