{"id":1853,"date":"2017-09-26T00:27:10","date_gmt":"2017-09-25T22:27:10","guid":{"rendered":"http:\/\/pksbronze.at\/produkt\/jaetschlinge-nunki\/"},"modified":"2026-04-15T11:38:36","modified_gmt":"2026-04-15T09:38:36","slug":"collet-de-sarclage-nunki","status":"publish","type":"product","link":"https:\/\/kupferspuren.at\/fr\/produkt\/collet-de-sarclage-nunki\/","title":{"rendered":"Sangle de sciage NUNKI"},"content":{"rendered":"<p><img loading=\"lazy\" decoding=\"async\" class=\"alignleft wp-image-956 size-full\" src=\"https:\/\/kupferspuren.at\/wp-content\/uploads\/2017\/09\/Nunkizeichnung.jpg\" alt=\"Esquisse Nunki 1\" width=\"295\" height=\"241\" srcset=\"https:\/\/kupferspuren.at\/wp-content\/uploads\/2017\/09\/Nunkizeichnung.jpg 295w, https:\/\/kupferspuren.at\/wp-content\/uploads\/2017\/09\/Nunkizeichnung-150x123.jpg 150w\" sizes=\"auto, (max-width: 295px) 100vw, 295px\" \/><img loading=\"lazy\" decoding=\"async\" class=\"alignright wp-image-957 size-full\" src=\"https:\/\/kupferspuren.at\/wp-content\/uploads\/2017\/09\/Skizze2_02.jpg\" alt=\"Esquisse Nunki 2\" width=\"236\" height=\"245\" srcset=\"https:\/\/kupferspuren.at\/wp-content\/uploads\/2017\/09\/Skizze2_02.jpg 236w, https:\/\/kupferspuren.at\/wp-content\/uploads\/2017\/09\/Skizze2_02-144x150.jpg 144w\" sizes=\"auto, (max-width: 236px) 100vw, 236px\" \/><\/p>\n<p>Sans tasser la terre du jardin, le sarcloir permet de couper les racines des mauvaises herbes sous la surface. La sarcleuse \u00ab\u00a0Nunki\u00a0\u00bb est tir\u00e9e \u00e0 travers la terre et sa lame tranchante permet de couper des deux c\u00f4t\u00e9s tout en a\u00e9rant. Similaire \u00e0 la <a href=\"https:\/\/kupferspuren.at\/fr\/produkt\/ratissoire-oscillant-hydra\/\">sarcleuse pendulaire \u00ab\u00a0Hydra\u00a0\u00bb<\/a> mais sans la fonction pendulaire.  <\/p>\n<p><img loading=\"lazy\" decoding=\"async\" class=\"alignnone wp-image-960 size-full\" src=\"https:\/\/kupferspuren.at\/wp-content\/uploads\/2017\/09\/PKS_Jaetschlinge_Nunki.jpg\" alt=\"Boucle de Jaet Nunki Photo Daniel Leitner\" width=\"700\" height=\"467\" srcset=\"https:\/\/kupferspuren.at\/wp-content\/uploads\/2017\/09\/PKS_Jaetschlinge_Nunki.jpg 700w, https:\/\/kupferspuren.at\/wp-content\/uploads\/2017\/09\/PKS_Jaetschlinge_Nunki-300x200.jpg 300w, https:\/\/kupferspuren.at\/wp-content\/uploads\/2017\/09\/PKS_Jaetschlinge_Nunki-600x400.jpg 600w, https:\/\/kupferspuren.at\/wp-content\/uploads\/2017\/09\/PKS_Jaetschlinge_Nunki-150x100.jpg 150w, https:\/\/kupferspuren.at\/wp-content\/uploads\/2017\/09\/PKS_Jaetschlinge_Nunki-324x216.jpg 324w, https:\/\/kupferspuren.at\/wp-content\/uploads\/2017\/09\/PKS_Jaetschlinge_Nunki-416x278.jpg 416w\" sizes=\"auto, (max-width: 700px) 100vw, 700px\" \/><\/p>\n<div class=\"brlbs-cmpnt-container brlbs-cmpnt-content-blocker brlbs-cmpnt-with-individual-styles\" data-borlabs-cookie-content-blocker-id=\"youtube-content-blocker\" data-borlabs-cookie-content=\"PGlmcmFtZSBzcmM9Imh0dHBzOi8vd3d3LnlvdXR1YmUtbm9jb29raWUuY29tL2VtYmVkL1VCR2RERUxmdThnP3JlbD0wIiB3aWR0aD0iNTYwIiBoZWlnaHQ9IjMxNSIgZnJhbWVib3JkZXI9IjAiIGFsbG93ZnVsbHNjcmVlbj0iYWxsb3dmdWxsc2NyZWVuIj48L2lmcmFtZT4=\">\n<div class=\"brlbs-cmpnt-cb-preset-c brlbs-cmpnt-cb-youtube\">\n<div class=\"brlbs-cmpnt-cb-thumbnail\" style=\"background-image: url('https:\/\/kupferspuren.at\/wp-content\/uploads\/borlabs-cookie\/1\/yt_UBGdDELfu8g_hqdefault.jpg')\"><\/div>\n<div class=\"brlbs-cmpnt-cb-main\">\n<div class=\"brlbs-cmpnt-cb-play-button\"><\/div>\n<div class=\"brlbs-cmpnt-cb-content\">\n<p class=\"brlbs-cmpnt-cb-description\">Vous \u00eates actuellement en train de consulter le contenu d&rsquo;un espace r\u00e9serv\u00e9 de <strong>YouTube<\/strong>. Pour acc\u00e9der au contenu r\u00e9el, cliquez sur le bouton ci-dessous. Veuillez noter que ce faisant, des donn\u00e9es seront partag\u00e9es avec des providers tiers.<\/p>\n<p> <a class=\"brlbs-cmpnt-cb-provider-toggle\" href=\"#\" data-borlabs-cookie-show-provider-information role=\"button\">Plus d&rsquo;informations<\/a> <\/div>\n<div class=\"brlbs-cmpnt-cb-buttons\"> <a class=\"brlbs-cmpnt-cb-btn\" href=\"#\" data-borlabs-cookie-unblock role=\"button\">D\u00e9bloquer le contenu<\/a> <a class=\"brlbs-cmpnt-cb-btn\" href=\"#\" data-borlabs-cookie-accept-service role=\"button\" style=\"display: inherit\">Accepter le service requis et d\u00e9bloquer les contenus<\/a> <\/div>\n<\/p><\/div>\n<\/p><\/div>\n<\/div>\n<div class=\"brlbs-cmpnt-container brlbs-cmpnt-content-blocker brlbs-cmpnt-with-individual-styles\" data-borlabs-cookie-content-blocker-id=\"youtube-content-blocker\" data-borlabs-cookie-content=\"PGlmcmFtZSBzcmM9Imh0dHBzOi8vd3d3LnlvdXR1YmUtbm9jb29raWUuY29tL2VtYmVkLzJIaHhNcGZmZVhVP3JlbD0wIiB3aWR0aD0iNTYwIiBoZWlnaHQ9IjMxNSIgZnJhbWVib3JkZXI9IjAiIGFsbG93ZnVsbHNjcmVlbj0iYWxsb3dmdWxsc2NyZWVuIj48L2lmcmFtZT4=\">\n<div class=\"brlbs-cmpnt-cb-preset-c brlbs-cmpnt-cb-youtube\">\n<div class=\"brlbs-cmpnt-cb-thumbnail\" style=\"background-image: url('https:\/\/kupferspuren.at\/wp-content\/uploads\/borlabs-cookie\/1\/yt_2HhxMpffeXU_hqdefault.jpg')\"><\/div>\n<div class=\"brlbs-cmpnt-cb-main\">\n<div class=\"brlbs-cmpnt-cb-play-button\"><\/div>\n<div class=\"brlbs-cmpnt-cb-content\">\n<p class=\"brlbs-cmpnt-cb-description\">Vous \u00eates actuellement en train de consulter le contenu d&rsquo;un espace r\u00e9serv\u00e9 de <strong>YouTube<\/strong>. Pour acc\u00e9der au contenu r\u00e9el, cliquez sur le bouton ci-dessous. Veuillez noter que ce faisant, des donn\u00e9es seront partag\u00e9es avec des providers tiers.<\/p>\n<p> <a class=\"brlbs-cmpnt-cb-provider-toggle\" href=\"#\" data-borlabs-cookie-show-provider-information role=\"button\">Plus d&rsquo;informations<\/a> <\/div>\n<div class=\"brlbs-cmpnt-cb-buttons\"> <a class=\"brlbs-cmpnt-cb-btn\" href=\"#\" data-borlabs-cookie-unblock role=\"button\">D\u00e9bloquer le contenu<\/a> <a class=\"brlbs-cmpnt-cb-btn\" href=\"#\" data-borlabs-cookie-accept-service role=\"button\" style=\"display: inherit\">Accepter le service requis et d\u00e9bloquer les contenus<\/a> <\/div>\n<\/p><\/div>\n<\/p><\/div>\n<\/div>\n<div class=\"csc-textpic csc-textpic-center csc-textpic-above\">\n<div class=\"csc-textpic-text\">\n<div id=\"c1015\" class=\"csc-default\">\n<p><span id=\"result_box\" lang=\"de\">&#8230;le bac \u00e0 main en bronze <strong>Nunki !!<\/strong><\/span><span id=\"result_box\" lang=\"de\"><br \/>\nremporte le prix Sanoma Garden Awards 2013 \u00e0 Amsterdam.<\/span><\/p>\n<p><span id=\"result_box\" lang=\"de\">Trois<\/span> jurys &#8211; dirig\u00e9s par Annet Niterink (editor Garten &amp; Co.), Aty Luitze (editor Seasons Haus und Garten) et Lilian Korteweg (r\u00e9dacteur en chef de Garten &amp; Co) &#8211; ont choisi les gagnants dans six cat\u00e9gories diff\u00e9rentes de r\u00e9compenses professionnelles. Le public a vot\u00e9 \u00e0 une \u00e9crasante majorit\u00e9 pour les prix publics. <\/p>\n<p><span id=\"result_box\" lang=\"de\">Le<\/span> Nunki<span id=\"result_box\" lang=\"de\">, destin\u00e9<\/span> au d\u00e9sherbage et \u00e0 l&rsquo;\u00e9claircissage des semis, a remport\u00e9 le prix dans la cat\u00e9gorie professionnelle Cat. A. Outils \u00e9lectriques et manuels. <\/p>\n<p><img loading=\"lazy\" decoding=\"async\" class=\"alignnone wp-image-10214 size-full\" src=\"https:\/\/kupferspuren.at\/wp-content\/uploads\/2017\/09\/Nunki-alt-und-neu-schatten.jpg\" alt=\"Nunki nouveau et ancien\" width=\"616\" height=\"191\" srcset=\"https:\/\/kupferspuren.at\/wp-content\/uploads\/2017\/09\/Nunki-alt-und-neu-schatten.jpg 616w, https:\/\/kupferspuren.at\/wp-content\/uploads\/2017\/09\/Nunki-alt-und-neu-schatten-300x93.jpg 300w, https:\/\/kupferspuren.at\/wp-content\/uploads\/2017\/09\/Nunki-alt-und-neu-schatten-600x186.jpg 600w, https:\/\/kupferspuren.at\/wp-content\/uploads\/2017\/09\/Nunki-alt-und-neu-schatten-150x47.jpg 150w, https:\/\/kupferspuren.at\/wp-content\/uploads\/2017\/09\/Nunki-alt-und-neu-schatten-324x100.jpg 324w, https:\/\/kupferspuren.at\/wp-content\/uploads\/2017\/09\/Nunki-alt-und-neu-schatten-416x129.jpg 416w\" sizes=\"auto, (max-width: 616px) 100vw, 616px\" \/><\/p>\n<p><em>Cette vieille sarcleuse Nunki a \u00e9t\u00e9 achet\u00e9e il y a 12 ans. La propri\u00e9taire nous a envoy\u00e9 cette photo d&rsquo;Am\u00e9rique. <\/em><\/p>\n<h1>Avantages<\/h1>\n<ul>\n<li><b>Aucun entretien<\/b> n\u00e9cessaire.<\/li>\n<li><b>Pas de formation de rouille <\/b>(pas de vert-de-gris non plus ! voir <a href=\"https:\/\/kupferspuren.at\/fr\/information\/cuivre\/verdigris-et-patine\/\">Vert-de-gris ou patine<\/a>? ).<\/li>\n<li>Ils peuvent \u00eatre r\u00e9aff\u00fbt\u00e9s ou \u00e9barb\u00e9s.<\/li>\n<li>Ils ont une <b>dur\u00e9e de vie<\/b> incomparablement <b>plus longue<\/b> que les appareils en fer.<\/li>\n<li>Le travail avec des outils de jardinage en cuivre <b>n\u00e9cessite moins d&rsquo;efforts en<\/b> raison des propri\u00e9t\u00e9s du mat\u00e9riau <b>.<\/b><\/li>\n<li>Ne peut <b>pas<\/b> \u00eatre charg\u00e9 <b>magn\u00e9tiquement<\/b>. Le champ de tension naturel dans notre milieu de culture est \u00e0 peine perturb\u00e9 par l&rsquo;intervention d&rsquo;outils de jardinage en cuivre. Cela am\u00e9liore l&rsquo;\u00e9quilibre hydrique du sol et le comportement des escargots (voir : <a href=\"https:\/\/kupferspuren.at\/fr\/information\/cuivre\/effets\/jane-cobbald-wie-ich-schnecken-schaetzen-lernte\/\">Jane Cobbald<\/a>).  <\/li>\n<li>Gr\u00e2ce aux exp\u00e9riences du naturaliste <a href=\"http:\/\/www.pks.or.at\" target=\"_blank\" rel=\"noopener noreferrer\"><b>Viktor Schauberger<\/b><\/a> dans les ann\u00e9es 50, a permis de d\u00e9montrer l&rsquo;am\u00e9lioration du sol et la stimulation de la croissance qui en d\u00e9coule.<\/li>\n<li>L&rsquo;abrasion apporte <b>des oligo-\u00e9l\u00e9ments de cuivre<\/b>dans le sol, qui jouent un r\u00f4le essentiel dans les processus enzymatiques : voir <a href=\"https:\/\/kupferspuren.at\/fr\/information\/cuivre\/kupfer-und-wachstum\/\">\u00ab\u00a0Cuivre et croissance\u00a0\u00bb.<\/a><\/li>\n<li><b>Plus de 20 ans d&rsquo;exp\u00e9rience<\/b> dans la production.<br \/>\nDes jardiniers et jardini\u00e8res enthousiastes <b>confirment notre qualit\u00e9<\/b>.<\/li>\n<\/ul>\n<\/div>\n<\/div>\n<\/div>\n","protected":false},"excerpt":{"rendered":"<p><strong>Simple et ing\u00e9nieux ! <\/strong><br \/>\nD\u00e9sherbez et ameublissez sans effort la terre du jardin envahie par les mauvaises herbes<strong>.<br \/>\n<\/strong> Alliage de cuivre massif, manche en bois de h\u00eatre. 26 cm \/ 6,5 cm \/ 120 g <\/p>\n","protected":false},"featured_media":26862,"comment_status":"open","ping_status":"closed","template":"","meta":[],"product_brand":[],"product_cat":[173],"product_tag":[455,278,259],"class_list":{"0":"post-1853","1":"product","2":"type-product","3":"status-publish","4":"has-post-thumbnail","6":"product_cat-petits-outils-en-cuivre-fr","7":"product_tag-courbure-de-cuivre-pour-le-jardin","8":"product_tag-desherber-fr","9":"product_tag-desserrer-fr","11":"first","12":"instock","13":"featured","14":"taxable","15":"shipping-taxable","16":"purchasable","17":"product-type-simple"},"_links":{"self":[{"href":"https:\/\/kupferspuren.at\/fr\/wp-json\/wp\/v2\/product\/1853","targetHints":{"allow":["GET"]}}],"collection":[{"href":"https:\/\/kupferspuren.at\/fr\/wp-json\/wp\/v2\/product"}],"about":[{"href":"https:\/\/kupferspuren.at\/fr\/wp-json\/wp\/v2\/types\/product"}],"replies":[{"embeddable":true,"href":"https:\/\/kupferspuren.at\/fr\/wp-json\/wp\/v2\/comments?post=1853"}],"wp:featuredmedia":[{"embeddable":true,"href":"https:\/\/kupferspuren.at\/fr\/wp-json\/wp\/v2\/media\/26862"}],"wp:attachment":[{"href":"https:\/\/kupferspuren.at\/fr\/wp-json\/wp\/v2\/media?parent=1853"}],"wp:term":[{"taxonomy":"product_brand","embeddable":true,"href":"https:\/\/kupferspuren.at\/fr\/wp-json\/wp\/v2\/product_brand?post=1853"},{"taxonomy":"product_cat","embeddable":true,"href":"https:\/\/kupferspuren.at\/fr\/wp-json\/wp\/v2\/product_cat?post=1853"},{"taxonomy":"product_tag","embeddable":true,"href":"https:\/\/kupferspuren.at\/fr\/wp-json\/wp\/v2\/product_tag?post=1853"}],"curies":[{"name":"wp","href":"https:\/\/api.w.org\/{rel}","templated":true}]}}