{"id":1869,"date":"2017-09-29T11:37:02","date_gmt":"2017-09-29T09:37:02","guid":{"rendered":"http:\/\/pksbronze.at\/produkt\/krail-merak\/"},"modified":"2026-03-03T12:16:37","modified_gmt":"2026-03-03T11:16:37","slug":"la-fourche-merak","status":"publish","type":"product","link":"https:\/\/kupferspuren.at\/fr\/produkt\/la-fourche-merak\/","title":{"rendered":"Krail MERAK"},"content":{"rendered":"<p><a href=\"https:\/\/kupferspuren.at\/fr\/produkt\/manche-merak\/\">&gt;&gt;PI\u00c8CE DE RECHANGE<\/a><\/p>\n<p>Le motoculteur permet d&rsquo;arracher sans effort la couche sup\u00e9rieure d&rsquo;une plate-bande envahie par la v\u00e9g\u00e9tation, il remplace la binette dans de nombreux cas. Les racines et les mauvaises herbes ne sont pas coup\u00e9es comme avec une houe. La griffe permet de biner les l\u00e9gumes-racines de mani\u00e8re optimale et en douceur, elle est extr\u00eamement stable et il est \u00e9galement possible de biner vigoureusement dans le sol ferme.  <\/p>\n<p><img loading=\"lazy\" decoding=\"async\" class=\"alignnone wp-image-281 size-full\" src=\"https:\/\/kupferspuren.at\/wp-content\/uploads\/2017\/09\/Kupferkrail_PKS.jpg\" alt=\"\" width=\"600\" height=\"240\" srcset=\"https:\/\/kupferspuren.at\/wp-content\/uploads\/2017\/09\/Kupferkrail_PKS.jpg 600w, https:\/\/kupferspuren.at\/wp-content\/uploads\/2017\/09\/Kupferkrail_PKS-300x120.jpg 300w, https:\/\/kupferspuren.at\/wp-content\/uploads\/2017\/09\/Kupferkrail_PKS-416x166.jpg 416w, https:\/\/kupferspuren.at\/wp-content\/uploads\/2017\/09\/Kupferkrail_PKS-150x60.jpg 150w, https:\/\/kupferspuren.at\/wp-content\/uploads\/2017\/09\/Kupferkrail_PKS-324x130.jpg 324w\" sizes=\"auto, (max-width: 600px) 100vw, 600px\" \/><\/p>\n<h1>Avantages<\/h1>\n<ul>\n<li><b>Aucun entretien<\/b> n\u00e9cessaire.<\/li>\n<li><b>Pas de formation de rouille <\/b>(pas de vert-de-gris non plus ! voir <a href=\"https:\/\/kupferspuren.at\/fr\/information\/cuivre\/verdigris-et-patine\/\">Vert-de-gris ou patine<\/a>? ).<\/li>\n<li>Ils peuvent \u00eatre r\u00e9aff\u00fbt\u00e9s ou \u00e9barb\u00e9s.<\/li>\n<li>Ils ont une <b>dur\u00e9e de vie<\/b> incomparablement <b>plus longue<\/b> que les appareils en fer.<\/li>\n<li>Le travail avec des outils de jardinage en cuivre <b>n\u00e9cessite moins d&rsquo;efforts en<\/b> raison des propri\u00e9t\u00e9s du mat\u00e9riau <b>.<\/b><\/li>\n<li>Ne peut <b>pas<\/b> \u00eatre charg\u00e9 <b>magn\u00e9tiquement<\/b>. Le champ de tension naturel dans notre milieu de culture est \u00e0 peine perturb\u00e9 par l&rsquo;intervention d&rsquo;outils de jardinage en cuivre. Cela am\u00e9liore l&rsquo;\u00e9quilibre hydrique du sol et le comportement des escargots (voir : <a href=\"https:\/\/kupferspuren.at\/fr\/information\/cuivre\/effets\/jane-cobbald-wie-ich-schnecken-schaetzen-lernte\/\">Jane Cobbald<\/a>).  <\/li>\n<li>Gr\u00e2ce aux exp\u00e9riences du naturaliste <a href=\"http:\/\/www.pks.or.at\" target=\"_blank\" rel=\"noopener noreferrer\"><b>Viktor Schauberger<\/b><\/a> dans les ann\u00e9es 50, a permis de d\u00e9montrer l&rsquo;am\u00e9lioration du sol et la stimulation de la croissance qui en d\u00e9coule.<\/li>\n<li>L&rsquo;abrasion apporte <b>des oligo-\u00e9l\u00e9ments de cuivre<\/b>dans le sol, qui jouent un r\u00f4le essentiel dans les processus enzymatiques : voir <a href=\"https:\/\/kupferspuren.at\/fr\/information\/cuivre\/kupfer-und-wachstum\/\">\u00ab\u00a0Cuivre et croissance\u00a0\u00bb.<\/a><\/li>\n<li><b>Plus de 20 ans d&rsquo;exp\u00e9rience<\/b> dans la production.<br \/>\nDes jardiniers et jardini\u00e8res enthousiastes <b>confirment notre qualit\u00e9<\/b>.<\/li>\n<\/ul>\n","protected":false},"excerpt":{"rendered":"<p>Le Krail est un outil de jardinage indispensable, robuste et polyvalent.<br \/>\nAlliage de cuivre <strong>massif<\/strong> poli, manche ergonomique non trait\u00e9 en tilleul ou en fr\u00eane. 108 cm \/ lame \u00e0 dents 21 cm x 17 cm \/ 1,6 kg <\/p>\n","protected":false},"featured_media":27037,"comment_status":"open","ping_status":"closed","template":"","meta":[],"product_brand":[],"product_cat":[172,175],"product_tag":[278,259],"class_list":{"0":"post-1869","1":"product","2":"type-product","3":"status-publish","4":"has-post-thumbnail","6":"product_cat-desherber-et-desserrer-fr","7":"product_cat-grands-outils-en-cuivre-fr","8":"product_tag-desherber-fr","9":"product_tag-desserrer-fr","11":"first","12":"instock","13":"taxable","14":"shipping-taxable","15":"purchasable","16":"product-type-simple"},"_links":{"self":[{"href":"https:\/\/kupferspuren.at\/fr\/wp-json\/wp\/v2\/product\/1869","targetHints":{"allow":["GET"]}}],"collection":[{"href":"https:\/\/kupferspuren.at\/fr\/wp-json\/wp\/v2\/product"}],"about":[{"href":"https:\/\/kupferspuren.at\/fr\/wp-json\/wp\/v2\/types\/product"}],"replies":[{"embeddable":true,"href":"https:\/\/kupferspuren.at\/fr\/wp-json\/wp\/v2\/comments?post=1869"}],"wp:featuredmedia":[{"embeddable":true,"href":"https:\/\/kupferspuren.at\/fr\/wp-json\/wp\/v2\/media\/27037"}],"wp:attachment":[{"href":"https:\/\/kupferspuren.at\/fr\/wp-json\/wp\/v2\/media?parent=1869"}],"wp:term":[{"taxonomy":"product_brand","embeddable":true,"href":"https:\/\/kupferspuren.at\/fr\/wp-json\/wp\/v2\/product_brand?post=1869"},{"taxonomy":"product_cat","embeddable":true,"href":"https:\/\/kupferspuren.at\/fr\/wp-json\/wp\/v2\/product_cat?post=1869"},{"taxonomy":"product_tag","embeddable":true,"href":"https:\/\/kupferspuren.at\/fr\/wp-json\/wp\/v2\/product_tag?post=1869"}],"curies":[{"name":"wp","href":"https:\/\/api.w.org\/{rel}","templated":true}]}}