{"id":1883,"date":"2017-09-29T11:32:24","date_gmt":"2017-09-29T09:32:24","guid":{"rendered":"http:\/\/pksbronze.at\/produkt\/kupfer-grabgabel-antares\/"},"modified":"2026-04-05T16:49:29","modified_gmt":"2026-04-05T14:49:29","slug":"fourche-en-cuivre-antares","status":"publish","type":"product","link":"https:\/\/kupferspuren.at\/fr\/produkt\/fourche-en-cuivre-antares\/","title":{"rendered":"Fourche \u00e0 creuser ANTARES"},"content":{"rendered":"<div id=\"c223\" class=\"csc-default\">\n<p>En raison des charges \u00e9lev\u00e9es que cette fourche \u00e0 b\u00eacher doit supporter, elle est fabriqu\u00e9e dans un alliage de cuivre sp\u00e9cial<strong>(bronze d&rsquo;aluminium<\/strong>). Cet alliage contient une quantit\u00e9 infime de fer et est donc tr\u00e8s peu magn\u00e9tique. <\/p>\n<p>La plupart des travaux qui \u00e9taient autrefois effectu\u00e9s avec une b\u00eache sont aujourd&rsquo;hui r\u00e9alis\u00e9s avec une fourche \u00e0 b\u00eacher. Elle facilite le travail de creusement et d&rsquo;ameublissement, car ses quatre dents l\u00e9g\u00e8rement courb\u00e9es p\u00e9n\u00e8trent beaucoup plus facilement dans le sol. Elle est particuli\u00e8rement importante pour les terrains envahis par les mauvaises herbes. Une fois que l&rsquo;on s&rsquo;est habitu\u00e9 \u00e0 cet outil de jardinage, on ne peut plus s&rsquo;en passer.   <\/p>\n<h1>Avantages<\/h1>\n<ul>\n<li><b>Aucun entretien<\/b> n\u00e9cessaire.<\/li>\n<li><b>Pas de formation de rouille <\/b>(pas de vert-de-gris non plus ! voir <a href=\"https:\/\/kupferspuren.at\/fr\/information\/cuivre\/verdigris-et-patine\/\">Vert-de-gris ou patine<\/a>? ).<\/li>\n<li>Ils peuvent \u00eatre r\u00e9aff\u00fbt\u00e9s ou \u00e9barb\u00e9s.<\/li>\n<li>Ils ont une <b>dur\u00e9e de vie<\/b> incomparablement <b>plus longue<\/b> que les appareils en fer.<\/li>\n<li>Le travail avec des outils de jardinage en cuivre <b>n\u00e9cessite moins d&rsquo;efforts en<\/b> raison des propri\u00e9t\u00e9s du mat\u00e9riau <b>.<\/b><\/li>\n<li>Le champ de tension naturel dans notre milieu de culture est \u00e0 peine perturb\u00e9 par l&rsquo;intervention des outils de jardinage en cuivre. Cela am\u00e9liore l&rsquo;\u00e9quilibre hydrique du sol et le comportement des escargots (voir : <a href=\"https:\/\/kupferspuren.at\/fr\/information\/cuivre\/effets\/jane-cobbald-wie-ich-schnecken-schaetzen-lernte\/\">Jane Cobbald<\/a>). <\/li>\n<li>Gr\u00e2ce aux exp\u00e9riences du naturaliste <a href=\"http:\/\/www.pks.or.at\" target=\"_blank\" rel=\"noopener noreferrer\"><b>Viktor Schauberger<\/b><\/a> dans les ann\u00e9es 50, a permis de d\u00e9montrer l&rsquo;am\u00e9lioration du sol et la stimulation de la croissance qui en d\u00e9coule.<\/li>\n<li>L&rsquo;abrasion apporte <b>des oligo-\u00e9l\u00e9ments de cuivre<\/b>dans le sol, qui jouent un r\u00f4le essentiel dans les processus enzymatiques : voir <a href=\"https:\/\/kupferspuren.at\/fr\/information\/cuivre\/kupfer-und-wachstum\/\">\u00ab\u00a0Cuivre et croissance\u00a0\u00bb.<\/a><\/li>\n<li><b>Plus de 20 ans d&rsquo;exp\u00e9rience<\/b> dans la production.<br \/>\nDes jardiniers et jardini\u00e8res enthousiastes <b>confirment notre qualit\u00e9<\/b>.<\/li>\n<\/ul>\n<\/div>\n","protected":false},"excerpt":{"rendered":"<p>Longueur des dents 20 cm<br \/>\nPour a\u00e9rer et ameublir la terre du jardin en douceur. <strong><br \/>\nAlliage cuivre<\/strong> <strong>massif<\/strong>, manche ergonomique en bois de fr\u00eane non trait\u00e9. 108 cm \/ lame \u00e0 dents 21 cm x 17 cm \/ 1,7 kg <\/p>\n","protected":false},"featured_media":27007,"comment_status":"open","ping_status":"closed","template":"","meta":[],"product_brand":[],"product_cat":[172,175],"product_tag":[259],"class_list":{"0":"post-1883","1":"product","2":"type-product","3":"status-publish","4":"has-post-thumbnail","6":"product_cat-desherber-et-desserrer-fr","7":"product_cat-grands-outils-en-cuivre-fr","8":"product_tag-desserrer-fr","10":"first","11":"instock","12":"taxable","13":"shipping-taxable","14":"purchasable","15":"product-type-simple"},"_links":{"self":[{"href":"https:\/\/kupferspuren.at\/fr\/wp-json\/wp\/v2\/product\/1883","targetHints":{"allow":["GET"]}}],"collection":[{"href":"https:\/\/kupferspuren.at\/fr\/wp-json\/wp\/v2\/product"}],"about":[{"href":"https:\/\/kupferspuren.at\/fr\/wp-json\/wp\/v2\/types\/product"}],"replies":[{"embeddable":true,"href":"https:\/\/kupferspuren.at\/fr\/wp-json\/wp\/v2\/comments?post=1883"}],"wp:featuredmedia":[{"embeddable":true,"href":"https:\/\/kupferspuren.at\/fr\/wp-json\/wp\/v2\/media\/27007"}],"wp:attachment":[{"href":"https:\/\/kupferspuren.at\/fr\/wp-json\/wp\/v2\/media?parent=1883"}],"wp:term":[{"taxonomy":"product_brand","embeddable":true,"href":"https:\/\/kupferspuren.at\/fr\/wp-json\/wp\/v2\/product_brand?post=1883"},{"taxonomy":"product_cat","embeddable":true,"href":"https:\/\/kupferspuren.at\/fr\/wp-json\/wp\/v2\/product_cat?post=1883"},{"taxonomy":"product_tag","embeddable":true,"href":"https:\/\/kupferspuren.at\/fr\/wp-json\/wp\/v2\/product_tag?post=1883"}],"curies":[{"name":"wp","href":"https:\/\/api.w.org\/{rel}","templated":true}]}}