{"id":1895,"date":"2017-09-29T14:33:02","date_gmt":"2017-09-29T12:33:02","guid":{"rendered":"http:\/\/pksbronze.at\/produkt\/eschenholz-stiel\/"},"modified":"2026-03-30T08:39:53","modified_gmt":"2026-03-30T06:39:53","slug":"eschenholz-stiel","status":"publish","type":"product","link":"https:\/\/kupferspuren.at\/fr\/produkt\/eschenholz-stiel\/","title":{"rendered":"Stiel f\u00fcr Spaten ORION"},"content":{"rendered":"<p>\u00d8 3 cm, in der Mitte fast 5 cm \u00d8<\/p>\n<p><a href=\"https:\/\/kupferspuren.at\/fr\/information\/montageanleitung-fuer-stiele\/\">MONTAGEANLEITUNG f\u00fcr Stiele und Griffe<\/a><\/p>\n","protected":false},"excerpt":{"rendered":"<p><strong>Stiel f\u00fcr Nr. 080 Spaten<a href=\"https:\/\/kupferspuren.at\/fr\/produkt\/beche-en-cuivre-orion\/\"> \u00ab\u00a0ORION\u00a0\u00bb<\/a><\/strong><\/p>\n","protected":false},"featured_media":3803,"comment_status":"closed","ping_status":"closed","template":"","meta":[],"product_brand":[],"product_cat":[163],"product_tag":[],"class_list":{"0":"post-1895","1":"product","2":"type-product","3":"status-publish","4":"has-post-thumbnail","6":"product_cat-poignees-de-rechange-et-divers-fr","8":"first","9":"instock","10":"taxable","11":"shipping-taxable","12":"purchasable","13":"product-type-simple"},"_links":{"self":[{"href":"https:\/\/kupferspuren.at\/fr\/wp-json\/wp\/v2\/product\/1895","targetHints":{"allow":["GET"]}}],"collection":[{"href":"https:\/\/kupferspuren.at\/fr\/wp-json\/wp\/v2\/product"}],"about":[{"href":"https:\/\/kupferspuren.at\/fr\/wp-json\/wp\/v2\/types\/product"}],"replies":[{"embeddable":true,"href":"https:\/\/kupferspuren.at\/fr\/wp-json\/wp\/v2\/comments?post=1895"}],"wp:featuredmedia":[{"embeddable":true,"href":"https:\/\/kupferspuren.at\/fr\/wp-json\/wp\/v2\/media\/3803"}],"wp:attachment":[{"href":"https:\/\/kupferspuren.at\/fr\/wp-json\/wp\/v2\/media?parent=1895"}],"wp:term":[{"taxonomy":"product_brand","embeddable":true,"href":"https:\/\/kupferspuren.at\/fr\/wp-json\/wp\/v2\/product_brand?post=1895"},{"taxonomy":"product_cat","embeddable":true,"href":"https:\/\/kupferspuren.at\/fr\/wp-json\/wp\/v2\/product_cat?post=1895"},{"taxonomy":"product_tag","embeddable":true,"href":"https:\/\/kupferspuren.at\/fr\/wp-json\/wp\/v2\/product_tag?post=1895"}],"curies":[{"name":"wp","href":"https:\/\/api.w.org\/{rel}","templated":true}]}}