{"id":1925,"date":"2017-09-29T12:03:22","date_gmt":"2017-09-29T10:03:22","guid":{"rendered":"http:\/\/pksbronze.at\/produkt\/kupfergiesskanne-von-haws-fuer-ihre-fensterbank\/"},"modified":"2026-03-26T15:44:12","modified_gmt":"2026-03-26T14:44:12","slug":"arrosoir-en-cuivre","status":"publish","type":"product","link":"https:\/\/kupferspuren.at\/fr\/produkt\/arrosoir-en-cuivre\/","title":{"rendered":"Verseuse en cuivre \u00ab\u00a0SITULA\u00a0\u00bb petite"},"content":{"rendered":"<p>&nbsp;<\/p>\n<p><img loading=\"lazy\" decoding=\"async\" class=\"alignnone wp-image-13774 size-full\" src=\"https:\/\/kupferspuren.at\/wp-content\/uploads\/2017\/09\/SITULA-neu1.jpg\" alt=\"\" width=\"700\" height=\"591\" srcset=\"https:\/\/kupferspuren.at\/wp-content\/uploads\/2017\/09\/SITULA-neu1.jpg 700w, https:\/\/kupferspuren.at\/wp-content\/uploads\/2017\/09\/SITULA-neu1-300x253.jpg 300w, https:\/\/kupferspuren.at\/wp-content\/uploads\/2017\/09\/SITULA-neu1-600x507.jpg 600w, https:\/\/kupferspuren.at\/wp-content\/uploads\/2017\/09\/SITULA-neu1-150x127.jpg 150w, https:\/\/kupferspuren.at\/wp-content\/uploads\/2017\/09\/SITULA-neu1-324x274.jpg 324w, https:\/\/kupferspuren.at\/wp-content\/uploads\/2017\/09\/SITULA-neu1-416x351.jpg 416w\" sizes=\"auto, (max-width: 700px) 100vw, 700px\" \/><em>Cuivre et eau<\/em><\/p>\n<p><span class=\"tlid-translation translation\" lang=\"de\"><span class=\"\" title=\"\">Il existe une longue tradition d&rsquo;am\u00e9lioration de la qualit\u00e9 de l&rsquo;eau en la mettant en contact avec du cuivre.<\/span> <span class=\"\" title=\"\">On nous a dit qu&rsquo;en Inde, l&rsquo;eau potable est stock\u00e9e dans des r\u00e9cipients en cuivre.<\/span>  Le cuivre est antibact\u00e9rien, l&rsquo;eau ne \u00ab\u00a0casse\u00a0\u00bb pratiquement pas.<\/span><\/p>\n<p><span class=\"\" title=\"\">Cela signifie que cet arrosoir en cuivre est non seulement magnifique dans votre jardin d&rsquo;hiver, votre serre ou sur votre rebord de fen\u00eatre, mais qu&rsquo;il profite \u00e9galement \u00e0 vos plantes lorsque vous les arrosez.<\/span> <span class=\"\" title=\"\">Le bec long et \u00e9troit permet d&rsquo;arroser les plantes d&rsquo;int\u00e9rieur avec soin et pr\u00e9cision.<\/span><\/p>\n<h4><em>Travail manuel<\/em><\/h4>\n<p>Chaque arrosoir est unique. Tous les arrosoirs sont fabriqu\u00e9s enti\u00e8rement \u00e0 la main. Des traces de traitement telles que des soudures, des restes de produit de polissage, de petites \u00e9raflures et de petites bosses non visibles peuvent appara\u00eetre. Cela n&rsquo;affecte pas le fonctionnement de l&rsquo;arrosoir. L&rsquo;\u00e9tanch\u00e9it\u00e9 de tous les arrosoirs est test\u00e9e.    <\/p>\n<div class=\"brlbs-cmpnt-container brlbs-cmpnt-content-blocker brlbs-cmpnt-with-individual-styles\" data-borlabs-cookie-content-blocker-id=\"youtube-content-blocker\" data-borlabs-cookie-content=\"PGlmcmFtZSBzcmM9Imh0dHBzOi8vd3d3LnlvdXR1YmUtbm9jb29raWUuY29tL2VtYmVkL2FJTnhtMlp4aU1VP3N0YXJ0PTkiIHdpZHRoPSI1NjAiIGhlaWdodD0iMzE1IiBmcmFtZWJvcmRlcj0iMCIgYWxsb3dmdWxsc2NyZWVuPSJhbGxvd2Z1bGxzY3JlZW4iPjwvaWZyYW1lPg==\">\n<div class=\"brlbs-cmpnt-cb-preset-c brlbs-cmpnt-cb-youtube\">\n<div class=\"brlbs-cmpnt-cb-thumbnail\" style=\"background-image: url('https:\/\/kupferspuren.at\/wp-content\/uploads\/borlabs-cookie\/1\/yt_aINxm2ZxiMU_hqdefault.jpg')\"><\/div>\n<div class=\"brlbs-cmpnt-cb-main\">\n<div class=\"brlbs-cmpnt-cb-play-button\"><\/div>\n<div class=\"brlbs-cmpnt-cb-content\">\n<p class=\"brlbs-cmpnt-cb-description\">Vous \u00eates actuellement en train de consulter le contenu d&rsquo;un espace r\u00e9serv\u00e9 de <strong>YouTube<\/strong>. Pour acc\u00e9der au contenu r\u00e9el, cliquez sur le bouton ci-dessous. Veuillez noter que ce faisant, des donn\u00e9es seront partag\u00e9es avec des providers tiers.<\/p>\n<p> <a class=\"brlbs-cmpnt-cb-provider-toggle\" href=\"#\" data-borlabs-cookie-show-provider-information role=\"button\">Plus d&rsquo;informations<\/a> <\/div>\n<div class=\"brlbs-cmpnt-cb-buttons\"> <a class=\"brlbs-cmpnt-cb-btn\" href=\"#\" data-borlabs-cookie-unblock role=\"button\">D\u00e9bloquer le contenu<\/a> <a class=\"brlbs-cmpnt-cb-btn\" href=\"#\" data-borlabs-cookie-accept-service role=\"button\" style=\"display: inherit\">Accepter le service requis et d\u00e9bloquer les contenus<\/a> <\/div>\n<\/p><\/div>\n<\/p><\/div>\n<\/div>\n","protected":false},"excerpt":{"rendered":"<h4><strong>  1 LITRE<\/strong><\/h4>\n<p>Arrosoir en <strong>cuivre pur<\/strong>.<\/p>\n<p>Le long tuyau d&rsquo;arrosage courb\u00e9 permet un arrosage pr\u00e9cis et en douceur.<br \/>\nHauteur 27 cm avec \u00e9trier de maintien \/ \u00d8 9 cm \/ Largeur avec bec verseur 38 cm \/ Poids 0,550 g<\/p>\n","protected":false},"featured_media":26816,"comment_status":"open","ping_status":"closed","template":"","meta":[],"product_brand":[],"product_cat":[245],"product_tag":[],"class_list":{"0":"post-1925","1":"product","2":"type-product","3":"status-publish","4":"has-post-thumbnail","6":"product_cat-arrosoirs-en-cuivre-fr","8":"first","9":"instock","10":"taxable","11":"shipping-taxable","12":"purchasable","13":"product-type-simple"},"_links":{"self":[{"href":"https:\/\/kupferspuren.at\/fr\/wp-json\/wp\/v2\/product\/1925","targetHints":{"allow":["GET"]}}],"collection":[{"href":"https:\/\/kupferspuren.at\/fr\/wp-json\/wp\/v2\/product"}],"about":[{"href":"https:\/\/kupferspuren.at\/fr\/wp-json\/wp\/v2\/types\/product"}],"replies":[{"embeddable":true,"href":"https:\/\/kupferspuren.at\/fr\/wp-json\/wp\/v2\/comments?post=1925"}],"wp:featuredmedia":[{"embeddable":true,"href":"https:\/\/kupferspuren.at\/fr\/wp-json\/wp\/v2\/media\/26816"}],"wp:attachment":[{"href":"https:\/\/kupferspuren.at\/fr\/wp-json\/wp\/v2\/media?parent=1925"}],"wp:term":[{"taxonomy":"product_brand","embeddable":true,"href":"https:\/\/kupferspuren.at\/fr\/wp-json\/wp\/v2\/product_brand?post=1925"},{"taxonomy":"product_cat","embeddable":true,"href":"https:\/\/kupferspuren.at\/fr\/wp-json\/wp\/v2\/product_cat?post=1925"},{"taxonomy":"product_tag","embeddable":true,"href":"https:\/\/kupferspuren.at\/fr\/wp-json\/wp\/v2\/product_tag?post=1925"}],"curies":[{"name":"wp","href":"https:\/\/api.w.org\/{rel}","templated":true}]}}