{"id":1931,"date":"2017-09-29T11:53:51","date_gmt":"2017-09-29T09:53:51","guid":{"rendered":"http:\/\/pksbronze.at\/produkt\/kupfergiesskanne-minkar\/"},"modified":"2025-09-28T19:47:11","modified_gmt":"2025-09-28T17:47:11","slug":"arrosoir-minkar-moyen","status":"publish","type":"product","link":"https:\/\/kupferspuren.at\/fr\/produkt\/arrosoir-minkar-moyen\/","title":{"rendered":"Arrosoir PKS \u00ab\u00a0MINKAR\u00a0\u00bb moyen"},"content":{"rendered":"<p>Cet arrosoir a la taille optimale pour arroser plusieurs plantes d&rsquo;int\u00e9rieur, par exemple sur un rebord de fen\u00eatre. L&rsquo;arrosoir en cuivre rempli peut encore \u00eatre facilement soulev\u00e9. <\/p>\n<div id=\"tab-description\" class=\"woocommerce-Tabs-panel woocommerce-Tabs-panel--description panel entry-content wc-tab\" role=\"tabpanel\" aria-labelledby=\"tab-title-description\">\n<p><em>Cuivre et eau<\/em><\/p>\n<p><span class=\"tlid-translation translation\" lang=\"de\"><span class=\"\" title=\"\">Il existe une longue tradition d&rsquo;am\u00e9lioration de la qualit\u00e9 de l&rsquo;eau en la mettant en contact avec du cuivre.<\/span> <span class=\"\" title=\"\">On nous a dit qu&rsquo;en Inde, l&rsquo;eau potable est stock\u00e9e dans des r\u00e9cipients en cuivre.<\/span>  Le cuivre est antibact\u00e9rien, l&rsquo;eau ne \u00ab\u00a0casse\u00a0\u00bb pratiquement pas.<\/span><\/p>\n<p><span class=\"\" title=\"\">Cela signifie que cet arrosoir en cuivre ne sera pas seulement magnifique dans votre v\u00e9randa, votre serre ou sur votre rebord de fen\u00eatre, mais qu&rsquo;il sera \u00e9galement b\u00e9n\u00e9fique \u00e0 vos plantes lorsque vous les arroserez.<\/span> <span class=\"\" title=\"\">Le bec long et \u00e9troit permet d&rsquo;arroser soigneusement les plantes d&rsquo;int\u00e9rieur, et la rose fine en laiton donne aux semis et aux jeunes plants d\u00e9licats une pluie de brouillard d\u00e9licate.<\/span><\/p>\n<h4><em>Travail manuel<\/em><\/h4>\n<p>Chaque arrosoir est unique. Tous les arrosoirs sont fabriqu\u00e9s enti\u00e8rement \u00e0 la main. Des traces de traitement telles que des soudures, des restes de produit de polissage, de petites \u00e9raflures et de petites bosses non visibles peuvent appara\u00eetre. Cela n&rsquo;affecte pas le fonctionnement de l&rsquo;arrosoir. L&rsquo;\u00e9tanch\u00e9it\u00e9 de tous les arrosoirs est test\u00e9e.    <\/p>\n<div class=\"brlbs-cmpnt-container brlbs-cmpnt-content-blocker brlbs-cmpnt-with-individual-styles\" data-borlabs-cookie-content-blocker-id=\"youtube-content-blocker\" data-borlabs-cookie-content=\"PGlmcmFtZSB0aXRsZT0iTGVjdGV1ciB2aWTDqW8gWW91VHViZSIgc3JjPSJodHRwczovL3d3dy55b3V0dWJlLW5vY29va2llLmNvbS9lbWJlZC9hSU54bTJaeGlNVT9zdGFydD05IiB3aWR0aD0iNTYwIiBoZWlnaHQ9IjMxNSIgZnJhbWVib3JkZXI9IjAiIGFsbG93ZnVsbHNjcmVlbj0iYWxsb3dmdWxsc2NyZWVuIj48L2lmcmFtZT4=\">\n<div class=\"brlbs-cmpnt-cb-preset-c brlbs-cmpnt-cb-youtube\">\n<div class=\"brlbs-cmpnt-cb-thumbnail\" style=\"background-image: url('https:\/\/kupferspuren.at\/wp-content\/uploads\/borlabs-cookie\/1\/yt_aINxm2ZxiMU_hqdefault.jpg')\"><\/div>\n<div class=\"brlbs-cmpnt-cb-main\">\n<div class=\"brlbs-cmpnt-cb-play-button\"><\/div>\n<div class=\"brlbs-cmpnt-cb-content\">\n<p class=\"brlbs-cmpnt-cb-description\">Vous \u00eates actuellement en train de consulter le contenu d&rsquo;un espace r\u00e9serv\u00e9 de <strong>YouTube<\/strong>. Pour acc\u00e9der au contenu r\u00e9el, cliquez sur le bouton ci-dessous. Veuillez noter que ce faisant, des donn\u00e9es seront partag\u00e9es avec des providers tiers.<\/p>\n<p> <a class=\"brlbs-cmpnt-cb-provider-toggle\" href=\"#\" data-borlabs-cookie-show-provider-information role=\"button\">Plus d&rsquo;informations<\/a> <\/div>\n<div class=\"brlbs-cmpnt-cb-buttons\"> <a class=\"brlbs-cmpnt-cb-btn\" href=\"#\" data-borlabs-cookie-unblock role=\"button\">D\u00e9bloquer le contenu<\/a> <a class=\"brlbs-cmpnt-cb-btn\" href=\"#\" data-borlabs-cookie-accept-service role=\"button\" style=\"display: inherit\">Accepter le service requis et d\u00e9bloquer les contenus<\/a> <\/div>\n<\/p><\/div>\n<\/p><\/div>\n<\/div>\n<\/div>\n","protected":false},"excerpt":{"rendered":"<h4><strong>  3 LITRES (max.=\u00e0 ras bord)<br \/>\n<\/strong><\/h4>\n<p>Arrosoir en <strong>cuivre pur<\/strong>.<br \/>\nLe bec verseur est inclin\u00e9, pour un tourbillon d&rsquo;eau particulier.<br \/>\nHauteur 28 cm avec \u00e9trier de maintien \/ \u00d8 15 cm \/ Largeur avec bec verseur 48 cm \/ Poids 1kg<\/p>\n","protected":false},"featured_media":26820,"comment_status":"open","ping_status":"closed","template":"","meta":[],"product_brand":[],"product_cat":[245],"product_tag":[],"class_list":{"0":"post-1931","1":"product","2":"type-product","3":"status-publish","4":"has-post-thumbnail","6":"product_cat-arrosoirs-en-cuivre-fr","7":"product_shipping_class-arrosoir","9":"first","10":"instock","11":"taxable","12":"shipping-taxable","13":"purchasable","14":"product-type-simple"},"_links":{"self":[{"href":"https:\/\/kupferspuren.at\/fr\/wp-json\/wp\/v2\/product\/1931","targetHints":{"allow":["GET"]}}],"collection":[{"href":"https:\/\/kupferspuren.at\/fr\/wp-json\/wp\/v2\/product"}],"about":[{"href":"https:\/\/kupferspuren.at\/fr\/wp-json\/wp\/v2\/types\/product"}],"replies":[{"embeddable":true,"href":"https:\/\/kupferspuren.at\/fr\/wp-json\/wp\/v2\/comments?post=1931"}],"wp:featuredmedia":[{"embeddable":true,"href":"https:\/\/kupferspuren.at\/fr\/wp-json\/wp\/v2\/media\/26820"}],"wp:attachment":[{"href":"https:\/\/kupferspuren.at\/fr\/wp-json\/wp\/v2\/media?parent=1931"}],"wp:term":[{"taxonomy":"product_brand","embeddable":true,"href":"https:\/\/kupferspuren.at\/fr\/wp-json\/wp\/v2\/product_brand?post=1931"},{"taxonomy":"product_cat","embeddable":true,"href":"https:\/\/kupferspuren.at\/fr\/wp-json\/wp\/v2\/product_cat?post=1931"},{"taxonomy":"product_tag","embeddable":true,"href":"https:\/\/kupferspuren.at\/fr\/wp-json\/wp\/v2\/product_tag?post=1931"}],"curies":[{"name":"wp","href":"https:\/\/api.w.org\/{rel}","templated":true}]}}