{"id":1970,"date":"2017-09-29T10:09:14","date_gmt":"2017-09-29T08:09:14","guid":{"rendered":"http:\/\/pksbronze.at\/produkt\/kleiner-spitzspaten-carina-aus-kupfer\/"},"modified":"2025-09-28T19:47:11","modified_gmt":"2025-09-28T17:47:11","slug":"mini-pelle-carina","status":"publish","type":"product","link":"https:\/\/kupferspuren.at\/fr\/produkt\/mini-pelle-carina\/","title":{"rendered":"Petite b\u00eache pointue CARINA"},"content":{"rendered":"<p><img loading=\"lazy\" decoding=\"async\" class=\"alignnone wp-image-242 size-full\" src=\"https:\/\/kupferspuren.at\/wp-content\/uploads\/2017\/09\/Bronzespaten.jpg\" alt=\"B\u00eache pointue\" width=\"600\" height=\"655\" srcset=\"https:\/\/kupferspuren.at\/wp-content\/uploads\/2017\/09\/Bronzespaten.jpg 600w, https:\/\/kupferspuren.at\/wp-content\/uploads\/2017\/09\/Bronzespaten-300x328.jpg 300w, https:\/\/kupferspuren.at\/wp-content\/uploads\/2017\/09\/Bronzespaten-416x454.jpg 416w, https:\/\/kupferspuren.at\/wp-content\/uploads\/2017\/09\/Bronzespaten-137x150.jpg 137w, https:\/\/kupferspuren.at\/wp-content\/uploads\/2017\/09\/Bronzespaten-275x300.jpg 275w, https:\/\/kupferspuren.at\/wp-content\/uploads\/2017\/09\/Bronzespaten-324x354.jpg 324w\" sizes=\"auto, (max-width: 600px) 100vw, 600px\" \/><\/p>\n<p><img loading=\"lazy\" decoding=\"async\" class=\"alignnone wp-image-243 size-full\" src=\"https:\/\/kupferspuren.at\/wp-content\/uploads\/2017\/09\/Kupferspaten-carina.jpg\" alt=\"PKS B\u00eache pointue\" width=\"600\" height=\"78\" srcset=\"https:\/\/kupferspuren.at\/wp-content\/uploads\/2017\/09\/Kupferspaten-carina.jpg 600w, https:\/\/kupferspuren.at\/wp-content\/uploads\/2017\/09\/Kupferspaten-carina-300x39.jpg 300w, https:\/\/kupferspuren.at\/wp-content\/uploads\/2017\/09\/Kupferspaten-carina-416x54.jpg 416w, https:\/\/kupferspuren.at\/wp-content\/uploads\/2017\/09\/Kupferspaten-carina-150x20.jpg 150w, https:\/\/kupferspuren.at\/wp-content\/uploads\/2017\/09\/Kupferspaten-carina-324x42.jpg 324w\" sizes=\"auto, (max-width: 600px) 100vw, 600px\" \/><\/p>\n<h1>Avantages<\/h1>\n<ul>\n<li><b>Aucun entretien<\/b> n\u00e9cessaire.<\/li>\n<li><b>Pas de formation de rouille <\/b>(pas de vert-de-gris non plus ! voir <a href=\"https:\/\/kupferspuren.at\/fr\/information\/cuivre\/verdigris-et-patine\/\">Vert-de-gris ou patine<\/a>? ).<\/li>\n<li>Ils peuvent \u00eatre r\u00e9aff\u00fbt\u00e9s ou \u00e9barb\u00e9s.<\/li>\n<li>Ils ont une <b>dur\u00e9e de vie<\/b> incomparablement <b>plus longue<\/b> que les appareils en fer.<\/li>\n<li>Le travail avec des outils de jardinage en cuivre <b>n\u00e9cessite moins d&rsquo;efforts en<\/b> raison des propri\u00e9t\u00e9s du mat\u00e9riau <b>.<\/b><\/li>\n<li>Ne peut <b>pas<\/b> \u00eatre charg\u00e9 <b>magn\u00e9tiquement<\/b>. Le champ de tension naturel dans notre milieu de culture est \u00e0 peine perturb\u00e9 par l&rsquo;intervention d&rsquo;outils de jardinage en cuivre. Cela am\u00e9liore l&rsquo;\u00e9quilibre hydrique du sol et le comportement des escargots (voir : <a href=\"https:\/\/kupferspuren.at\/fr\/information\/cuivre\/effets\/jane-cobbald-wie-ich-schnecken-schaetzen-lernte\/\">Jane Cobbald<\/a>).  <\/li>\n<li>Gr\u00e2ce aux exp\u00e9riences du naturaliste <a href=\"http:\/\/www.pks.or.at\" target=\"_blank\" rel=\"noopener noreferrer\"><b>Viktor Schauberger<\/b><\/a> dans les ann\u00e9es 50, a permis de d\u00e9montrer l&rsquo;am\u00e9lioration du sol et la stimulation de la croissance qui en d\u00e9coule.<\/li>\n<li>L&rsquo;abrasion apporte <b>des oligo-\u00e9l\u00e9ments de cuivre<\/b>dans le sol, qui jouent un r\u00f4le essentiel dans les processus enzymatiques : voir <a href=\"https:\/\/kupferspuren.at\/fr\/information\/cuivre\/kupfer-und-wachstum\/\">\u00ab\u00a0Cuivre et croissance\u00a0\u00bb.<\/a><\/li>\n<li><b>Plus de 20 ans d&rsquo;exp\u00e9rience<\/b> dans la production.<br \/>\nDes jardiniers et jardini\u00e8res enthousiastes <b>confirment notre qualit\u00e9<\/b>.<\/li>\n<\/ul>\n<p>&nbsp;<\/p>\n<div id=\"fb-root\"><\/div>\n<p><script async=\"\" defer crossorigin=\"anonymous\" src=\"https:\/\/connect.facebook.net\/de_DE\/sdk.js#xfbml=1&amp;version=v9.0\" nonce=\"KfCvV1IT\"><\/script><\/p>\n<div class=\"fb-post\" data-href=\"https:\/\/www.facebook.com\/www.implementations.co.uk\/posts\/10164172611315627\" data-show-text=\"true\" data-width=\"\">\n<blockquote class=\"fb-xfbml-parse-ignore\" cite=\"https:\/\/www.facebook.com\/www.implementations.co.uk\/posts\/10164172611315627\"><p>From the November 2020 issue of Country Living Magazine.<br \/>\nhttps:\/\/www.implementations.co.uk\/shop\/carina-mini-spade\/<\/p>\n<p>Post\u00e9 par <a href=\"https:\/\/www.facebook.com\/www.implementations.co.uk\/\">Implementations Bronze Garden Tools<\/a> le <a href=\"https:\/\/www.facebook.com\/www.implementations.co.uk\/posts\/10164172611315627\">Samedi, 3 Octobre 2020<\/a><\/p><\/blockquote>\n<\/div>\n","protected":false},"excerpt":{"rendered":"<p>Pour diviser les petits arbustes. Convient \u00e9galement pour les parterres sur\u00e9lev\u00e9s et dans les zones o\u00f9 un grand outil ne peut pas \u00eatre utilis\u00e9.<br \/>\nAlliage de cuivre <strong>massif<\/strong> poli, manche non trait\u00e9 en bois de fr\u00eane.<br \/>\n65 cm \/ 13 cm \/ 650 g <\/p>\n","protected":false},"featured_media":26832,"comment_status":"open","ping_status":"closed","template":"","meta":[],"product_brand":[],"product_cat":[175,179],"product_tag":[],"class_list":{"0":"post-1970","1":"product","2":"type-product","3":"status-publish","4":"has-post-thumbnail","6":"product_cat-grands-outils-en-cuivre-fr","7":"product_cat-pelle-et-deterrer-fr","9":"first","10":"instock","11":"taxable","12":"shipping-taxable","13":"purchasable","14":"product-type-simple"},"_links":{"self":[{"href":"https:\/\/kupferspuren.at\/fr\/wp-json\/wp\/v2\/product\/1970","targetHints":{"allow":["GET"]}}],"collection":[{"href":"https:\/\/kupferspuren.at\/fr\/wp-json\/wp\/v2\/product"}],"about":[{"href":"https:\/\/kupferspuren.at\/fr\/wp-json\/wp\/v2\/types\/product"}],"replies":[{"embeddable":true,"href":"https:\/\/kupferspuren.at\/fr\/wp-json\/wp\/v2\/comments?post=1970"}],"wp:featuredmedia":[{"embeddable":true,"href":"https:\/\/kupferspuren.at\/fr\/wp-json\/wp\/v2\/media\/26832"}],"wp:attachment":[{"href":"https:\/\/kupferspuren.at\/fr\/wp-json\/wp\/v2\/media?parent=1970"}],"wp:term":[{"taxonomy":"product_brand","embeddable":true,"href":"https:\/\/kupferspuren.at\/fr\/wp-json\/wp\/v2\/product_brand?post=1970"},{"taxonomy":"product_cat","embeddable":true,"href":"https:\/\/kupferspuren.at\/fr\/wp-json\/wp\/v2\/product_cat?post=1970"},{"taxonomy":"product_tag","embeddable":true,"href":"https:\/\/kupferspuren.at\/fr\/wp-json\/wp\/v2\/product_tag?post=1970"}],"curies":[{"name":"wp","href":"https:\/\/api.w.org\/{rel}","templated":true}]}}