{"id":1978,"date":"2017-09-29T10:41:48","date_gmt":"2017-09-29T08:41:48","guid":{"rendered":"http:\/\/pksbronze.at\/produkt\/pendelhacke-hydra\/"},"modified":"2026-04-22T11:58:24","modified_gmt":"2026-04-22T09:58:24","slug":"ratissoire-oscillant-hydra","status":"publish","type":"product","link":"https:\/\/kupferspuren.at\/fr\/produkt\/ratissoire-oscillant-hydra\/","title":{"rendered":"Houe pendulaire HYDRA"},"content":{"rendered":"<p>La houe pendulaire HYDRA en alliage de cuivre massif <strong>ameublit et a\u00e8re<\/strong> la terre du jardin. Cet outil sp\u00e9cial tranchant permet de couper les mottes de racines ind\u00e9sirables. Les mauvaises herbes coup\u00e9es paillent le sol.  <\/p>\n<p>La lame de coupe est rempla\u00e7able.<\/p>\n<p><a href=\"http:\/\/kupferspuren.at\/produkt\/ersatzklinge-fuer-pendelhacke\/\">&gt;Lame de rechange pour houe pendulaire<\/a><\/p>\n<p><img loading=\"lazy\" decoding=\"async\" class=\"alignnone wp-image-261 size-full\" src=\"https:\/\/kupferspuren.at\/wp-content\/uploads\/2017\/09\/Dan-Pearson-Hydra-197x400.jpg\" alt=\"\" width=\"197\" height=\"400\" srcset=\"https:\/\/kupferspuren.at\/wp-content\/uploads\/2017\/09\/Dan-Pearson-Hydra-197x400.jpg 197w, https:\/\/kupferspuren.at\/wp-content\/uploads\/2017\/09\/Dan-Pearson-Hydra-197x400-74x150.jpg 74w, https:\/\/kupferspuren.at\/wp-content\/uploads\/2017\/09\/Dan-Pearson-Hydra-197x400-148x300.jpg 148w\" sizes=\"auto, (max-width: 197px) 100vw, 197px\" \/><\/p>\n<div class=\"brlbs-cmpnt-container brlbs-cmpnt-content-blocker brlbs-cmpnt-with-individual-styles\" data-borlabs-cookie-content-blocker-id=\"youtube-content-blocker\" data-borlabs-cookie-content=\"PGlmcmFtZSBzcmM9Imh0dHBzOi8vd3d3LnlvdXR1YmUtbm9jb29raWUuY29tL2VtYmVkLy1GUGpsV0ZNTTlBP3JlbD0wIiB3aWR0aD0iNTYwIiBoZWlnaHQ9IjMxNSIgZnJhbWVib3JkZXI9IjAiIGFsbG93ZnVsbHNjcmVlbj0iYWxsb3dmdWxsc2NyZWVuIj48L2lmcmFtZT4=\">\n<div class=\"brlbs-cmpnt-cb-preset-c brlbs-cmpnt-cb-youtube\">\n<div class=\"brlbs-cmpnt-cb-thumbnail\" style=\"background-image: url('https:\/\/kupferspuren.at\/wp-content\/uploads\/borlabs-cookie\/1\/yt_-FPjlWFMM9A_hqdefault.jpg')\"><\/div>\n<div class=\"brlbs-cmpnt-cb-main\">\n<div class=\"brlbs-cmpnt-cb-play-button\"><\/div>\n<div class=\"brlbs-cmpnt-cb-content\">\n<p class=\"brlbs-cmpnt-cb-description\">Vous \u00eates actuellement en train de consulter le contenu d&rsquo;un espace r\u00e9serv\u00e9 de <strong>YouTube<\/strong>. Pour acc\u00e9der au contenu r\u00e9el, cliquez sur le bouton ci-dessous. Veuillez noter que ce faisant, des donn\u00e9es seront partag\u00e9es avec des providers tiers.<\/p>\n<p> <a class=\"brlbs-cmpnt-cb-provider-toggle\" href=\"#\" data-borlabs-cookie-show-provider-information role=\"button\">Plus d&rsquo;informations<\/a> <\/div>\n<div class=\"brlbs-cmpnt-cb-buttons\"> <a class=\"brlbs-cmpnt-cb-btn\" href=\"#\" data-borlabs-cookie-unblock role=\"button\">D\u00e9bloquer le contenu<\/a> <a class=\"brlbs-cmpnt-cb-btn\" href=\"#\" data-borlabs-cookie-accept-service role=\"button\" style=\"display: inherit\">Accepter le service requis et d\u00e9bloquer les contenus<\/a> <\/div>\n<\/p><\/div>\n<\/p><\/div>\n<\/div>\n<div class=\"brlbs-cmpnt-container brlbs-cmpnt-content-blocker brlbs-cmpnt-with-individual-styles\" data-borlabs-cookie-content-blocker-id=\"youtube-content-blocker\" data-borlabs-cookie-content=\"PGlmcmFtZSBzcmM9Imh0dHBzOi8vd3d3LnlvdXR1YmUtbm9jb29raWUuY29tL2VtYmVkLzQ1UWM3VVlJOS1BP3JlbD0wIiB3aWR0aD0iNTYwIiBoZWlnaHQ9IjMxNSIgZnJhbWVib3JkZXI9IjAiIGFsbG93ZnVsbHNjcmVlbj0iYWxsb3dmdWxsc2NyZWVuIj48L2lmcmFtZT4=\">\n<div class=\"brlbs-cmpnt-cb-preset-c brlbs-cmpnt-cb-youtube\">\n<div class=\"brlbs-cmpnt-cb-thumbnail\" style=\"background-image: url('https:\/\/kupferspuren.at\/wp-content\/uploads\/borlabs-cookie\/1\/yt_45Qc7UYI9-A_hqdefault.jpg')\"><\/div>\n<div class=\"brlbs-cmpnt-cb-main\">\n<div class=\"brlbs-cmpnt-cb-play-button\"><\/div>\n<div class=\"brlbs-cmpnt-cb-content\">\n<p class=\"brlbs-cmpnt-cb-description\">Vous \u00eates actuellement en train de consulter le contenu d&rsquo;un espace r\u00e9serv\u00e9 de <strong>YouTube<\/strong>. Pour acc\u00e9der au contenu r\u00e9el, cliquez sur le bouton ci-dessous. Veuillez noter que ce faisant, des donn\u00e9es seront partag\u00e9es avec des providers tiers.<\/p>\n<p> <a class=\"brlbs-cmpnt-cb-provider-toggle\" href=\"#\" data-borlabs-cookie-show-provider-information role=\"button\">Plus d&rsquo;informations<\/a> <\/div>\n<div class=\"brlbs-cmpnt-cb-buttons\"> <a class=\"brlbs-cmpnt-cb-btn\" href=\"#\" data-borlabs-cookie-unblock role=\"button\">D\u00e9bloquer le contenu<\/a> <a class=\"brlbs-cmpnt-cb-btn\" href=\"#\" data-borlabs-cookie-accept-service role=\"button\" style=\"display: inherit\">Accepter le service requis et d\u00e9bloquer les contenus<\/a> <\/div>\n<\/p><\/div>\n<\/p><\/div>\n<\/div>\n<h1>Avantages<\/h1>\n<ul>\n<li><b>Aucun entretien<\/b> n\u00e9cessaire.<\/li>\n<li><b>Pas de formation de rouille <\/b>(pas de vert-de-gris non plus ! voir <a href=\"https:\/\/kupferspuren.at\/fr\/information\/cuivre\/verdigris-et-patine\/\">Vert-de-gris ou patine<\/a>? ).<\/li>\n<li>Ils peuvent \u00eatre r\u00e9aff\u00fbt\u00e9s ou \u00e9barb\u00e9s.<\/li>\n<li>Ils ont une <b>dur\u00e9e de vie<\/b> incomparablement <b>plus longue<\/b> que les appareils en fer.<\/li>\n<li>Le travail avec des outils de jardinage en cuivre <b>n\u00e9cessite moins d&rsquo;efforts en<\/b> raison des propri\u00e9t\u00e9s du mat\u00e9riau <b>.<\/b><\/li>\n<li>Ne peut <b>pas<\/b> \u00eatre charg\u00e9 <b>magn\u00e9tiquement<\/b>. Le champ de tension naturel dans notre milieu de culture est \u00e0 peine perturb\u00e9 par l&rsquo;intervention d&rsquo;outils de jardinage en cuivre. Cela am\u00e9liore l&rsquo;\u00e9quilibre hydrique du sol et le comportement des escargots (voir : <a href=\"https:\/\/kupferspuren.at\/fr\/information\/cuivre\/effets\/jane-cobbald-wie-ich-schnecken-schaetzen-lernte\/\">Jane Cobbald<\/a>).  <\/li>\n<li>Gr\u00e2ce aux exp\u00e9riences du naturaliste <a href=\"http:\/\/www.pks.or.at\" target=\"_blank\" rel=\"noopener\"><b>Viktor Schauberger<\/b><\/a> dans les ann\u00e9es 50, a permis de d\u00e9montrer l&rsquo;am\u00e9lioration du sol et la stimulation de la croissance qui en d\u00e9coule.<\/li>\n<li>L&rsquo;abrasion apporte <b>des oligo-\u00e9l\u00e9ments de cuivre<\/b>dans le sol, qui jouent un r\u00f4le essentiel dans les processus enzymatiques : voir <a href=\"https:\/\/kupferspuren.at\/fr\/information\/cuivre\/kupfer-und-wachstum\/\">\u00ab\u00a0Cuivre et croissance\u00a0\u00bb.<\/a><\/li>\n<li><b>Plus de 20 ans d&rsquo;exp\u00e9rience<\/b> dans la production.<br \/>\nDes jardiniers et jardini\u00e8res enthousiastes <b>confirment notre qualit\u00e9<\/b>.<\/li>\n<\/ul>\n","protected":false},"excerpt":{"rendered":"<p>Avec fonction d&rsquo;oscillation pour obtenir le meilleur angle lors du passage.<br \/>\nAlliage de cuivre <strong>massif<\/strong>, manche en bois de tilleul. 165 cm \/ 14 cm \/ 1,1 kg <\/p>\n","protected":false},"featured_media":27068,"comment_status":"open","ping_status":"closed","template":"","meta":[],"product_brand":[],"product_cat":[175],"product_tag":[259,306],"class_list":{"0":"post-1978","1":"product","2":"type-product","3":"status-publish","4":"has-post-thumbnail","6":"product_cat-grands-outils-en-cuivre-fr","7":"product_tag-desserrer-fr","8":"product_tag-lueften-fr","10":"first","11":"instock","12":"taxable","13":"shipping-taxable","14":"purchasable","15":"product-type-simple"},"_links":{"self":[{"href":"https:\/\/kupferspuren.at\/fr\/wp-json\/wp\/v2\/product\/1978","targetHints":{"allow":["GET"]}}],"collection":[{"href":"https:\/\/kupferspuren.at\/fr\/wp-json\/wp\/v2\/product"}],"about":[{"href":"https:\/\/kupferspuren.at\/fr\/wp-json\/wp\/v2\/types\/product"}],"replies":[{"embeddable":true,"href":"https:\/\/kupferspuren.at\/fr\/wp-json\/wp\/v2\/comments?post=1978"}],"wp:featuredmedia":[{"embeddable":true,"href":"https:\/\/kupferspuren.at\/fr\/wp-json\/wp\/v2\/media\/27068"}],"wp:attachment":[{"href":"https:\/\/kupferspuren.at\/fr\/wp-json\/wp\/v2\/media?parent=1978"}],"wp:term":[{"taxonomy":"product_brand","embeddable":true,"href":"https:\/\/kupferspuren.at\/fr\/wp-json\/wp\/v2\/product_brand?post=1978"},{"taxonomy":"product_cat","embeddable":true,"href":"https:\/\/kupferspuren.at\/fr\/wp-json\/wp\/v2\/product_cat?post=1978"},{"taxonomy":"product_tag","embeddable":true,"href":"https:\/\/kupferspuren.at\/fr\/wp-json\/wp\/v2\/product_tag?post=1978"}],"curies":[{"name":"wp","href":"https:\/\/api.w.org\/{rel}","templated":true}]}}