{"id":1989,"date":"2017-09-29T10:23:32","date_gmt":"2017-09-29T08:23:32","guid":{"rendered":"http:\/\/pksbronze.at\/produkt\/damenspaten-auva\/"},"modified":"2026-03-30T10:13:34","modified_gmt":"2026-03-30T08:13:34","slug":"beche-madame-auva","status":"publish","type":"product","link":"https:\/\/kupferspuren.at\/fr\/produkt\/beche-madame-auva\/","title":{"rendered":"B\u00eache en cuivre AUVA"},"content":{"rendered":"<p><img loading=\"lazy\" decoding=\"async\" src=\"https:\/\/kupferspuren.at\/wp-content\/uploads\/2017\/09\/Kupferspaten_copperspade_pksbronze_AUVA-1.jpg\" alt=\"B\u00eache en cuivre Auva PKS Bronze\" width=\"700\" height=\"514\"><img loading=\"lazy\" decoding=\"async\" class=\"alignnone wp-image-252\" src=\"https:\/\/kupferspuren.at\/wp-content\/uploads\/2017\/09\/PKS_Bronze_Copperspade_Kupferspaten_Kupferwerkzeug_Gartenwerkzeug_Austria-300x100.jpg\" alt=\"\" width=\"558\" height=\"186\" srcset=\"https:\/\/kupferspuren.at\/wp-content\/uploads\/2017\/09\/PKS_Bronze_Copperspade_Kupferspaten_Kupferwerkzeug_Gartenwerkzeug_Austria-300x100.jpg 300w, https:\/\/kupferspuren.at\/wp-content\/uploads\/2017\/09\/PKS_Bronze_Copperspade_Kupferspaten_Kupferwerkzeug_Gartenwerkzeug_Austria-600x200.jpg 600w, https:\/\/kupferspuren.at\/wp-content\/uploads\/2017\/09\/PKS_Bronze_Copperspade_Kupferspaten_Kupferwerkzeug_Gartenwerkzeug_Austria-150x50.jpg 150w, https:\/\/kupferspuren.at\/wp-content\/uploads\/2017\/09\/PKS_Bronze_Copperspade_Kupferspaten_Kupferwerkzeug_Gartenwerkzeug_Austria-324x108.jpg 324w, https:\/\/kupferspuren.at\/wp-content\/uploads\/2017\/09\/PKS_Bronze_Copperspade_Kupferspaten_Kupferwerkzeug_Gartenwerkzeug_Austria-416x138.jpg 416w, https:\/\/kupferspuren.at\/wp-content\/uploads\/2017\/09\/PKS_Bronze_Copperspade_Kupferspaten_Kupferwerkzeug_Gartenwerkzeug_Austria.jpg 700w\" sizes=\"auto, (max-width: 558px) 100vw, 558px\" \/><br \/>\nCette b\u00eache est con\u00e7ue pour des travaux d&rsquo;excavation plus l\u00e9gers gr\u00e2ce \u00e0 son traitement plus l\u00e9ger (\u00e9paisseur du mat\u00e9riau). Pour le d\u00e9broussaillage de gros arbustes, nous recommandons la b\u00eache<a href=\"https:\/\/kupferspuren.at\/fr\/produkt\/beche-en-cuivre-orion\/\"> ORION<\/a>. La b\u00eache pour dames n&rsquo;est pas indestructible, mais elle est aussi solide qu&rsquo;une b\u00eache en fer traditionnelle. Son enfoncement beaucoup plus facile dans la terre, peut simuler une terre meuble.   <\/p>\n<div class=\"brlbs-cmpnt-container brlbs-cmpnt-content-blocker brlbs-cmpnt-with-individual-styles\" data-borlabs-cookie-content-blocker-id=\"youtube-content-blocker\" data-borlabs-cookie-content=\"PGlmcmFtZSBzcmM9Imh0dHBzOi8vd3d3LnlvdXR1YmUtbm9jb29raWUuY29tL2VtYmVkL3hROXBlSVlMb3I0P3JlbD0wIiB3aWR0aD0iNTYwIiBoZWlnaHQ9IjMxNSIgZnJhbWVib3JkZXI9IjAiIGFsbG93ZnVsbHNjcmVlbj0iYWxsb3dmdWxsc2NyZWVuIj48L2lmcmFtZT4=\">\n<div class=\"brlbs-cmpnt-cb-preset-c brlbs-cmpnt-cb-youtube\">\n<div class=\"brlbs-cmpnt-cb-thumbnail\" style=\"background-image: url('https:\/\/kupferspuren.at\/wp-content\/uploads\/borlabs-cookie\/1\/yt_xQ9peIYLor4_hqdefault.jpg')\"><\/div>\n<div class=\"brlbs-cmpnt-cb-main\">\n<div class=\"brlbs-cmpnt-cb-play-button\"><\/div>\n<div class=\"brlbs-cmpnt-cb-content\">\n<p class=\"brlbs-cmpnt-cb-description\">Vous \u00eates actuellement en train de consulter le contenu d&rsquo;un espace r\u00e9serv\u00e9 de <strong>YouTube<\/strong>. Pour acc\u00e9der au contenu r\u00e9el, cliquez sur le bouton ci-dessous. Veuillez noter que ce faisant, des donn\u00e9es seront partag\u00e9es avec des providers tiers.<\/p>\n<p> <a class=\"brlbs-cmpnt-cb-provider-toggle\" href=\"#\" data-borlabs-cookie-show-provider-information role=\"button\">Plus d&rsquo;informations<\/a> <\/div>\n<div class=\"brlbs-cmpnt-cb-buttons\"> <a class=\"brlbs-cmpnt-cb-btn\" href=\"#\" data-borlabs-cookie-unblock role=\"button\">D\u00e9bloquer le contenu<\/a> <a class=\"brlbs-cmpnt-cb-btn\" href=\"#\" data-borlabs-cookie-accept-service role=\"button\" style=\"display: inherit\">Accepter le service requis et d\u00e9bloquer les contenus<\/a> <\/div>\n<\/p><\/div>\n<\/p><\/div>\n<\/div>\n<p><code><\/code><\/p>\n<h1>Avantages<\/h1>\n<ul>\n<li><b>Aucun entretien<\/b> n\u00e9cessaire.<\/li>\n<li><b>Pas de formation de rouille <\/b>(pas de vert-de-gris non plus ! voir <a href=\"https:\/\/kupferspuren.at\/fr\/information\/cuivre\/verdigris-et-patine\/\">Vert-de-gris ou patine<\/a>? ).<\/li>\n<li>Ils peuvent \u00eatre r\u00e9aff\u00fbt\u00e9s ou \u00e9barb\u00e9s.<\/li>\n<li>Ils ont une <b>dur\u00e9e de vie<\/b> incomparablement <b>plus longue<\/b> que les appareils en fer.<\/li>\n<li>Le travail avec des outils de jardinage en cuivre <b>n\u00e9cessite moins d&rsquo;efforts en<\/b> raison des propri\u00e9t\u00e9s du mat\u00e9riau <b>.<\/b><\/li>\n<li>Ne peut <b>pas<\/b> \u00eatre charg\u00e9 <b>magn\u00e9tiquement<\/b>. Le champ de tension naturel dans notre milieu de culture est \u00e0 peine perturb\u00e9 par l&rsquo;intervention d&rsquo;outils de jardinage en cuivre. Cela am\u00e9liore l&rsquo;\u00e9quilibre hydrique du sol et le comportement des escargots (voir : <a href=\"https:\/\/kupferspuren.at\/fr\/information\/cuivre\/effets\/jane-cobbald-wie-ich-schnecken-schaetzen-lernte\/\">Jane Cobbald<\/a>).  <\/li>\n<li>Gr\u00e2ce aux exp\u00e9riences du naturaliste <a href=\"http:\/\/www.pks.or.at\" target=\"_blank\" rel=\"noopener noreferrer\"><b>Viktor Schauberger<\/b><\/a> dans les ann\u00e9es 50, a permis de d\u00e9montrer l&rsquo;am\u00e9lioration du sol et la stimulation de la croissance qui en d\u00e9coule.<\/li>\n<li>L&rsquo;abrasion apporte <b>des oligo-\u00e9l\u00e9ments de cuivre<\/b>dans le sol, qui jouent un r\u00f4le essentiel dans les processus enzymatiques : voir <a href=\"https:\/\/kupferspuren.at\/fr\/information\/cuivre\/kupfer-und-wachstum\/\">\u00ab\u00a0Cuivre et croissance\u00a0\u00bb.<\/a><\/li>\n<li><b>Plus de 20 ans d&rsquo;exp\u00e9rience<\/b> dans la production.<br \/>\nDes jardiniers et jardini\u00e8res enthousiastes <b>confirment notre qualit\u00e9<\/b>.<\/li>\n<\/ul>\n","protected":false},"excerpt":{"rendered":"<p>\u00c9l\u00e9gante, gracieuse et plus l\u00e9g\u00e8re que la b\u00eache <a href=\"https:\/\/kupferspuren.at\/fr\/produkt\/beche-en-cuivre-orion\/\">\u00ab\u00a0ORION\u00a0\u00bb<\/a>. Pour les travaux plus grossiers, nous recommandons la b\u00eache <a href=\"https:\/\/kupferspuren.at\/fr\/produkt\/beche-en-cuivre-orion\/\">\u00ab\u00a0ORION\u00a0\u00bb<\/a>.<br \/>\nPelle en alliage de cuivre <strong>massif<\/strong>, manche courb\u00e9 non trait\u00e9 en bois de fr\u00eane. 112 cm \/ lame de b\u00eache 24 cm x 15 cm\/ 1,5 kg  <\/p>\n","protected":false},"featured_media":27021,"comment_status":"open","ping_status":"closed","template":"","meta":[],"product_brand":[],"product_cat":[175,179],"product_tag":[288,309],"class_list":{"0":"post-1989","1":"product","2":"type-product","3":"status-publish","4":"has-post-thumbnail","6":"product_cat-grands-outils-en-cuivre-fr","7":"product_cat-pelle-et-deterrer-fr","8":"product_tag-pelle-fr","9":"product_tag-pelle-fr-fr","11":"first","12":"instock","13":"taxable","14":"shipping-taxable","15":"purchasable","16":"product-type-simple"},"_links":{"self":[{"href":"https:\/\/kupferspuren.at\/fr\/wp-json\/wp\/v2\/product\/1989","targetHints":{"allow":["GET"]}}],"collection":[{"href":"https:\/\/kupferspuren.at\/fr\/wp-json\/wp\/v2\/product"}],"about":[{"href":"https:\/\/kupferspuren.at\/fr\/wp-json\/wp\/v2\/types\/product"}],"replies":[{"embeddable":true,"href":"https:\/\/kupferspuren.at\/fr\/wp-json\/wp\/v2\/comments?post=1989"}],"wp:featuredmedia":[{"embeddable":true,"href":"https:\/\/kupferspuren.at\/fr\/wp-json\/wp\/v2\/media\/27021"}],"wp:attachment":[{"href":"https:\/\/kupferspuren.at\/fr\/wp-json\/wp\/v2\/media?parent=1989"}],"wp:term":[{"taxonomy":"product_brand","embeddable":true,"href":"https:\/\/kupferspuren.at\/fr\/wp-json\/wp\/v2\/product_brand?post=1989"},{"taxonomy":"product_cat","embeddable":true,"href":"https:\/\/kupferspuren.at\/fr\/wp-json\/wp\/v2\/product_cat?post=1989"},{"taxonomy":"product_tag","embeddable":true,"href":"https:\/\/kupferspuren.at\/fr\/wp-json\/wp\/v2\/product_tag?post=1989"}],"curies":[{"name":"wp","href":"https:\/\/api.w.org\/{rel}","templated":true}]}}