{"id":2027,"date":"2017-09-28T13:01:02","date_gmt":"2017-09-28T11:01:02","guid":{"rendered":"http:\/\/pksbronze.at\/produkt\/kleinhaue-pollux\/"},"modified":"2026-03-25T17:17:29","modified_gmt":"2026-03-25T16:17:29","slug":"serfouette-polux","status":"publish","type":"product","link":"https:\/\/kupferspuren.at\/fr\/produkt\/serfouette-polux\/","title":{"rendered":"Petites coupes POLLUX"},"content":{"rendered":"<p>Avec manche long <a href=\"http:\/\/kupferspuren.at\/produkt\/kleinhaue-pollux-lang\/\"> n\u00b0 051 \u00ab\u00a0Pollux long<\/a><\/p>\n","protected":false},"excerpt":{"rendered":"<p>Id\u00e9al pour les plantations \u00e0 faible distance.<br \/>\nL&rsquo;\u00e9pine sert \u00e0 ameublir la terre en la tirant, comme pour la \u00ab\u00a0mini-denture\u00a0\u00bb Corvus. L&rsquo;autre c\u00f4t\u00e9 sert \u00e0 biner ou \u00e0 \u00ab\u00a0\u00e9pier\u00a0\u00bb. <strong><br \/>\nAlliage de cuivre<\/strong> <strong>massif<\/strong>, manche en bois de h\u00eatre tourn\u00e9. L 31 cm \/ l 7,5 cm \/ H 20 cm \/ G 210 g <\/p>\n","protected":false},"featured_media":27278,"comment_status":"open","ping_status":"closed","template":"","meta":[],"product_brand":[],"product_cat":[173],"product_tag":[278,259],"class_list":{"0":"post-2027","1":"product","2":"type-product","3":"status-publish","4":"has-post-thumbnail","6":"product_cat-petits-outils-en-cuivre-fr","7":"product_tag-desherber-fr","8":"product_tag-desserrer-fr","10":"first","11":"instock","12":"taxable","13":"shipping-taxable","14":"purchasable","15":"product-type-simple"},"_links":{"self":[{"href":"https:\/\/kupferspuren.at\/fr\/wp-json\/wp\/v2\/product\/2027","targetHints":{"allow":["GET"]}}],"collection":[{"href":"https:\/\/kupferspuren.at\/fr\/wp-json\/wp\/v2\/product"}],"about":[{"href":"https:\/\/kupferspuren.at\/fr\/wp-json\/wp\/v2\/types\/product"}],"replies":[{"embeddable":true,"href":"https:\/\/kupferspuren.at\/fr\/wp-json\/wp\/v2\/comments?post=2027"}],"wp:featuredmedia":[{"embeddable":true,"href":"https:\/\/kupferspuren.at\/fr\/wp-json\/wp\/v2\/media\/27278"}],"wp:attachment":[{"href":"https:\/\/kupferspuren.at\/fr\/wp-json\/wp\/v2\/media?parent=2027"}],"wp:term":[{"taxonomy":"product_brand","embeddable":true,"href":"https:\/\/kupferspuren.at\/fr\/wp-json\/wp\/v2\/product_brand?post=2027"},{"taxonomy":"product_cat","embeddable":true,"href":"https:\/\/kupferspuren.at\/fr\/wp-json\/wp\/v2\/product_cat?post=2027"},{"taxonomy":"product_tag","embeddable":true,"href":"https:\/\/kupferspuren.at\/fr\/wp-json\/wp\/v2\/product_tag?post=2027"}],"curies":[{"name":"wp","href":"https:\/\/api.w.org\/{rel}","templated":true}]}}