{"id":2035,"date":"2017-09-28T13:05:42","date_gmt":"2017-09-28T11:05:42","guid":{"rendered":"http:\/\/pksbronze.at\/produkt\/kleinhaue-pollux-lang\/"},"modified":"2025-08-28T14:41:06","modified_gmt":"2025-08-28T12:41:06","slug":"serfouette-polux-longue-manche","status":"publish","type":"product","link":"https:\/\/kupferspuren.at\/fr\/produkt\/serfouette-polux-longue-manche\/","title":{"rendered":"Petite pioche POLLUX longue"},"content":{"rendered":"<p>Avec manche court n\u00b0 050 <a href=\"http:\/\/kupferspuren.at\/produkt\/kleinhaue-pollux\/\">\u00ab\u00a0petite pioche Pollux\u00a0\u00bb.<\/a><\/p>\n","protected":false},"excerpt":{"rendered":"<p>Pour un travail de pr\u00e9cision sans avoir \u00e0 se baisser.<br \/>\nTr\u00e8s appr\u00e9ci\u00e9 des rosi\u00e9ristes, alliage de cuivre <strong>massif<\/strong>, manche en tilleul. 150 cm \/ 20 cm \/ 7,5 cm \/ 0,5 kg <\/p>\n","protected":false},"featured_media":27194,"comment_status":"open","ping_status":"closed","template":"","meta":[],"product_brand":[],"product_cat":[173],"product_tag":[278,259],"class_list":{"0":"post-2035","1":"product","2":"type-product","3":"status-publish","4":"has-post-thumbnail","6":"product_cat-petits-outils-en-cuivre-fr","7":"product_tag-desherber-fr","8":"product_tag-desserrer-fr","10":"first","11":"instock","12":"taxable","13":"shipping-taxable","14":"purchasable","15":"product-type-simple"},"_links":{"self":[{"href":"https:\/\/kupferspuren.at\/fr\/wp-json\/wp\/v2\/product\/2035","targetHints":{"allow":["GET"]}}],"collection":[{"href":"https:\/\/kupferspuren.at\/fr\/wp-json\/wp\/v2\/product"}],"about":[{"href":"https:\/\/kupferspuren.at\/fr\/wp-json\/wp\/v2\/types\/product"}],"replies":[{"embeddable":true,"href":"https:\/\/kupferspuren.at\/fr\/wp-json\/wp\/v2\/comments?post=2035"}],"wp:featuredmedia":[{"embeddable":true,"href":"https:\/\/kupferspuren.at\/fr\/wp-json\/wp\/v2\/media\/27194"}],"wp:attachment":[{"href":"https:\/\/kupferspuren.at\/fr\/wp-json\/wp\/v2\/media?parent=2035"}],"wp:term":[{"taxonomy":"product_brand","embeddable":true,"href":"https:\/\/kupferspuren.at\/fr\/wp-json\/wp\/v2\/product_brand?post=2035"},{"taxonomy":"product_cat","embeddable":true,"href":"https:\/\/kupferspuren.at\/fr\/wp-json\/wp\/v2\/product_cat?post=2035"},{"taxonomy":"product_tag","embeddable":true,"href":"https:\/\/kupferspuren.at\/fr\/wp-json\/wp\/v2\/product_tag?post=2035"}],"curies":[{"name":"wp","href":"https:\/\/api.w.org\/{rel}","templated":true}]}}