{"id":2045,"date":"2017-09-29T09:32:47","date_gmt":"2017-09-29T07:32:47","guid":{"rendered":"http:\/\/pksbronze.at\/produkt\/bodenlockerer-sauzahn-pegasus\/"},"modified":"2026-04-05T16:49:29","modified_gmt":"2026-04-05T14:49:29","slug":"bio-cultivateur-pegasus","status":"publish","type":"product","link":"https:\/\/kupferspuren.at\/fr\/produkt\/bio-cultivateur-pegasus\/","title":{"rendered":"Dent de truie PEGASUS"},"content":{"rendered":"<div class=\"csc-textpic-text\">\n<p>L&rsquo;outil universel d&rsquo;un bio-jardinier a\u00e8re les diff\u00e9rentes couches du sol sans les modifier et apporte de l&rsquo;oxyg\u00e8ne aux racines. Il pr\u00e9serve ainsi non seulement la stratification naturelle, mais aussi l&rsquo;habitat des vers de terre et des micro-organismes. <\/p>\n<p>La dent suceuse, qui ameublit de grandes surfaces sans trop d&rsquo;effort, permet d&rsquo;apporter du compost et des engrais interm\u00e9diaires en surface. Elle convient en outre \u00e0 la r\u00e9colte de tous les fruits \u00e0 racines. <\/p>\n<\/div>\n<p><img loading=\"lazy\" decoding=\"async\" class=\"alignnone wp-image-217 size-full\" src=\"https:\/\/kupferspuren.at\/wp-content\/uploads\/2017\/09\/Kupfersauzahn_01.jpg\" alt=\"Dent de truie en cuivre\" width=\"600\" height=\"288\" srcset=\"https:\/\/kupferspuren.at\/wp-content\/uploads\/2017\/09\/Kupfersauzahn_01.jpg 600w, https:\/\/kupferspuren.at\/wp-content\/uploads\/2017\/09\/Kupfersauzahn_01-300x144.jpg 300w, https:\/\/kupferspuren.at\/wp-content\/uploads\/2017\/09\/Kupfersauzahn_01-416x200.jpg 416w, https:\/\/kupferspuren.at\/wp-content\/uploads\/2017\/09\/Kupfersauzahn_01-150x72.jpg 150w, https:\/\/kupferspuren.at\/wp-content\/uploads\/2017\/09\/Kupfersauzahn_01-324x156.jpg 324w\" sizes=\"auto, (max-width: 600px) 100vw, 600px\" \/><\/p>\n<p><img loading=\"lazy\" decoding=\"async\" class=\"alignnone wp-image-218 size-full\" src=\"https:\/\/kupferspuren.at\/wp-content\/uploads\/2017\/09\/030_Teil_11.jpg\" alt=\"\" width=\"600\" height=\"387\" srcset=\"https:\/\/kupferspuren.at\/wp-content\/uploads\/2017\/09\/030_Teil_11.jpg 600w, https:\/\/kupferspuren.at\/wp-content\/uploads\/2017\/09\/030_Teil_11-300x194.jpg 300w, https:\/\/kupferspuren.at\/wp-content\/uploads\/2017\/09\/030_Teil_11-416x268.jpg 416w, https:\/\/kupferspuren.at\/wp-content\/uploads\/2017\/09\/030_Teil_11-150x97.jpg 150w, https:\/\/kupferspuren.at\/wp-content\/uploads\/2017\/09\/030_Teil_11-324x209.jpg 324w\" sizes=\"auto, (max-width: 600px) 100vw, 600px\" \/><\/p>\n<p>&nbsp;<\/p>\n<p><code><iframe loading=\"lazy\" src=\"https:\/\/www.youtube.com\/embed\/_w_BoFfFddQ?rel=0\" width=\"560\" height=\"315\" frameborder=\"0\" allowfullscreen=\"allowfullscreen\"\/><\/code><\/p>\n<h1>Avantages<\/h1>\n<ul>\n<li><b>Aucun entretien<\/b> n\u00e9cessaire.<\/li>\n<li><b>Pas de formation de rouille <\/b>(pas de vert-de-gris non plus ! voir <a href=\"https:\/\/kupferspuren.at\/fr\/information\/cuivre\/verdigris-et-patine\/\">Vert-de-gris ou patine<\/a>? ).<\/li>\n<li>Ils peuvent \u00eatre r\u00e9aff\u00fbt\u00e9s ou \u00e9barb\u00e9s.<\/li>\n<li>Ils ont une <b>dur\u00e9e de vie<\/b> incomparablement <b>plus longue<\/b> que les appareils en fer.<\/li>\n<li>Le travail avec des outils de jardinage en cuivre <b>n\u00e9cessite moins d&rsquo;efforts en<\/b> raison des propri\u00e9t\u00e9s du mat\u00e9riau <b>.<\/b><\/li>\n<li>Ne peut <b>pas<\/b> \u00eatre charg\u00e9 <b>magn\u00e9tiquement<\/b>. Le champ de tension naturel dans notre milieu de culture est \u00e0 peine perturb\u00e9 par l&rsquo;intervention d&rsquo;outils de jardinage en cuivre. Cela am\u00e9liore l&rsquo;\u00e9quilibre hydrique du sol et le comportement des escargots (voir : <a href=\"https:\/\/kupferspuren.at\/fr\/information\/cuivre\/effets\/jane-cobbald-wie-ich-schnecken-schaetzen-lernte\/\">Jane Cobbald<\/a>).  <\/li>\n<li>Gr\u00e2ce aux exp\u00e9riences du naturaliste <a href=\"http:\/\/www.pks.or.at\" target=\"_blank\" rel=\"noopener noreferrer\"><b>Viktor Schauberger<\/b><\/a> dans les ann\u00e9es 50, a permis de d\u00e9montrer l&rsquo;am\u00e9lioration du sol et la stimulation de la croissance qui en d\u00e9coule.<\/li>\n<li>L&rsquo;abrasion apporte <b>des oligo-\u00e9l\u00e9ments de cuivre<\/b>dans le sol, qui jouent un r\u00f4le essentiel dans les processus enzymatiques : voir <a href=\"https:\/\/kupferspuren.at\/fr\/information\/cuivre\/kupfer-und-wachstum\/\">\u00ab\u00a0Cuivre et croissance\u00a0\u00bb.<\/a><\/li>\n<li><b>Plus de 20 ans d&rsquo;exp\u00e9rience<\/b> dans la production.<br \/>\nDes jardiniers et jardini\u00e8res enthousiastes <b>confirment notre qualit\u00e9<\/b>.<\/li>\n<\/ul>\n<p><a href=\"https:\/\/kupferspuren.at\/fr\/produkt\/lindenholz-stiel\/\">&gt;  PI\u00c8CE DE RECHANGE<\/a><\/p>\n<p>&nbsp;<\/p>\n","protected":false},"excerpt":{"rendered":"<p>Pour ameublir le sol en douceur et en \u00e9conomisant ses forces.<br \/>\nComme une charrue \u00e0 main, en tirant, efficace, profonde, ameublir la terre de mani\u00e8re cibl\u00e9e. Tr\u00e8s stable !<br \/>\nDent m\u00e9tallique en alliage de cuivre <strong>massif<\/strong>, support en laiton, manche ergonomique en tilleul non trait\u00e9. 152 cm \/ 24 cm \/ 1,1 kg  <\/p>\n","protected":false},"featured_media":27030,"comment_status":"open","ping_status":"closed","template":"","meta":[],"product_brand":[],"product_cat":[175],"product_tag":[453,454,259],"class_list":{"0":"post-2045","1":"product","2":"type-product","3":"status-publish","4":"has-post-thumbnail","6":"product_cat-grands-outils-en-cuivre-fr","7":"product_tag-dent-truie","8":"product_tag-dent-truie-en-cuivre","9":"product_tag-desserrer-fr","11":"first","12":"instock","13":"taxable","14":"shipping-taxable","15":"purchasable","16":"product-type-simple"},"_links":{"self":[{"href":"https:\/\/kupferspuren.at\/fr\/wp-json\/wp\/v2\/product\/2045","targetHints":{"allow":["GET"]}}],"collection":[{"href":"https:\/\/kupferspuren.at\/fr\/wp-json\/wp\/v2\/product"}],"about":[{"href":"https:\/\/kupferspuren.at\/fr\/wp-json\/wp\/v2\/types\/product"}],"replies":[{"embeddable":true,"href":"https:\/\/kupferspuren.at\/fr\/wp-json\/wp\/v2\/comments?post=2045"}],"wp:featuredmedia":[{"embeddable":true,"href":"https:\/\/kupferspuren.at\/fr\/wp-json\/wp\/v2\/media\/27030"}],"wp:attachment":[{"href":"https:\/\/kupferspuren.at\/fr\/wp-json\/wp\/v2\/media?parent=2045"}],"wp:term":[{"taxonomy":"product_brand","embeddable":true,"href":"https:\/\/kupferspuren.at\/fr\/wp-json\/wp\/v2\/product_brand?post=2045"},{"taxonomy":"product_cat","embeddable":true,"href":"https:\/\/kupferspuren.at\/fr\/wp-json\/wp\/v2\/product_cat?post=2045"},{"taxonomy":"product_tag","embeddable":true,"href":"https:\/\/kupferspuren.at\/fr\/wp-json\/wp\/v2\/product_tag?post=2045"}],"curies":[{"name":"wp","href":"https:\/\/api.w.org\/{rel}","templated":true}]}}