{"id":2058,"date":"2017-09-29T10:16:03","date_gmt":"2017-09-29T08:16:03","guid":{"rendered":"http:\/\/pksbronze.at\/produkt\/kupferspaten-orion\/"},"modified":"2026-04-05T16:49:29","modified_gmt":"2026-04-05T14:49:29","slug":"beche-en-cuivre-orion","status":"publish","type":"product","link":"https:\/\/kupferspuren.at\/fr\/produkt\/beche-en-cuivre-orion\/","title":{"rendered":"B\u00eache en cuivre ORION"},"content":{"rendered":"<p><img loading=\"lazy\" decoding=\"async\" class=\"alignnone wp-image-2399 size-full\" src=\"https:\/\/kupferspuren.at\/wp-content\/uploads\/2017\/09\/P080_Kupferspaten_PKS_03.jpg\" alt=\"b\u00eache en cuivre pks bronze\" width=\"585\" height=\"500\" srcset=\"https:\/\/kupferspuren.at\/wp-content\/uploads\/2017\/09\/P080_Kupferspaten_PKS_03.jpg 585w, https:\/\/kupferspuren.at\/wp-content\/uploads\/2017\/09\/P080_Kupferspaten_PKS_03-300x256.jpg 300w, https:\/\/kupferspuren.at\/wp-content\/uploads\/2017\/09\/P080_Kupferspaten_PKS_03-416x356.jpg 416w, https:\/\/kupferspuren.at\/wp-content\/uploads\/2017\/09\/P080_Kupferspaten_PKS_03-150x128.jpg 150w, https:\/\/kupferspuren.at\/wp-content\/uploads\/2017\/09\/P080_Kupferspaten_PKS_03-324x277.jpg 324w\" sizes=\"auto, (max-width: 585px) 100vw, 585px\" \/><img loading=\"lazy\" decoding=\"async\" class=\"alignnone wp-image-247 size-full\" src=\"https:\/\/kupferspuren.at\/wp-content\/uploads\/2017\/09\/toolbox_01.jpg\" alt=\"\" width=\"360\" height=\"131\" srcset=\"https:\/\/kupferspuren.at\/wp-content\/uploads\/2017\/09\/toolbox_01.jpg 360w, https:\/\/kupferspuren.at\/wp-content\/uploads\/2017\/09\/toolbox_01-300x109.jpg 300w, https:\/\/kupferspuren.at\/wp-content\/uploads\/2017\/09\/toolbox_01-150x55.jpg 150w, https:\/\/kupferspuren.at\/wp-content\/uploads\/2017\/09\/toolbox_01-324x118.jpg 324w\" sizes=\"auto, (max-width: 360px) 100vw, 360px\" \/><\/p>\n<p>Soudures li\u00e9es \u00e0 la production.<br \/>\n<em>Le professionnel sait que cela n&rsquo;est gu\u00e8re plus beau, car les propri\u00e9t\u00e9s des mat\u00e9riaux imposent des limites.<\/em><\/p>\n<p><img loading=\"lazy\" decoding=\"async\" class=\"alignnone wp-image-245 size-full\" src=\"https:\/\/kupferspuren.at\/wp-content\/uploads\/2017\/09\/PKS_Bronze.jpg\" alt=\"b\u00eache et pelle en cuivre\" width=\"545\" height=\"300\"><\/p>\n<h1>Avantages<\/h1>\n<ul>\n<li><b>Aucun entretien<\/b> n\u00e9cessaire.<\/li>\n<li><b>Pas de formation de rouille <\/b>(pas de vert-de-gris non plus ! voir <a href=\"https:\/\/kupferspuren.at\/fr\/information\/cuivre\/verdigris-et-patine\/\">Vert-de-gris ou patine<\/a>? ).<\/li>\n<li>Ils peuvent \u00eatre r\u00e9aff\u00fbt\u00e9s ou \u00e9barb\u00e9s.<\/li>\n<li>Ils ont une <b>dur\u00e9e de vie<\/b> incomparablement <b>plus longue<\/b> que les appareils en fer.<\/li>\n<li>Le travail avec des outils de jardinage en cuivre <b>n\u00e9cessite moins d&rsquo;efforts en<\/b> raison des propri\u00e9t\u00e9s du mat\u00e9riau <b>.<\/b><\/li>\n<li>Ne peut <b>pas<\/b> \u00eatre charg\u00e9 <b>magn\u00e9tiquement<\/b>. Le champ de tension naturel dans notre milieu de culture est \u00e0 peine perturb\u00e9 par l&rsquo;intervention d&rsquo;outils de jardinage en cuivre. Cela am\u00e9liore l&rsquo;\u00e9quilibre hydrique du sol et le comportement des escargots (voir : <a href=\"https:\/\/kupferspuren.at\/fr\/information\/cuivre\/effets\/jane-cobbald-wie-ich-schnecken-schaetzen-lernte\/\">Jane Cobbald<\/a>).  <\/li>\n<li>Gr\u00e2ce aux exp\u00e9riences du naturaliste <a href=\"http:\/\/www.pks.or.at\" target=\"_blank\" rel=\"noopener noreferrer\"><b>Viktor Schauberger<\/b><\/a> dans les ann\u00e9es 50, a permis de d\u00e9montrer l&rsquo;am\u00e9lioration du sol et la stimulation de la croissance qui en d\u00e9coule.<\/li>\n<li>L&rsquo;abrasion apporte <b>des oligo-\u00e9l\u00e9ments de cuivre<\/b>dans le sol, qui jouent un r\u00f4le essentiel dans les processus enzymatiques : voir <a href=\"https:\/\/kupferspuren.at\/fr\/information\/cuivre\/kupfer-und-wachstum\/\">\u00ab\u00a0Cuivre et croissance\u00a0\u00bb.<\/a><\/li>\n<li><b>Plus de 20 ans d&rsquo;exp\u00e9rience<\/b> dans la production.<br \/>\nDes jardiniers et jardini\u00e8res enthousiastes <b>confirment notre qualit\u00e9<\/b>.<\/li>\n<\/ul>\n<p><a href=\"https:\/\/kupferspuren.at\/fr\/produkt\/eschenholz-stiel\/\">&gt;  PI\u00c8CE DE RECHANGE<\/a><\/p>\n<p><a href=\"https:\/\/www.biogaertner.at\/geschenke-fuer-gruene-daumen\/kupferwerkzeug\/\" target=\"_blank\" rel=\"noopener noreferrer\"><img loading=\"lazy\" decoding=\"async\" class=\"wp-image-10263 size-full aligncenter\" src=\"https:\/\/kupferspuren.at\/wp-content\/uploads\/2017\/09\/kupferwerkzeug-241x300.jpg\" alt=\"\" width=\"241\" height=\"300\" srcset=\"https:\/\/kupferspuren.at\/wp-content\/uploads\/2017\/09\/kupferwerkzeug-241x300.jpg 241w, https:\/\/kupferspuren.at\/wp-content\/uploads\/2017\/09\/kupferwerkzeug-241x300-121x150.jpg 121w\" sizes=\"auto, (max-width: 241px) 100vw, 241px\" \/><\/a><\/p>\n<p style=\"text-align: center;\">Karl Ploberger <a href=\"http:\/\/www.biogaertner.at\" target=\"_blank\" rel=\"noopener noreferrer\">www.biogaertner.at<\/a><\/p>\n","protected":false},"excerpt":{"rendered":"<p>Tout \u00e0 port\u00e9e de main pour creuser une fosse de plantation.<br \/>\nPelle en alliage de cuivre <strong>massif<\/strong>, manche courb\u00e9 non trait\u00e9 en bois de fr\u00eane.<br \/>\n118 cm \/ Lame de b\u00eache 30 cm x 20 cm \/ 2 kg<br \/>\n<a href=\"https:\/\/youtu.be\/4Loge3QdQcM\" target=\"_blank\" rel=\"noopener noreferrer\">Vid\u00e9o de Mandelu<\/a><\/p>\n","protected":false},"featured_media":27026,"comment_status":"open","ping_status":"closed","template":"","meta":[],"product_brand":[],"product_cat":[175,179],"product_tag":[423,309],"class_list":{"0":"post-2058","1":"product","2":"type-product","3":"status-publish","4":"has-post-thumbnail","6":"product_cat-grands-outils-en-cuivre-fr","7":"product_cat-pelle-et-deterrer-fr","8":"product_tag-beche-de-cuivre","9":"product_tag-pelle-fr-fr","11":"first","12":"instock","13":"taxable","14":"shipping-taxable","15":"purchasable","16":"product-type-simple"},"_links":{"self":[{"href":"https:\/\/kupferspuren.at\/fr\/wp-json\/wp\/v2\/product\/2058","targetHints":{"allow":["GET"]}}],"collection":[{"href":"https:\/\/kupferspuren.at\/fr\/wp-json\/wp\/v2\/product"}],"about":[{"href":"https:\/\/kupferspuren.at\/fr\/wp-json\/wp\/v2\/types\/product"}],"replies":[{"embeddable":true,"href":"https:\/\/kupferspuren.at\/fr\/wp-json\/wp\/v2\/comments?post=2058"}],"wp:featuredmedia":[{"embeddable":true,"href":"https:\/\/kupferspuren.at\/fr\/wp-json\/wp\/v2\/media\/27026"}],"wp:attachment":[{"href":"https:\/\/kupferspuren.at\/fr\/wp-json\/wp\/v2\/media?parent=2058"}],"wp:term":[{"taxonomy":"product_brand","embeddable":true,"href":"https:\/\/kupferspuren.at\/fr\/wp-json\/wp\/v2\/product_brand?post=2058"},{"taxonomy":"product_cat","embeddable":true,"href":"https:\/\/kupferspuren.at\/fr\/wp-json\/wp\/v2\/product_cat?post=2058"},{"taxonomy":"product_tag","embeddable":true,"href":"https:\/\/kupferspuren.at\/fr\/wp-json\/wp\/v2\/product_tag?post=2058"}],"curies":[{"name":"wp","href":"https:\/\/api.w.org\/{rel}","templated":true}]}}