{"id":2072,"date":"2017-09-29T08:34:34","date_gmt":"2017-09-29T06:34:34","guid":{"rendered":"http:\/\/pksbronze.at\/produkt\/daisy-grubber-tabit-aus-massiver-kupferlegierung\/"},"modified":"2025-12-18T17:12:27","modified_gmt":"2025-12-18T16:12:27","slug":"daisy-grubber","status":"publish","type":"product","link":"https:\/\/kupferspuren.at\/fr\/produkt\/daisy-grubber\/","title":{"rendered":"Cultivateur Daisy TABIT"},"content":{"rendered":"<p>Comme son nom l&rsquo;indique, excellent pour faire levier sur les touffes de p\u00e2querettes.<\/p>\n<p>Cet outil \u00e9l\u00e9gant a \u00e9t\u00e9 ajout\u00e9 \u00e0 notre gamme de produits sur la suggestion de nos amis jardiniers anglais et sert uniquement \u00e0 maintenir un gazon \u00ab\u00a0anglais\u00a0\u00bb afin d&rsquo;\u00e9viter d&rsquo;utiliser des engrais pour mauvaises herbes. Les racines fines doivent \u00eatre retir\u00e9es du sol sans laisser de trou. <\/p>\n<p>Pour les racines profondes et puissantes, utilisez le coupe-racines <a href=\"https:\/\/kupferspuren.at\/fr\/produkt\/piqure-de-racine-enif\/\">\u00ab\u00a0ENIF\u00a0\u00bb.<\/a><\/p>\n<p>&nbsp;<\/p>\n","protected":false},"excerpt":{"rendered":"<p>Cet \u00e9l\u00e9gant outil est essentiellement destin\u00e9 \u00e0 entretenir un \u00a0\u00bb gazon Anglais \u00a0\u00bb sans engrais ou herbicide. Les racines profondes comme le pissenlit peuvent \u00eatre enlev\u00e9es d\u00e8s leur d\u00e9part. <\/p>\n<p>Le manche est en h\u00eatre tourn\u00e9. Le corps est fait d&rsquo;une barre de bronze et d&rsquo;une bascule. La bascule fait 5 cm de large et 10cm de long \/ Longueur totale 30,5 cm \/ Poids 220 g  <\/p>\n","protected":false},"featured_media":26844,"comment_status":"open","ping_status":"closed","template":"","meta":[],"product_brand":[],"product_cat":[173],"product_tag":[],"class_list":{"0":"post-2072","1":"product","2":"type-product","3":"status-publish","4":"has-post-thumbnail","6":"product_cat-petits-outils-en-cuivre-fr","8":"first","9":"instock","10":"taxable","11":"shipping-taxable","12":"purchasable","13":"product-type-simple"},"_links":{"self":[{"href":"https:\/\/kupferspuren.at\/fr\/wp-json\/wp\/v2\/product\/2072","targetHints":{"allow":["GET"]}}],"collection":[{"href":"https:\/\/kupferspuren.at\/fr\/wp-json\/wp\/v2\/product"}],"about":[{"href":"https:\/\/kupferspuren.at\/fr\/wp-json\/wp\/v2\/types\/product"}],"replies":[{"embeddable":true,"href":"https:\/\/kupferspuren.at\/fr\/wp-json\/wp\/v2\/comments?post=2072"}],"wp:featuredmedia":[{"embeddable":true,"href":"https:\/\/kupferspuren.at\/fr\/wp-json\/wp\/v2\/media\/26844"}],"wp:attachment":[{"href":"https:\/\/kupferspuren.at\/fr\/wp-json\/wp\/v2\/media?parent=2072"}],"wp:term":[{"taxonomy":"product_brand","embeddable":true,"href":"https:\/\/kupferspuren.at\/fr\/wp-json\/wp\/v2\/product_brand?post=2072"},{"taxonomy":"product_cat","embeddable":true,"href":"https:\/\/kupferspuren.at\/fr\/wp-json\/wp\/v2\/product_cat?post=2072"},{"taxonomy":"product_tag","embeddable":true,"href":"https:\/\/kupferspuren.at\/fr\/wp-json\/wp\/v2\/product_tag?post=2072"}],"curies":[{"name":"wp","href":"https:\/\/api.w.org\/{rel}","templated":true}]}}