{"id":2078,"date":"2017-09-29T07:49:13","date_gmt":"2017-09-29T05:49:13","guid":{"rendered":"http:\/\/pksbronze.at\/produkt\/wurzelstecher-enif\/"},"modified":"2025-12-16T00:55:57","modified_gmt":"2025-12-15T23:55:57","slug":"piqure-de-racine-enif","status":"publish","type":"product","link":"https:\/\/kupferspuren.at\/fr\/produkt\/piqure-de-racine-enif\/","title":{"rendered":"Coupe-racines ENIF"},"content":{"rendered":"<p><img loading=\"lazy\" decoding=\"async\" class=\"alignnone wp-image-4891 size-full\" src=\"https:\/\/kupferspuren.at\/wp-content\/uploads\/2017\/09\/Enif4.jpg\" alt=\"coupe-racines\" width=\"721\" height=\"128\" srcset=\"https:\/\/kupferspuren.at\/wp-content\/uploads\/2017\/09\/Enif4.jpg 721w, https:\/\/kupferspuren.at\/wp-content\/uploads\/2017\/09\/Enif4-300x53.jpg 300w, https:\/\/kupferspuren.at\/wp-content\/uploads\/2017\/09\/Enif4-600x107.jpg 600w, https:\/\/kupferspuren.at\/wp-content\/uploads\/2017\/09\/Enif4-150x27.jpg 150w, https:\/\/kupferspuren.at\/wp-content\/uploads\/2017\/09\/Enif4-648x115.jpg 648w, https:\/\/kupferspuren.at\/wp-content\/uploads\/2017\/09\/Enif4-324x58.jpg 324w, https:\/\/kupferspuren.at\/wp-content\/uploads\/2017\/09\/Enif4-416x74.jpg 416w\" sizes=\"auto, (max-width: 721px) 100vw, 721px\" \/><\/p>\n<p>La pince \u00e0 d\u00e9sherber permet de rep\u00e9rer et d&rsquo;arracher facilement les racines des mauvaises herbes. Il permet d&rsquo;\u00e9liminer les n\u0153uds des mauvaises herbes qui prolif\u00e8rent. <\/p>\n<p>Trop dommage de l&rsquo;utiliser comme gratte-joint ;-)<\/p>\n<p><code><iframe loading=\"lazy\" src=\"https:\/\/www.youtube.com\/embed\/4D2RpShs99k?rel=0\" width=\"560\" height=\"315\" frameborder=\"0\" allowfullscreen=\"allowfullscreen\"\/><\/code><\/p>\n<h1>Avantages<\/h1>\n<ul>\n<li><b>Aucun entretien<\/b> n\u00e9cessaire.<\/li>\n<li><b>Pas de formation de rouille <\/b>(pas de vert-de-gris non plus ! voir <a href=\"https:\/\/kupferspuren.at\/fr\/information\/cuivre\/verdigris-et-patine\/\">Vert-de-gris ou patine<\/a>? ).<\/li>\n<li>Ils peuvent \u00eatre r\u00e9aff\u00fbt\u00e9s ou \u00e9barb\u00e9s.<\/li>\n<li>Ils ont une <b>dur\u00e9e de vie<\/b> incomparablement <b>plus longue<\/b> que les appareils en fer.<\/li>\n<li>Le travail avec des outils de jardinage en cuivre <b>n\u00e9cessite moins d&rsquo;efforts en<\/b> raison des propri\u00e9t\u00e9s du mat\u00e9riau <b>.<\/b><\/li>\n<li>Ne peut <b>pas<\/b> \u00eatre charg\u00e9 <b>magn\u00e9tiquement<\/b>. Le champ de tension naturel dans notre milieu de culture est \u00e0 peine perturb\u00e9 par l&rsquo;intervention d&rsquo;outils de jardinage en cuivre. Cela am\u00e9liore l&rsquo;\u00e9quilibre hydrique du sol et le comportement des escargots (voir : <a href=\"https:\/\/kupferspuren.at\/fr\/information\/cuivre\/effets\/jane-cobbald-wie-ich-schnecken-schaetzen-lernte\/\">Jane Cobbald<\/a>).  <\/li>\n<li>Gr\u00e2ce aux exp\u00e9riences du naturaliste <a href=\"http:\/\/www.pks.or.at\" target=\"_blank\" rel=\"noopener noreferrer\"><b>Viktor Schauberger<\/b><\/a> dans les ann\u00e9es 50, a permis de d\u00e9montrer l&rsquo;am\u00e9lioration du sol et la stimulation de la croissance qui en d\u00e9coule.<\/li>\n<li>L&rsquo;abrasion apporte <b>des oligo-\u00e9l\u00e9ments de cuivre<\/b>dans le sol, qui jouent un r\u00f4le essentiel dans les processus enzymatiques : voir <a href=\"https:\/\/kupferspuren.at\/fr\/information\/cuivre\/kupfer-und-wachstum\/\">\u00ab\u00a0Cuivre et croissance\u00a0\u00bb.<\/a><\/li>\n<li><b>Plus de 20 ans d&rsquo;exp\u00e9rience<\/b> dans la production.<br \/>\nDes jardiniers et jardini\u00e8res enthousiastes <b>confirment notre qualit\u00e9<\/b>.<\/li>\n<\/ul>\n","protected":false},"excerpt":{"rendered":"<p>Outil g\u00e9nial pour d\u00e9couper les racines profondes, comme par ex : Pissenlit. Mais aussi tr\u00e8s utile pour r\u00e9colter les pissenlits en surface au printemps. \u00c9galement appel\u00e9 ciseau \u00e0 d\u00e9sherber. Alliage de cuivre <strong>massif<\/strong>, manche en bois de h\u00eatre. L 42 cm \/ 1,5 cm \/ 300 g   <\/p>\n","protected":false},"featured_media":26849,"comment_status":"open","ping_status":"closed","template":"","meta":[],"product_brand":[],"product_cat":[173],"product_tag":[543,542],"class_list":{"0":"post-2078","1":"product","2":"type-product","3":"status-publish","4":"has-post-thumbnail","6":"product_cat-petits-outils-en-cuivre-fr","7":"product_tag-coupe-racines","8":"product_tag-desherbeur","10":"first","11":"instock","12":"taxable","13":"shipping-taxable","14":"purchasable","15":"product-type-simple"},"_links":{"self":[{"href":"https:\/\/kupferspuren.at\/fr\/wp-json\/wp\/v2\/product\/2078","targetHints":{"allow":["GET"]}}],"collection":[{"href":"https:\/\/kupferspuren.at\/fr\/wp-json\/wp\/v2\/product"}],"about":[{"href":"https:\/\/kupferspuren.at\/fr\/wp-json\/wp\/v2\/types\/product"}],"replies":[{"embeddable":true,"href":"https:\/\/kupferspuren.at\/fr\/wp-json\/wp\/v2\/comments?post=2078"}],"wp:featuredmedia":[{"embeddable":true,"href":"https:\/\/kupferspuren.at\/fr\/wp-json\/wp\/v2\/media\/26849"}],"wp:attachment":[{"href":"https:\/\/kupferspuren.at\/fr\/wp-json\/wp\/v2\/media?parent=2078"}],"wp:term":[{"taxonomy":"product_brand","embeddable":true,"href":"https:\/\/kupferspuren.at\/fr\/wp-json\/wp\/v2\/product_brand?post=2078"},{"taxonomy":"product_cat","embeddable":true,"href":"https:\/\/kupferspuren.at\/fr\/wp-json\/wp\/v2\/product_cat?post=2078"},{"taxonomy":"product_tag","embeddable":true,"href":"https:\/\/kupferspuren.at\/fr\/wp-json\/wp\/v2\/product_tag?post=2078"}],"curies":[{"name":"wp","href":"https:\/\/api.w.org\/{rel}","templated":true}]}}