{"id":2084,"date":"2017-09-29T08:11:27","date_gmt":"2017-09-29T06:11:27","guid":{"rendered":"http:\/\/pksbronze.at\/produkt\/kraeutersichel-tucana-aus-massiver-kupferlegierung\/"},"modified":"2026-02-23T12:52:44","modified_gmt":"2026-02-23T11:52:44","slug":"faucille-a-herbes-tucana","status":"publish","type":"product","link":"https:\/\/kupferspuren.at\/fr\/produkt\/faucille-a-herbes-tucana\/","title":{"rendered":"Faucille \u00e0 herbes TUCANA"},"content":{"rendered":"<p>Sur le bord int\u00e9rieur et le bord ext\u00e9rieur, les deux c\u00f4t\u00e9s sont tranchants !<br \/>\nFaucher \u00e0 l&rsquo;int\u00e9rieur &#8211; couper \u00e0 l&rsquo;ext\u00e9rieur<strong>. <\/strong>Les herbes r\u00e9colt\u00e9es peuvent \u00eatre hach\u00e9es avec le tranchant \u00e0 l&rsquo;ext\u00e9rieur.<strong><br \/>\n<\/strong><\/p>\n<p>La faucille peut \u00eatre aiguis\u00e9e comme un couteau. Ci-dessous, une vid\u00e9o montrant comment <strong>\u00ab\u00a0repasser\u00a0\u00bb<\/strong> une faucille.<\/p>\n<p><img loading=\"lazy\" decoding=\"async\" class=\"alignnone wp-image-198 size-full\" src=\"https:\/\/kupferspuren.at\/wp-content\/uploads\/2017\/09\/Kupfer_Kraeutersichel_PKS_Bronze.jpg\" alt=\"Faucille \u00e0 herbes en cuivre\" width=\"600\" height=\"429\" srcset=\"https:\/\/kupferspuren.at\/wp-content\/uploads\/2017\/09\/Kupfer_Kraeutersichel_PKS_Bronze.jpg 600w, https:\/\/kupferspuren.at\/wp-content\/uploads\/2017\/09\/Kupfer_Kraeutersichel_PKS_Bronze-300x215.jpg 300w, https:\/\/kupferspuren.at\/wp-content\/uploads\/2017\/09\/Kupfer_Kraeutersichel_PKS_Bronze-416x297.jpg 416w, https:\/\/kupferspuren.at\/wp-content\/uploads\/2017\/09\/Kupfer_Kraeutersichel_PKS_Bronze-150x107.jpg 150w, https:\/\/kupferspuren.at\/wp-content\/uploads\/2017\/09\/Kupfer_Kraeutersichel_PKS_Bronze-324x232.jpg 324w\" sizes=\"auto, (max-width: 600px) 100vw, 600px\" \/><\/p>\n<p>&nbsp;<\/p>\n<p>&nbsp;<\/p>\n<div class=\"brlbs-cmpnt-container brlbs-cmpnt-content-blocker brlbs-cmpnt-with-individual-styles\" data-borlabs-cookie-content-blocker-id=\"youtube-content-blocker\" data-borlabs-cookie-content=\"PGRpdiBjbGFzcz0nYXZpYS1pZnJhbWUtd3JhcCc+PGlmcmFtZSB0aXRsZT0iUEtTICBLdXBmZXJTaWNoZWwgRGVuZ2VsbiAvIENvcHBlclNpY2tsZSBzaGFycGVuIiB3aWR0aD0iMTMzMyIgaGVpZ2h0PSIxMDAwIiBzcmM9Imh0dHBzOi8vd3d3LnlvdXR1YmUtbm9jb29raWUuY29tL2VtYmVkL2RVYWlsLVhmY29FP2ZlYXR1cmU9b2VtYmVkIiBmcmFtZWJvcmRlcj0iMCIgYWxsb3c9ImFjY2VsZXJvbWV0ZXI7IGF1dG9wbGF5OyBjbGlwYm9hcmQtd3JpdGU7IGVuY3J5cHRlZC1tZWRpYTsgZ3lyb3Njb3BlOyBwaWN0dXJlLWluLXBpY3R1cmU7IHdlYi1zaGFyZSIgYWxsb3dmdWxsc2NyZWVuPjwvaWZyYW1lPjwvZGl2Pg==\">\n<div class=\"brlbs-cmpnt-cb-preset-c brlbs-cmpnt-cb-youtube\">\n<div class=\"brlbs-cmpnt-cb-thumbnail\" style=\"background-image: url('https:\/\/kupferspuren.at\/wp-content\/uploads\/borlabs-cookie\/1\/yt_dUail-XfcoE_hqdefault.jpg')\"><\/div>\n<div class=\"brlbs-cmpnt-cb-main\">\n<div class=\"brlbs-cmpnt-cb-play-button\"><\/div>\n<div class=\"brlbs-cmpnt-cb-content\">\n<p class=\"brlbs-cmpnt-cb-description\">Vous \u00eates actuellement en train de consulter le contenu d&rsquo;un espace r\u00e9serv\u00e9 de <strong>YouTube<\/strong>. Pour acc\u00e9der au contenu r\u00e9el, cliquez sur le bouton ci-dessous. Veuillez noter que ce faisant, des donn\u00e9es seront partag\u00e9es avec des providers tiers.<\/p>\n<p> <a class=\"brlbs-cmpnt-cb-provider-toggle\" href=\"#\" data-borlabs-cookie-show-provider-information role=\"button\">Plus d&rsquo;informations<\/a> <\/div>\n<div class=\"brlbs-cmpnt-cb-buttons\"> <a class=\"brlbs-cmpnt-cb-btn\" href=\"#\" data-borlabs-cookie-unblock role=\"button\">D\u00e9bloquer le contenu<\/a> <a class=\"brlbs-cmpnt-cb-btn\" href=\"#\" data-borlabs-cookie-accept-service role=\"button\" style=\"display: inherit\">Accepter le service requis et d\u00e9bloquer les contenus<\/a> <\/div>\n<\/p><\/div>\n<\/p><\/div>\n<\/div>\n<p>&nbsp;<\/p>\n<p>&nbsp;<\/p>\n<p>&nbsp;<\/p>\n<p>&nbsp;<\/p>\n","protected":false},"excerpt":{"rendered":"<p>Pour la r\u00e9colte des herbes de qualit\u00e9.<strong><br \/>\nAlliage de cuivre massif, manche en fr\u00eane huil\u00e9. 28 cm \/ 12 cm \/ 200 g<\/strong>  <\/p>\n<p><span style=\"color: #993300;\"><em> <\/em><\/span><\/p>\n","protected":false},"featured_media":26236,"comment_status":"open","ping_status":"closed","template":"","meta":[],"product_brand":[],"product_cat":[173,163],"product_tag":[299],"class_list":{"0":"post-2084","1":"product","2":"type-product","3":"status-publish","4":"has-post-thumbnail","6":"product_cat-petits-outils-en-cuivre-fr","7":"product_cat-poignees-de-rechange-et-divers-fr","8":"product_tag-sichel-fr","10":"first","11":"instock","12":"taxable","13":"shipping-taxable","14":"purchasable","15":"product-type-simple"},"_links":{"self":[{"href":"https:\/\/kupferspuren.at\/fr\/wp-json\/wp\/v2\/product\/2084","targetHints":{"allow":["GET"]}}],"collection":[{"href":"https:\/\/kupferspuren.at\/fr\/wp-json\/wp\/v2\/product"}],"about":[{"href":"https:\/\/kupferspuren.at\/fr\/wp-json\/wp\/v2\/types\/product"}],"replies":[{"embeddable":true,"href":"https:\/\/kupferspuren.at\/fr\/wp-json\/wp\/v2\/comments?post=2084"}],"wp:featuredmedia":[{"embeddable":true,"href":"https:\/\/kupferspuren.at\/fr\/wp-json\/wp\/v2\/media\/26236"}],"wp:attachment":[{"href":"https:\/\/kupferspuren.at\/fr\/wp-json\/wp\/v2\/media?parent=2084"}],"wp:term":[{"taxonomy":"product_brand","embeddable":true,"href":"https:\/\/kupferspuren.at\/fr\/wp-json\/wp\/v2\/product_brand?post=2084"},{"taxonomy":"product_cat","embeddable":true,"href":"https:\/\/kupferspuren.at\/fr\/wp-json\/wp\/v2\/product_cat?post=2084"},{"taxonomy":"product_tag","embeddable":true,"href":"https:\/\/kupferspuren.at\/fr\/wp-json\/wp\/v2\/product_tag?post=2084"}],"curies":[{"name":"wp","href":"https:\/\/api.w.org\/{rel}","templated":true}]}}