{"id":2102,"date":"2017-09-29T08:52:22","date_gmt":"2017-09-29T06:52:22","guid":{"rendered":"http:\/\/pksbronze.at\/produkt\/kupferrechen-atik-lang\/"},"modified":"2026-03-25T17:17:29","modified_gmt":"2026-03-25T16:17:29","slug":"petit-rateau-en-cuivre-atik-long","status":"publish","type":"product","link":"https:\/\/kupferspuren.at\/fr\/produkt\/petit-rateau-en-cuivre-atik-long\/","title":{"rendered":"Petit r\u00e2teau en cuivre ATIK long"},"content":{"rendered":"<p>T\u00eate de lit identique au petit r\u00e2teau <a href=\"http:\/\/kupferspuren.at\/produkt\/kupferrechen-atik\/\">\u00ab\u00a0ATIK court\u00a0\u00bb.<\/a><\/p>\n","protected":false},"excerpt":{"rendered":"<p>Pratique pour le ratissage fin sous les buissons d&rsquo;\u00e9pines, pour l&rsquo;aplanissement de petites surfaces entre les cultures. Avec manche long et l\u00e9ger en bois de tilleul non trait\u00e9. Alliage de cuivre massif, 150 cm \/ 14 cm \/ 6 cm \/0,5 kg  <\/p>\n<p><img loading=\"lazy\" decoding=\"async\" class=\"alignnone wp-image-203 size-medium\" src=\"https:\/\/kupferspuren.at\/wp-content\/uploads\/2017\/09\/Atik_liegend_116-300x28.jpg\" alt=\"Petit r\u00e2teau en cuivre long pleine longueur\" width=\"300\" height=\"28\" srcset=\"https:\/\/kupferspuren.at\/wp-content\/uploads\/2017\/09\/Atik_liegend_116-300x28.jpg 300w, https:\/\/kupferspuren.at\/wp-content\/uploads\/2017\/09\/Atik_liegend_116-416x38.jpg 416w, https:\/\/kupferspuren.at\/wp-content\/uploads\/2017\/09\/Atik_liegend_116-150x14.jpg 150w, https:\/\/kupferspuren.at\/wp-content\/uploads\/2017\/09\/Atik_liegend_116-324x30.jpg 324w, https:\/\/kupferspuren.at\/wp-content\/uploads\/2017\/09\/Atik_liegend_116.jpg 600w\" sizes=\"auto, (max-width: 300px) 100vw, 300px\" \/><\/p>\n","protected":false},"featured_media":27188,"comment_status":"open","ping_status":"closed","template":"","meta":[],"product_brand":[],"product_cat":[151,173],"product_tag":[296],"class_list":{"0":"post-2102","1":"product","2":"type-product","3":"status-publish","4":"has-post-thumbnail","6":"product_cat-outils-en-cuivre","7":"product_cat-petits-outils-en-cuivre-fr","8":"product_tag-rechen-fr","10":"first","11":"instock","12":"taxable","13":"shipping-taxable","14":"purchasable","15":"product-type-simple"},"_links":{"self":[{"href":"https:\/\/kupferspuren.at\/fr\/wp-json\/wp\/v2\/product\/2102","targetHints":{"allow":["GET"]}}],"collection":[{"href":"https:\/\/kupferspuren.at\/fr\/wp-json\/wp\/v2\/product"}],"about":[{"href":"https:\/\/kupferspuren.at\/fr\/wp-json\/wp\/v2\/types\/product"}],"replies":[{"embeddable":true,"href":"https:\/\/kupferspuren.at\/fr\/wp-json\/wp\/v2\/comments?post=2102"}],"wp:featuredmedia":[{"embeddable":true,"href":"https:\/\/kupferspuren.at\/fr\/wp-json\/wp\/v2\/media\/27188"}],"wp:attachment":[{"href":"https:\/\/kupferspuren.at\/fr\/wp-json\/wp\/v2\/media?parent=2102"}],"wp:term":[{"taxonomy":"product_brand","embeddable":true,"href":"https:\/\/kupferspuren.at\/fr\/wp-json\/wp\/v2\/product_brand?post=2102"},{"taxonomy":"product_cat","embeddable":true,"href":"https:\/\/kupferspuren.at\/fr\/wp-json\/wp\/v2\/product_cat?post=2102"},{"taxonomy":"product_tag","embeddable":true,"href":"https:\/\/kupferspuren.at\/fr\/wp-json\/wp\/v2\/product_tag?post=2102"}],"curies":[{"name":"wp","href":"https:\/\/api.w.org\/{rel}","templated":true}]}}