{"id":2138,"date":"2017-09-29T11:43:18","date_gmt":"2017-09-29T09:43:18","guid":{"rendered":"http:\/\/pksbronze.at\/produkt\/kupfergiesskanne-dorado-gross\/"},"modified":"2026-04-19T14:36:18","modified_gmt":"2026-04-19T12:36:18","slug":"arrosoir-dorado-grand","status":"publish","type":"product","link":"https:\/\/kupferspuren.at\/fr\/produkt\/arrosoir-dorado-grand\/","title":{"rendered":"Arrosoir PKS \u00ab\u00a0DORADO"},"content":{"rendered":"<p>Arroser avec pr\u00e9cision les pots ou le sol des plantes. Un magnifique bijou pratique et utile pour votre terrasse ou votre jardin. <\/p>\n<p><em><strong>Wikipedia :<\/strong><\/em><br \/>\n<em><span id=\"Biologische_Eigenschaften\" class=\"mw-headline\">Propri\u00e9t\u00e9s biologiques<\/span><\/em><\/p>\n<p><em>Compar\u00e9 \u00e0 de nombreux autres m\u00e9taux lourds, le cuivre n&rsquo;est que relativement peu toxique pour les organismes sup\u00e9rieurs. Ainsi, un \u00eatre humain peut ing\u00e9rer 0,04 gramme de cuivre par jour sans que sa sant\u00e9 en p\u00e2tisse.<sup id=\"cite_ref-39\" class=\"reference\"><a href=\"https:\/\/de.wikipedia.org\/wiki\/Kupfer#cite_note-39\" target=\"_blank\" rel=\"noopener noreferrer\">[38]<\/a><\/sup> Sous sa forme libre, non li\u00e9e aux <a title=\"Prot\u00e9ine\" href=\"https:\/\/de.wikipedia.org\/wiki\/Protein\" target=\"_blank\" rel=\"noopener noreferrer\">prot\u00e9ines<\/a>, le cuivre a un effet antibact\u00e9rien ; on parle ici, comme pour l&rsquo;argent, d&rsquo;<a title=\"Oligodynamie\" href=\"https:\/\/de.wikipedia.org\/wiki\/Oligodynamie\" target=\"_blank\" rel=\"noopener noreferrer\">effet oligodynamique<\/a>, ce qui explique pourquoi, par exemple, <strong>l&rsquo;eau des fleurs conserv\u00e9e dans des r\u00e9cipients en cuivre<\/strong> ou dans laquelle on place une pi\u00e8ce de cuivre <strong>ne pourrit pas aussi rapidement.<\/strong> <\/em><\/p>\n<h4><em>Travail manuel<\/em><\/h4>\n<p>Chaque arrosoir est unique. Tous les arrosoirs sont fabriqu\u00e9s enti\u00e8rement \u00e0 la main. Des traces de traitement telles que des restes de produit de polissage, de petites rayures, peuvent appara\u00eetre. L&rsquo;\u00e9tanch\u00e9it\u00e9 de tous les arrosoirs est test\u00e9e.   <\/p>\n<p>L&rsquo;arrosoir doit g\u00e9n\u00e9ralement \u00eatre exp\u00e9di\u00e9 dans un colis s\u00e9par\u00e9.<\/p>\n<div id=\"c1625\" class=\"csc-default\">\n<p><span style=\"color: #00ccff;\">EN HIVER  <em>ne pas laisser l&rsquo;eau geler dans l&rsquo;arrosoir. Cela entra\u00eenerait un renflement et l&rsquo;\u00e9tanch\u00e9it\u00e9 ne pourrait plus \u00eatre garantie ! <\/em><\/span><\/p>\n<\/div>\n<p><em>V<img loading=\"lazy\" decoding=\"async\" class=\"wp-image-10222 alignleft\" src=\"https:\/\/kupferspuren.at\/wp-content\/uploads\/2017\/09\/weiblich-150x150.png\" alt=\"cuivre femelle\" width=\"54\" height=\"54\" srcset=\"https:\/\/kupferspuren.at\/wp-content\/uploads\/2017\/09\/weiblich-150x150.png 150w, https:\/\/kupferspuren.at\/wp-content\/uploads\/2017\/09\/weiblich-300x300.png 300w, https:\/\/kupferspuren.at\/wp-content\/uploads\/2017\/09\/weiblich-100x100.png 100w, https:\/\/kupferspuren.at\/wp-content\/uploads\/2017\/09\/weiblich-600x600.png 600w, https:\/\/kupferspuren.at\/wp-content\/uploads\/2017\/09\/weiblich-768x768.png 768w, https:\/\/kupferspuren.at\/wp-content\/uploads\/2017\/09\/weiblich-324x324.png 324w, https:\/\/kupferspuren.at\/wp-content\/uploads\/2017\/09\/weiblich-416x416.png 416w, https:\/\/kupferspuren.at\/wp-content\/uploads\/2017\/09\/weiblich.png 1024w\" sizes=\"auto, (max-width: 54px) 100vw, 54px\" \/>enussymbol : symbole de l&rsquo;alchimie pour le cuivre<\/em><\/p>\n<p><em>Le cuivre, l&rsquo;or, l&rsquo;argent et l&rsquo;\u00e9tain ont \u00e9t\u00e9 les premiers m\u00e9taux que l&rsquo;humanit\u00e9 a connus dans son d\u00e9veloppement.<\/em><\/p>\n<div class=\"brlbs-cmpnt-container brlbs-cmpnt-content-blocker brlbs-cmpnt-with-individual-styles\" data-borlabs-cookie-content-blocker-id=\"youtube-content-blocker\" data-borlabs-cookie-content=\"PGlmcmFtZSBzcmM9Imh0dHBzOi8vd3d3LnlvdXR1YmUtbm9jb29raWUuY29tL2VtYmVkL2FJTnhtMlp4aU1VP3N0YXJ0PTkiIHdpZHRoPSI1NjAiIGhlaWdodD0iMzE1IiBmcmFtZWJvcmRlcj0iMCIgYWxsb3dmdWxsc2NyZWVuPSJhbGxvd2Z1bGxzY3JlZW4iPjwvaWZyYW1lPg==\">\n<div class=\"brlbs-cmpnt-cb-preset-c brlbs-cmpnt-cb-youtube\">\n<div class=\"brlbs-cmpnt-cb-thumbnail\" style=\"background-image: url('https:\/\/kupferspuren.at\/wp-content\/uploads\/borlabs-cookie\/1\/yt_aINxm2ZxiMU_hqdefault.jpg')\"><\/div>\n<div class=\"brlbs-cmpnt-cb-main\">\n<div class=\"brlbs-cmpnt-cb-play-button\"><\/div>\n<div class=\"brlbs-cmpnt-cb-content\">\n<p class=\"brlbs-cmpnt-cb-description\">Vous \u00eates actuellement en train de consulter le contenu d&rsquo;un espace r\u00e9serv\u00e9 de <strong>YouTube<\/strong>. Pour acc\u00e9der au contenu r\u00e9el, cliquez sur le bouton ci-dessous. Veuillez noter que ce faisant, des donn\u00e9es seront partag\u00e9es avec des providers tiers.<\/p>\n<p> <a class=\"brlbs-cmpnt-cb-provider-toggle\" href=\"#\" data-borlabs-cookie-show-provider-information role=\"button\">Plus d&rsquo;informations<\/a> <\/div>\n<div class=\"brlbs-cmpnt-cb-buttons\"> <a class=\"brlbs-cmpnt-cb-btn\" href=\"#\" data-borlabs-cookie-unblock role=\"button\">D\u00e9bloquer le contenu<\/a> <a class=\"brlbs-cmpnt-cb-btn\" href=\"#\" data-borlabs-cookie-accept-service role=\"button\" style=\"display: inherit\">Accepter le service requis et d\u00e9bloquer les contenus<\/a> <\/div>\n<\/p><\/div>\n<\/p><\/div>\n<\/div>\n","protected":false},"excerpt":{"rendered":"<h4><strong>  6 LITRES (max. 7 litres = plein \u00e0 ras bord)<br \/>\n<\/strong><\/h4>\n<p>Arrosoir en <strong>cuivre pur<\/strong>.<br \/>\nLe bec verseur est inclin\u00e9, pour un tourbillon d&rsquo;eau particulier.<br \/>\nHauteur 35 cm avec \u00e9trier de maintien \/ \u00d8 21 cm \/ Largeur avec bec verseur 60 cm \/ Poids 1,7 kg<\/p>\n","protected":false},"featured_media":26824,"comment_status":"open","ping_status":"closed","template":"","meta":[],"product_brand":[],"product_cat":[245],"product_tag":[303],"class_list":{"0":"post-2138","1":"product","2":"type-product","3":"status-publish","4":"has-post-thumbnail","6":"product_cat-arrosoirs-en-cuivre-fr","7":"product_tag-arrosoir-de-cuivre-fr","8":"product_shipping_class-arrosoir","10":"first","11":"instock","12":"taxable","13":"shipping-taxable","14":"purchasable","15":"product-type-simple"},"_links":{"self":[{"href":"https:\/\/kupferspuren.at\/fr\/wp-json\/wp\/v2\/product\/2138","targetHints":{"allow":["GET"]}}],"collection":[{"href":"https:\/\/kupferspuren.at\/fr\/wp-json\/wp\/v2\/product"}],"about":[{"href":"https:\/\/kupferspuren.at\/fr\/wp-json\/wp\/v2\/types\/product"}],"replies":[{"embeddable":true,"href":"https:\/\/kupferspuren.at\/fr\/wp-json\/wp\/v2\/comments?post=2138"}],"wp:featuredmedia":[{"embeddable":true,"href":"https:\/\/kupferspuren.at\/fr\/wp-json\/wp\/v2\/media\/26824"}],"wp:attachment":[{"href":"https:\/\/kupferspuren.at\/fr\/wp-json\/wp\/v2\/media?parent=2138"}],"wp:term":[{"taxonomy":"product_brand","embeddable":true,"href":"https:\/\/kupferspuren.at\/fr\/wp-json\/wp\/v2\/product_brand?post=2138"},{"taxonomy":"product_cat","embeddable":true,"href":"https:\/\/kupferspuren.at\/fr\/wp-json\/wp\/v2\/product_cat?post=2138"},{"taxonomy":"product_tag","embeddable":true,"href":"https:\/\/kupferspuren.at\/fr\/wp-json\/wp\/v2\/product_tag?post=2138"}],"curies":[{"name":"wp","href":"https:\/\/api.w.org\/{rel}","templated":true}]}}