{"id":2242,"date":"2017-09-29T09:16:03","date_gmt":"2017-09-29T07:16:03","guid":{"rendered":"http:\/\/pksbronze.at\/produkt\/feldhaue-sirius\/"},"modified":"2026-03-28T22:30:49","modified_gmt":"2026-03-28T21:30:49","slug":"houe-sirius","status":"publish","type":"product","link":"https:\/\/kupferspuren.at\/fr\/produkt\/houe-sirius\/","title":{"rendered":"Coupe de champ SIRIUS"},"content":{"rendered":"<p><a href=\"https:\/\/kupferspuren.at\/fr\/produkt\/manche-pour-houe-de-jardin\/\" target=\"_blank\" rel=\"noopener noreferrer\">&gt;&gt;PI\u00c8CE DE RECHANGE<\/a><\/p>\n<p><img loading=\"lazy\" decoding=\"async\" class=\"alignnone wp-image-2428 size-full\" src=\"https:\/\/kupferspuren.at\/wp-content\/uploads\/2017\/09\/Kupferhaue_Viktor_Schauberger_pksbronze_coppergardentool_01-1.jpg\" alt=\"Cisaille \u00e0 cuivre SIRIUS\" width=\"700\" height=\"386\" srcset=\"https:\/\/kupferspuren.at\/wp-content\/uploads\/2017\/09\/Kupferhaue_Viktor_Schauberger_pksbronze_coppergardentool_01-1.jpg 700w, https:\/\/kupferspuren.at\/wp-content\/uploads\/2017\/09\/Kupferhaue_Viktor_Schauberger_pksbronze_coppergardentool_01-1-300x165.jpg 300w, https:\/\/kupferspuren.at\/wp-content\/uploads\/2017\/09\/Kupferhaue_Viktor_Schauberger_pksbronze_coppergardentool_01-1-600x331.jpg 600w, https:\/\/kupferspuren.at\/wp-content\/uploads\/2017\/09\/Kupferhaue_Viktor_Schauberger_pksbronze_coppergardentool_01-1-150x83.jpg 150w, https:\/\/kupferspuren.at\/wp-content\/uploads\/2017\/09\/Kupferhaue_Viktor_Schauberger_pksbronze_coppergardentool_01-1-324x179.jpg 324w, https:\/\/kupferspuren.at\/wp-content\/uploads\/2017\/09\/Kupferhaue_Viktor_Schauberger_pksbronze_coppergardentool_01-1-416x229.jpg 416w\" sizes=\"auto, (max-width: 700px) 100vw, 700px\" \/><\/p>\n<p><img loading=\"lazy\" decoding=\"async\" class=\"alignnone size-medium wp-image-207\" src=\"https:\/\/kupferspuren.at\/wp-content\/uploads\/2017\/09\/toolbox_1_Kopie-300x109.jpg\" alt=\"\" width=\"300\" height=\"109\" srcset=\"https:\/\/kupferspuren.at\/wp-content\/uploads\/2017\/09\/toolbox_1_Kopie-300x109.jpg 300w, https:\/\/kupferspuren.at\/wp-content\/uploads\/2017\/09\/toolbox_1_Kopie-150x55.jpg 150w, https:\/\/kupferspuren.at\/wp-content\/uploads\/2017\/09\/toolbox_1_Kopie-324x118.jpg 324w, https:\/\/kupferspuren.at\/wp-content\/uploads\/2017\/09\/toolbox_1_Kopie.jpg 360w\" sizes=\"auto, (max-width: 300px) 100vw, 300px\" \/><\/p>\n<p><code><iframe loading=\"lazy\" src=\"https:\/\/www.youtube.com\/embed\/SmUzy9jnh2E?rel=0\" width=\"560\" height=\"315\" frameborder=\"0\" allowfullscreen=\"allowfullscreen\"\/><\/code><\/p>\n<h1>Avantages<\/h1>\n<ul>\n<li><b>Aucun entretien<\/b> n\u00e9cessaire.<\/li>\n<li><b>Pas de formation de rouille <\/b>(pas de vert-de-gris non plus ! voir <a href=\"https:\/\/kupferspuren.at\/fr\/information\/cuivre\/verdigris-et-patine\/\">Vert-de-gris ou patine<\/a>? ).<\/li>\n<li>Ils peuvent \u00eatre r\u00e9aff\u00fbt\u00e9s ou \u00e9barb\u00e9s.<\/li>\n<li>Ils ont une <b>dur\u00e9e de vie<\/b> incomparablement <b>plus longue<\/b> que les appareils en fer.<\/li>\n<li>Le travail avec des outils de jardinage en cuivre <b>n\u00e9cessite moins d&rsquo;efforts en<\/b> raison des propri\u00e9t\u00e9s du mat\u00e9riau <b>.<\/b><\/li>\n<li>Ne peut <b>pas<\/b> \u00eatre charg\u00e9 <b>magn\u00e9tiquement<\/b>. Le champ de tension naturel dans notre milieu de culture est \u00e0 peine perturb\u00e9 par l&rsquo;intervention d&rsquo;outils de jardinage en cuivre. Cela am\u00e9liore l&rsquo;\u00e9quilibre hydrique du sol et le comportement des escargots (voir : <a href=\"https:\/\/kupferspuren.at\/fr\/information\/cuivre\/effets\/jane-cobbald-wie-ich-schnecken-schaetzen-lernte\/\">Jane Cobbald<\/a>).  <\/li>\n<li>Gr\u00e2ce aux exp\u00e9riences du naturaliste <a href=\"http:\/\/www.pks.or.at\" target=\"_blank\" rel=\"noopener noreferrer\"><b>Viktor Schauberger<\/b><\/a> dans les ann\u00e9es 50, a permis de d\u00e9montrer l&rsquo;am\u00e9lioration du sol et la stimulation de la croissance qui en d\u00e9coule.<\/li>\n<li>L&rsquo;abrasion apporte <b>des oligo-\u00e9l\u00e9ments de cuivre<\/b>dans le sol, qui jouent un r\u00f4le essentiel dans les processus enzymatiques : voir <a href=\"https:\/\/kupferspuren.at\/fr\/information\/cuivre\/kupfer-und-wachstum\/\">\u00ab\u00a0Cuivre et croissance\u00a0\u00bb.<\/a><\/li>\n<li><b>Plus de 20 ans d&rsquo;exp\u00e9rience<\/b> dans la production.<br \/>\nDes jardiniers et jardini\u00e8res enthousiastes <b>confirment notre qualit\u00e9<\/b>.<\/li>\n<\/ul>\n","protected":false},"excerpt":{"rendered":"<p><strong>L&rsquo;outil de r\u00e9f\u00e9rence<\/strong> pour le jardinier amateur passionn\u00e9.<br \/>\nAlliage de cuivre <strong>massif<\/strong> poli, manche ergonomique non trait\u00e9 en tilleul. 128 x 14 x 17 cm\/ Poids sans emballage 0,900 g <\/p>\n<p>&nbsp;<\/p>\n","protected":false},"featured_media":27065,"comment_status":"open","ping_status":"closed","template":"","meta":[],"product_brand":[],"product_cat":[172,175],"product_tag":[337,278,259,441,292],"class_list":{"0":"post-2242","1":"product","2":"type-product","3":"status-publish","4":"has-post-thumbnail","6":"product_cat-desherber-et-desserrer-fr","7":"product_cat-grands-outils-en-cuivre-fr","8":"product_tag-chop-fr","9":"product_tag-desherber-fr","10":"product_tag-desserrer-fr","11":"product_tag-houe","12":"product_tag-houe-cuivre-fr","14":"first","15":"instock","16":"featured","17":"taxable","18":"shipping-taxable","19":"purchasable","20":"product-type-simple"},"_links":{"self":[{"href":"https:\/\/kupferspuren.at\/fr\/wp-json\/wp\/v2\/product\/2242","targetHints":{"allow":["GET"]}}],"collection":[{"href":"https:\/\/kupferspuren.at\/fr\/wp-json\/wp\/v2\/product"}],"about":[{"href":"https:\/\/kupferspuren.at\/fr\/wp-json\/wp\/v2\/types\/product"}],"replies":[{"embeddable":true,"href":"https:\/\/kupferspuren.at\/fr\/wp-json\/wp\/v2\/comments?post=2242"}],"wp:featuredmedia":[{"embeddable":true,"href":"https:\/\/kupferspuren.at\/fr\/wp-json\/wp\/v2\/media\/27065"}],"wp:attachment":[{"href":"https:\/\/kupferspuren.at\/fr\/wp-json\/wp\/v2\/media?parent=2242"}],"wp:term":[{"taxonomy":"product_brand","embeddable":true,"href":"https:\/\/kupferspuren.at\/fr\/wp-json\/wp\/v2\/product_brand?post=2242"},{"taxonomy":"product_cat","embeddable":true,"href":"https:\/\/kupferspuren.at\/fr\/wp-json\/wp\/v2\/product_cat?post=2242"},{"taxonomy":"product_tag","embeddable":true,"href":"https:\/\/kupferspuren.at\/fr\/wp-json\/wp\/v2\/product_tag?post=2242"}],"curies":[{"name":"wp","href":"https:\/\/api.w.org\/{rel}","templated":true}]}}