{"id":25935,"date":"2025-01-20T09:38:21","date_gmt":"2025-01-20T08:38:21","guid":{"rendered":"https:\/\/kupferspuren.at\/produkt\/poignee-de-rechange-tabit\/"},"modified":"2025-08-28T14:45:41","modified_gmt":"2025-08-28T12:45:41","slug":"poignee-de-rechange-tabit","status":"publish","type":"product","link":"https:\/\/kupferspuren.at\/fr\/produkt\/poignee-de-rechange-tabit\/","title":{"rendered":"Poign\u00e9e de rechange TABIT"},"content":{"rendered":"<p>Poign\u00e9e de rechange en bois de h\u00eatre pour notre \u00ab\u00a0Daisy Grubber\u00a0\u00bb <a href=\"https:\/\/kupferspuren.at\/fr\/produkt\/daisy-grubber\/\">Tabit<\/a>.<\/p>\n<p>Trou de 8mm de diam\u00e8tre.<\/p>\n","protected":false},"excerpt":{"rendered":"<p>Poign\u00e9e de rechange en bois de h\u00eatre pour notre \u00ab\u00a0Daisy Grubber\u00a0\u00bb Tabit. Trou de 8mm de diam\u00e8tre.<\/p>\n","protected":false},"featured_media":0,"comment_status":"closed","ping_status":"closed","template":"","meta":[],"product_brand":[],"product_cat":[163],"product_tag":[],"class_list":{"0":"post-25935","1":"product","2":"type-product","3":"status-publish","5":"product_cat-poignees-de-rechange-et-divers-fr","7":"first","8":"instock","9":"taxable","10":"shipping-taxable","11":"purchasable","12":"product-type-simple"},"_links":{"self":[{"href":"https:\/\/kupferspuren.at\/fr\/wp-json\/wp\/v2\/product\/25935","targetHints":{"allow":["GET"]}}],"collection":[{"href":"https:\/\/kupferspuren.at\/fr\/wp-json\/wp\/v2\/product"}],"about":[{"href":"https:\/\/kupferspuren.at\/fr\/wp-json\/wp\/v2\/types\/product"}],"replies":[{"embeddable":true,"href":"https:\/\/kupferspuren.at\/fr\/wp-json\/wp\/v2\/comments?post=25935"}],"wp:attachment":[{"href":"https:\/\/kupferspuren.at\/fr\/wp-json\/wp\/v2\/media?parent=25935"}],"wp:term":[{"taxonomy":"product_brand","embeddable":true,"href":"https:\/\/kupferspuren.at\/fr\/wp-json\/wp\/v2\/product_brand?post=25935"},{"taxonomy":"product_cat","embeddable":true,"href":"https:\/\/kupferspuren.at\/fr\/wp-json\/wp\/v2\/product_cat?post=25935"},{"taxonomy":"product_tag","embeddable":true,"href":"https:\/\/kupferspuren.at\/fr\/wp-json\/wp\/v2\/product_tag?post=25935"}],"curies":[{"name":"wp","href":"https:\/\/api.w.org\/{rel}","templated":true}]}}