{"id":25940,"date":"2025-01-20T09:35:15","date_gmt":"2025-01-20T08:35:15","guid":{"rendered":"https:\/\/kupferspuren.at\/produkt\/poignee-de-rechange-scheddi\/"},"modified":"2025-08-28T14:45:42","modified_gmt":"2025-08-28T12:45:42","slug":"poignee-de-rechange-scheddi","status":"publish","type":"product","link":"https:\/\/kupferspuren.at\/fr\/produkt\/poignee-de-rechange-scheddi\/","title":{"rendered":"Poign\u00e9e de rechange SCHEDDI"},"content":{"rendered":"<p>Poign\u00e9e de rechange en bois de h\u00eatre pour la petite tirette<a href=\"https:\/\/kupferspuren.at\/fr\/produkt\/petit-sarcloir-a-tirer-scheddi\/\">\u00ab\u00a0Scheddi<\/a>\u00a0\u00bb<\/p>\n<p>Trou de 7mm de diam\u00e8tre.<\/p>\n<p>&nbsp;<\/p>\n","protected":false},"excerpt":{"rendered":"<p>Poign\u00e9e de rechange en bois de h\u00eatre pour la petite tirette\u00ab\u00a0Scheddi\u00a0\u00bb Trou de 7mm de diam\u00e8tre. &nbsp;<\/p>\n","protected":false},"featured_media":0,"comment_status":"closed","ping_status":"closed","template":"","meta":[],"product_brand":[],"product_cat":[163],"product_tag":[],"class_list":{"0":"post-25940","1":"product","2":"type-product","3":"status-publish","5":"product_cat-poignees-de-rechange-et-divers-fr","7":"first","8":"instock","9":"taxable","10":"shipping-taxable","11":"purchasable","12":"product-type-simple"},"_links":{"self":[{"href":"https:\/\/kupferspuren.at\/fr\/wp-json\/wp\/v2\/product\/25940","targetHints":{"allow":["GET"]}}],"collection":[{"href":"https:\/\/kupferspuren.at\/fr\/wp-json\/wp\/v2\/product"}],"about":[{"href":"https:\/\/kupferspuren.at\/fr\/wp-json\/wp\/v2\/types\/product"}],"replies":[{"embeddable":true,"href":"https:\/\/kupferspuren.at\/fr\/wp-json\/wp\/v2\/comments?post=25940"}],"wp:attachment":[{"href":"https:\/\/kupferspuren.at\/fr\/wp-json\/wp\/v2\/media?parent=25940"}],"wp:term":[{"taxonomy":"product_brand","embeddable":true,"href":"https:\/\/kupferspuren.at\/fr\/wp-json\/wp\/v2\/product_brand?post=25940"},{"taxonomy":"product_cat","embeddable":true,"href":"https:\/\/kupferspuren.at\/fr\/wp-json\/wp\/v2\/product_cat?post=25940"},{"taxonomy":"product_tag","embeddable":true,"href":"https:\/\/kupferspuren.at\/fr\/wp-json\/wp\/v2\/product_tag?post=25940"}],"curies":[{"name":"wp","href":"https:\/\/api.w.org\/{rel}","templated":true}]}}