{"id":25947,"date":"2022-09-27T11:55:34","date_gmt":"2022-09-27T09:55:34","guid":{"rendered":"https:\/\/kupferspuren.at\/produkt\/edition-speciale-perseus-etroite\/"},"modified":"2025-10-21T15:10:37","modified_gmt":"2025-10-21T13:10:37","slug":"edition-speciale-perseus-etroite","status":"publish","type":"product","link":"https:\/\/kupferspuren.at\/fr\/produkt\/edition-speciale-perseus-etroite\/","title":{"rendered":"\u00c9DITION SP\u00c9CIALE PERSEUS \u00e9troite"},"content":{"rendered":"<p><img loading=\"lazy\" decoding=\"async\" class=\"alignnone wp-image-18749 size-full\" src=\"https:\/\/kupferspuren.at\/wp-content\/uploads\/2022\/09\/Perseus-schmal-oben.jpg\" alt=\"\" width=\"527\" height=\"479\" srcset=\"https:\/\/kupferspuren.at\/wp-content\/uploads\/2022\/09\/Perseus-schmal-oben.jpg 527w, https:\/\/kupferspuren.at\/wp-content\/uploads\/2022\/09\/Perseus-schmal-oben-300x273.jpg 300w, https:\/\/kupferspuren.at\/wp-content\/uploads\/2022\/09\/Perseus-schmal-oben-416x378.jpg 416w, https:\/\/kupferspuren.at\/wp-content\/uploads\/2022\/09\/Perseus-schmal-oben-150x136.jpg 150w, https:\/\/kupferspuren.at\/wp-content\/uploads\/2022\/09\/Perseus-schmal-oben-324x294.jpg 324w\" sizes=\"auto, (max-width: 527px) 100vw, 527px\" \/><\/p>\n<p>Pour comparer avec le r\u00e2teau normal Perseus<img loading=\"lazy\" decoding=\"async\" class=\"alignnone wp-image-18757 \" src=\"https:\/\/kupferspuren.at\/wp-content\/uploads\/2022\/09\/Perseus-und-Perseus-mini.jpg\" alt=\"\" width=\"529\" height=\"705\" srcset=\"https:\/\/kupferspuren.at\/wp-content\/uploads\/2022\/09\/Perseus-und-Perseus-mini.jpg 700w, https:\/\/kupferspuren.at\/wp-content\/uploads\/2022\/09\/Perseus-und-Perseus-mini-300x400.jpg 300w, https:\/\/kupferspuren.at\/wp-content\/uploads\/2022\/09\/Perseus-und-Perseus-mini-600x800.jpg 600w, https:\/\/kupferspuren.at\/wp-content\/uploads\/2022\/09\/Perseus-und-Perseus-mini-225x300.jpg 225w, https:\/\/kupferspuren.at\/wp-content\/uploads\/2022\/09\/Perseus-und-Perseus-mini-113x150.jpg 113w, https:\/\/kupferspuren.at\/wp-content\/uploads\/2022\/09\/Perseus-und-Perseus-mini-324x432.jpg 324w, https:\/\/kupferspuren.at\/wp-content\/uploads\/2022\/09\/Perseus-und-Perseus-mini-416x554.jpg 416w\" sizes=\"auto, (max-width: 529px) 100vw, 529px\" \/><\/p>\n<p>&nbsp;<\/p>\n<p>&nbsp;<\/p>\n<p>Comparaison : de gauche \u00e0 droite : petit r\u00e2teau \u00ab\u00a0ATIK\u00a0\u00bb, r\u00e2teau<strong>\u00ab\u00a0PERSEUS \u00e9troit\u00a0\u00bb<\/strong>, r\u00e2teau \u00ab\u00a0PERSEUS\u00a0\u00bb. <\/p>\n<p><img loading=\"lazy\" decoding=\"async\" class=\"wp-image-18762 alignleft\" src=\"https:\/\/kupferspuren.at\/wp-content\/uploads\/2022\/09\/3xrechen.jpg\" alt=\"\" width=\"532\" height=\"452\" srcset=\"https:\/\/kupferspuren.at\/wp-content\/uploads\/2022\/09\/3xrechen.jpg 565w, https:\/\/kupferspuren.at\/wp-content\/uploads\/2022\/09\/3xrechen-300x255.jpg 300w, https:\/\/kupferspuren.at\/wp-content\/uploads\/2022\/09\/3xrechen-416x353.jpg 416w, https:\/\/kupferspuren.at\/wp-content\/uploads\/2022\/09\/3xrechen-150x127.jpg 150w, https:\/\/kupferspuren.at\/wp-content\/uploads\/2022\/09\/3xrechen-324x275.jpg 324w\" sizes=\"auto, (max-width: 532px) 100vw, 532px\" \/><\/p>\n<p>&nbsp;<\/p>\n<p>&nbsp;<\/p>\n","protected":false},"excerpt":{"rendered":"<p>Dans la limite des stocks disponibles !<\/p>\n<p>Alliage de cuivre <strong>massif<\/strong>, manche en bois de tilleul non trait\u00e9. 155 cm \/ 21,5 cm \/ 0,9 kg <\/p>\n","protected":false},"featured_media":18770,"comment_status":"closed","ping_status":"closed","template":"","meta":[],"product_brand":[],"product_cat":[163],"product_tag":[],"class_list":{"0":"post-25947","1":"product","2":"type-product","3":"status-publish","4":"has-post-thumbnail","6":"product_cat-poignees-de-rechange-et-divers-fr","8":"first","9":"outofstock","10":"taxable","11":"shipping-taxable","12":"purchasable","13":"product-type-simple"},"_links":{"self":[{"href":"https:\/\/kupferspuren.at\/fr\/wp-json\/wp\/v2\/product\/25947","targetHints":{"allow":["GET"]}}],"collection":[{"href":"https:\/\/kupferspuren.at\/fr\/wp-json\/wp\/v2\/product"}],"about":[{"href":"https:\/\/kupferspuren.at\/fr\/wp-json\/wp\/v2\/types\/product"}],"replies":[{"embeddable":true,"href":"https:\/\/kupferspuren.at\/fr\/wp-json\/wp\/v2\/comments?post=25947"}],"wp:featuredmedia":[{"embeddable":true,"href":"https:\/\/kupferspuren.at\/fr\/wp-json\/wp\/v2\/media\/18770"}],"wp:attachment":[{"href":"https:\/\/kupferspuren.at\/fr\/wp-json\/wp\/v2\/media?parent=25947"}],"wp:term":[{"taxonomy":"product_brand","embeddable":true,"href":"https:\/\/kupferspuren.at\/fr\/wp-json\/wp\/v2\/product_brand?post=25947"},{"taxonomy":"product_cat","embeddable":true,"href":"https:\/\/kupferspuren.at\/fr\/wp-json\/wp\/v2\/product_cat?post=25947"},{"taxonomy":"product_tag","embeddable":true,"href":"https:\/\/kupferspuren.at\/fr\/wp-json\/wp\/v2\/product_tag?post=25947"}],"curies":[{"name":"wp","href":"https:\/\/api.w.org\/{rel}","templated":true}]}}