{"id":25951,"date":"2022-11-15T08:28:39","date_gmt":"2022-11-15T07:28:39","guid":{"rendered":"https:\/\/kupferspuren.at\/produkt\/manche-pour-beche-pointue-carina\/"},"modified":"2025-08-28T14:46:32","modified_gmt":"2025-08-28T12:46:32","slug":"manche-pour-beche-pointue-carina","status":"publish","type":"product","link":"https:\/\/kupferspuren.at\/fr\/produkt\/manche-pour-beche-pointue-carina\/","title":{"rendered":"Manche pour b\u00eache pointue CARINA"},"content":{"rendered":"<p>\u00d8 3 cm<\/p>\n<p>&nbsp;<\/p>\n","protected":false},"excerpt":{"rendered":"<div class=\"csc-default\">\n<div>Manche en fr\u00eane non trait\u00e9, avec poign\u00e9e en h\u00eatre.<\/div>\n<div><a href=\"https:\/\/kupferspuren.at\/fr\/produkt\/mini-pelle-carina\/\">&gt;  075 CARINA petite b\u00eache pointue<\/a><\/div>\n<div><\/div>\n<\/div>\n<div id=\"c743\" class=\"csc-default\">\n<div class=\"csc-textpic csc-textpic-intext-right-nowrap\">\n<div>\n<div class=\"csc-textpic-text\">\n<p>&nbsp;<\/p>\n<\/div>\n<\/div>\n<\/div>\n<\/div>\n","protected":false},"featured_media":19110,"comment_status":"closed","ping_status":"closed","template":"","meta":[],"product_brand":[],"product_cat":[163],"product_tag":[],"class_list":{"0":"post-25951","1":"product","2":"type-product","3":"status-publish","4":"has-post-thumbnail","6":"product_cat-poignees-de-rechange-et-divers-fr","8":"first","9":"instock","10":"taxable","11":"shipping-taxable","12":"purchasable","13":"product-type-simple"},"_links":{"self":[{"href":"https:\/\/kupferspuren.at\/fr\/wp-json\/wp\/v2\/product\/25951","targetHints":{"allow":["GET"]}}],"collection":[{"href":"https:\/\/kupferspuren.at\/fr\/wp-json\/wp\/v2\/product"}],"about":[{"href":"https:\/\/kupferspuren.at\/fr\/wp-json\/wp\/v2\/types\/product"}],"replies":[{"embeddable":true,"href":"https:\/\/kupferspuren.at\/fr\/wp-json\/wp\/v2\/comments?post=25951"}],"wp:featuredmedia":[{"embeddable":true,"href":"https:\/\/kupferspuren.at\/fr\/wp-json\/wp\/v2\/media\/19110"}],"wp:attachment":[{"href":"https:\/\/kupferspuren.at\/fr\/wp-json\/wp\/v2\/media?parent=25951"}],"wp:term":[{"taxonomy":"product_brand","embeddable":true,"href":"https:\/\/kupferspuren.at\/fr\/wp-json\/wp\/v2\/product_brand?post=25951"},{"taxonomy":"product_cat","embeddable":true,"href":"https:\/\/kupferspuren.at\/fr\/wp-json\/wp\/v2\/product_cat?post=25951"},{"taxonomy":"product_tag","embeddable":true,"href":"https:\/\/kupferspuren.at\/fr\/wp-json\/wp\/v2\/product_tag?post=25951"}],"curies":[{"name":"wp","href":"https:\/\/api.w.org\/{rel}","templated":true}]}}