{"id":9909,"date":"2019-05-13T08:41:49","date_gmt":"2019-05-13T06:41:49","guid":{"rendered":"https:\/\/kupferspuren.at\/produkt\/la-pioche-atlas\/"},"modified":"2025-08-28T14:46:42","modified_gmt":"2025-08-28T12:46:42","slug":"la-pioche-atlas","status":"publish","type":"product","link":"https:\/\/kupferspuren.at\/fr\/produkt\/la-pioche-atlas\/","title":{"rendered":"Piolet de jardin ATLAS"},"content":{"rendered":"<p>Mat\u00e9riau : bronze d&rsquo;aluminium de 8 mm d&rsquo;\u00e9paisseur<br \/>\nPoids : 1,9 kg<\/p>\n<p>\u00c9galement appel\u00e9es crampons.<\/p>\n<p><img loading=\"lazy\" decoding=\"async\" class=\"alignnone wp-image-9475 size-full\" src=\"https:\/\/kupferspuren.at\/wp-content\/uploads\/2019\/05\/Atlas-Pick.jpg\" alt=\"\" width=\"700\" height=\"700\" srcset=\"https:\/\/kupferspuren.at\/wp-content\/uploads\/2019\/05\/Atlas-Pick.jpg 700w, https:\/\/kupferspuren.at\/wp-content\/uploads\/2019\/05\/Atlas-Pick-300x300.jpg 300w, https:\/\/kupferspuren.at\/wp-content\/uploads\/2019\/05\/Atlas-Pick-100x100.jpg 100w, https:\/\/kupferspuren.at\/wp-content\/uploads\/2019\/05\/Atlas-Pick-600x600.jpg 600w, https:\/\/kupferspuren.at\/wp-content\/uploads\/2019\/05\/Atlas-Pick-150x150.jpg 150w, https:\/\/kupferspuren.at\/wp-content\/uploads\/2019\/05\/Atlas-Pick-324x324.jpg 324w, https:\/\/kupferspuren.at\/wp-content\/uploads\/2019\/05\/Atlas-Pick-416x416.jpg 416w\" sizes=\"auto, (max-width: 700px) 100vw, 700px\" \/><\/p>\n<p><a href=\"https:\/\/kupferspuren.at\/fr\/produkt\/eschenholz-stiel-unbehandelt\/\"><span style=\"color: #808000;\">&gt;PI\u00c8CE DE RECHANGE<\/span><\/a><\/p>\n<h1>Avantages<\/h1>\n<ul>\n<li><b>Aucun entretien<\/b> n\u00e9cessaire.<\/li>\n<li><b>Pas de formation de rouille <\/b>(pas de vert-de-gris non plus ! voir <a href=\"https:\/\/kupferspuren.at\/fr\/information\/cuivre\/verdigris-et-patine\/\">Vert-de-gris ou patine<\/a>? ).<\/li>\n<li>Ils peuvent \u00eatre r\u00e9aff\u00fbt\u00e9s ou \u00e9barb\u00e9s.<\/li>\n<li>Ils ont une <b>dur\u00e9e de vie<\/b> incomparablement <b>plus longue<\/b> que les appareils en fer.<\/li>\n<li>Le travail avec des outils de jardinage en cuivre <b>n\u00e9cessite moins d&rsquo;efforts en<\/b> raison des propri\u00e9t\u00e9s du mat\u00e9riau <b>.<\/b><\/li>\n<li>Ne peut <b>pas<\/b> \u00eatre charg\u00e9 <b>magn\u00e9tiquement<\/b>. Le champ de tension naturel dans notre milieu de culture est \u00e0 peine perturb\u00e9 par l&rsquo;intervention d&rsquo;outils de jardinage en cuivre. Cela am\u00e9liore l&rsquo;\u00e9quilibre hydrique du sol et le comportement des escargots (voir : <a href=\"https:\/\/kupferspuren.at\/fr\/information\/cuivre\/effets\/jane-cobbald-wie-ich-schnecken-schaetzen-lernte\/\">Jane Cobbald<\/a>).  <\/li>\n<li>Gr\u00e2ce aux exp\u00e9riences du naturaliste <a href=\"http:\/\/www.pks.or.at\" target=\"_blank\" rel=\"noopener noreferrer\"><b>Viktor Schauberger<\/b><\/a> dans les ann\u00e9es 50, a permis de d\u00e9montrer l&rsquo;am\u00e9lioration du sol et la stimulation de la croissance qui en d\u00e9coule.<\/li>\n<li>L&rsquo;abrasion apporte <b>des oligo-\u00e9l\u00e9ments de cuivre<\/b>dans le sol, qui jouent un r\u00f4le essentiel dans les processus enzymatiques : voir <a href=\"https:\/\/kupferspuren.at\/fr\/information\/cuivre\/kupfer-und-wachstum\/\">\u00ab\u00a0Cuivre et croissance\u00a0\u00bb.<\/a><\/li>\n<li><b>Plus de 20 ans d&rsquo;exp\u00e9rience<\/b> dans la production.<br \/>\nDes jardiniers et jardini\u00e8res enthousiastes <b>confirment notre qualit\u00e9<\/b>.<\/li>\n<\/ul>\n<p>&nbsp;<\/p>\n","protected":false},"excerpt":{"rendered":"<p>Pour travailler les sols durs.<br \/>\nAlliage de cuivre <strong>massif<\/strong>, manche ergonomique non trait\u00e9 en bois de fr\u00eane. 127 cm \/ 27 cm \/ 4-9 cm \/ 1.9 kg <\/p>\n","protected":false},"featured_media":27003,"comment_status":"open","ping_status":"closed","template":"","meta":[],"product_brand":[],"product_cat":[175],"product_tag":[256,439,438],"class_list":{"0":"post-9909","1":"product","2":"type-product","3":"status-publish","4":"has-post-thumbnail","6":"product_cat-grands-outils-en-cuivre-fr","7":"product_tag-bronze-fr","8":"product_tag-cuivre","9":"product_tag-pioche","11":"first","12":"instock","13":"taxable","14":"shipping-taxable","15":"purchasable","16":"product-type-simple"},"_links":{"self":[{"href":"https:\/\/kupferspuren.at\/fr\/wp-json\/wp\/v2\/product\/9909","targetHints":{"allow":["GET"]}}],"collection":[{"href":"https:\/\/kupferspuren.at\/fr\/wp-json\/wp\/v2\/product"}],"about":[{"href":"https:\/\/kupferspuren.at\/fr\/wp-json\/wp\/v2\/types\/product"}],"replies":[{"embeddable":true,"href":"https:\/\/kupferspuren.at\/fr\/wp-json\/wp\/v2\/comments?post=9909"}],"wp:featuredmedia":[{"embeddable":true,"href":"https:\/\/kupferspuren.at\/fr\/wp-json\/wp\/v2\/media\/27003"}],"wp:attachment":[{"href":"https:\/\/kupferspuren.at\/fr\/wp-json\/wp\/v2\/media?parent=9909"}],"wp:term":[{"taxonomy":"product_brand","embeddable":true,"href":"https:\/\/kupferspuren.at\/fr\/wp-json\/wp\/v2\/product_brand?post=9909"},{"taxonomy":"product_cat","embeddable":true,"href":"https:\/\/kupferspuren.at\/fr\/wp-json\/wp\/v2\/product_cat?post=9909"},{"taxonomy":"product_tag","embeddable":true,"href":"https:\/\/kupferspuren.at\/fr\/wp-json\/wp\/v2\/product_tag?post=9909"}],"curies":[{"name":"wp","href":"https:\/\/api.w.org\/{rel}","templated":true}]}}